{"id":9939,"date":"2019-12-08T23:02:05","date_gmt":"2019-12-09T04:02:05","guid":{"rendered":"https:\/\/fittingsgo.com\/product\/reducteur-tuyau-a-tuyau\/"},"modified":"2020-08-01T08:49:02","modified_gmt":"2020-08-01T13:49:02","slug":"reducteur-tuyau-a-tuyau","status":"publish","type":"product","link":"https:\/\/fittingsgo.com\/fr\/produit\/reducteur-tuyau-a-tuyau\/","title":{"rendered":"R\u00e9ducteur tuyau \u00e0 tuyau"},"content":{"rendered":"<p>41922, 41927, 41929, 41934, 41886, 41941, 41943, 41952, 41958, 41961, 41973, 41687, 41981, 41989, 41894, 41898, 41879, 41998<\/p>\n<p>Besoin d\u2019aide? Voici une le\u00e7on rapide sur le dimensionnement de la tuyauterie d\u2019\u00e9chappement d\u2019automobile.<br \/>\n\u2013 Les composants tels que les silencieux, les convertisseurs catalytiques et les r\u00e9sonateurs sont g\u00e9n\u00e9ralement mesur\u00e9s en tailles I.D.<br \/>\n\u2013 Les tuyaux tels que les tuyaux d\u2019extension et les queux sont mesur\u00e9s en tailles O.D.<br \/>\nBien que les deux types de pi\u00e8ces poss\u00e8dent le m\u00eame diam\u00e8tre annonc\u00e9, les tuyaux sont destin\u00e9s \u00e0 glisser dans les composants.<\/p>\n<div id=\"themify_builder_content-9939\" data-postid=\"9939\" class=\"themify_builder_content themify_builder_content-9939 themify_builder\">\n    <\/div>\n<!-- \/themify_builder_content -->\n","protected":false},"excerpt":{"rendered":"<p>R\u00e9duit O.D. tuyau et \/ ou tube de taille diff\u00e9rente.<br \/>\nLe connecteur n&#8217;inclut pas les tuyaux.<br \/>\nFabriqu\u00e9 par Walker<\/p>\n","protected":false},"featured_media":9938,"comment_status":"open","ping_status":"closed","template":"","meta":[],"product_brand":[],"product_cat":[178],"product_tag":[180,189,177,179],"class_list":{"0":"post-9939","1":"product","2":"type-product","3":"status-publish","4":"has-post-thumbnail","6":"product_cat-echappement","7":"product_tag-automotive-fr","8":"product_tag-fournitures-datelier","9":"product_tag-pieces-dautos","10":"product_tag-tuyau","11":"has-post-title","12":"has-post-date","13":"has-post-category","14":"has-post-tag","15":"has-post-comment","16":"has-post-author","17":"","18":"fullcover","20":"first","21":"instock","22":"taxable","23":"shipping-taxable","24":"purchasable","25":"product-type-variable"},"jetpack_sharing_enabled":true,"builder_content":"","_links":{"self":[{"href":"https:\/\/fittingsgo.com\/fr\/wp-json\/wp\/v2\/product\/9939","targetHints":{"allow":["GET"]}}],"collection":[{"href":"https:\/\/fittingsgo.com\/fr\/wp-json\/wp\/v2\/product"}],"about":[{"href":"https:\/\/fittingsgo.com\/fr\/wp-json\/wp\/v2\/types\/product"}],"replies":[{"embeddable":true,"href":"https:\/\/fittingsgo.com\/fr\/wp-json\/wp\/v2\/comments?post=9939"}],"wp:featuredmedia":[{"embeddable":true,"href":"https:\/\/fittingsgo.com\/fr\/wp-json\/wp\/v2\/media\/9938"}],"wp:attachment":[{"href":"https:\/\/fittingsgo.com\/fr\/wp-json\/wp\/v2\/media?parent=9939"}],"wp:term":[{"taxonomy":"product_brand","embeddable":true,"href":"https:\/\/fittingsgo.com\/fr\/wp-json\/wp\/v2\/product_brand?post=9939"},{"taxonomy":"product_cat","embeddable":true,"href":"https:\/\/fittingsgo.com\/fr\/wp-json\/wp\/v2\/product_cat?post=9939"},{"taxonomy":"product_tag","embeddable":true,"href":"https:\/\/fittingsgo.com\/fr\/wp-json\/wp\/v2\/product_tag?post=9939"}],"curies":[{"name":"wp","href":"https:\/\/api.w.org\/{rel}","templated":true}]}}