{"id":9825,"date":"2019-12-08T20:12:37","date_gmt":"2019-12-09T01:12:37","guid":{"rendered":"https:\/\/fittingsgo.com\/product\/connecteur-de-composant-a-tuyau\/"},"modified":"2020-07-06T21:34:00","modified_gmt":"2020-07-07T02:34:00","slug":"connecteur-composant-a-tuyau","status":"publish","type":"product","link":"https:\/\/fittingsgo.com\/fr\/produit\/connecteur-composant-a-tuyau\/","title":{"rendered":"Connecteur composant \u00e0 tuyau de m\u00eame taille"},"content":{"rendered":"<p>41810, 41920, 41882, 41931, 41759, 41944, 41902, 41947, 51126, 41954, 41956, 41965, 41966, 42596, 41811, 41970, 41976, 42606, 41978, 41983, 42127, 41896, 42891, 42531, 41897, 42126, 42530, 41889<\/p>\n<p>Besoin d&#8217;aide? Voici une le\u00e7on rapide sur le dimensionnement de la tuyauterie d&#8217;\u00e9chappement d&#8217;automobile.<br \/>\n&#8211; Les composants tels que les silencieux, les convertisseurs catalytiques et les r\u00e9sonateurs sont g\u00e9n\u00e9ralement mesur\u00e9s en tailles I.D.<br \/>\n&#8211; Les tuyaux tels que les tuyaux d&#8217;extension et les queux sont mesur\u00e9s en tailles O.D.<br \/>\nBien que les deux types de pi\u00e8ces poss\u00e8dent le m\u00eame diam\u00e8tre annonc\u00e9, les tuyaux sont destin\u00e9s \u00e0 glisser dans les composants.<\/p>\n<div id=\"themify_builder_content-9825\" data-postid=\"9825\" class=\"themify_builder_content themify_builder_content-9825 themify_builder\">\n    <\/div>\n<!-- \/themify_builder_content -->\n","protected":false},"excerpt":{"rendered":"<p>Connecte des composants I.D. avec les tuyaux O.D. de m\u00eame taille.<br \/>\nConnecteur uniquement; bride et rallonge non incluses.<br \/>\nFabriqu\u00e9 par Walker<\/p>\n","protected":false},"featured_media":9824,"comment_status":"open","ping_status":"closed","template":"","meta":[],"product_brand":[],"product_cat":[178],"product_tag":[180,189,177,179],"class_list":{"0":"post-9825","1":"product","2":"type-product","3":"status-publish","4":"has-post-thumbnail","6":"product_cat-echappement","7":"product_tag-automotive-fr","8":"product_tag-fournitures-datelier","9":"product_tag-pieces-dautos","10":"product_tag-tuyau","11":"has-post-title","12":"has-post-date","13":"has-post-category","14":"has-post-tag","15":"has-post-comment","16":"has-post-author","17":"","18":"fullcover","20":"first","21":"instock","22":"taxable","23":"shipping-taxable","24":"purchasable","25":"product-type-variable"},"jetpack_sharing_enabled":true,"builder_content":"","_links":{"self":[{"href":"https:\/\/fittingsgo.com\/fr\/wp-json\/wp\/v2\/product\/9825","targetHints":{"allow":["GET"]}}],"collection":[{"href":"https:\/\/fittingsgo.com\/fr\/wp-json\/wp\/v2\/product"}],"about":[{"href":"https:\/\/fittingsgo.com\/fr\/wp-json\/wp\/v2\/types\/product"}],"replies":[{"embeddable":true,"href":"https:\/\/fittingsgo.com\/fr\/wp-json\/wp\/v2\/comments?post=9825"}],"wp:featuredmedia":[{"embeddable":true,"href":"https:\/\/fittingsgo.com\/fr\/wp-json\/wp\/v2\/media\/9824"}],"wp:attachment":[{"href":"https:\/\/fittingsgo.com\/fr\/wp-json\/wp\/v2\/media?parent=9825"}],"wp:term":[{"taxonomy":"product_brand","embeddable":true,"href":"https:\/\/fittingsgo.com\/fr\/wp-json\/wp\/v2\/product_brand?post=9825"},{"taxonomy":"product_cat","embeddable":true,"href":"https:\/\/fittingsgo.com\/fr\/wp-json\/wp\/v2\/product_cat?post=9825"},{"taxonomy":"product_tag","embeddable":true,"href":"https:\/\/fittingsgo.com\/fr\/wp-json\/wp\/v2\/product_tag?post=9825"}],"curies":[{"name":"wp","href":"https:\/\/api.w.org\/{rel}","templated":true}]}}