{"id":9675,"date":"2019-12-07T17:48:54","date_gmt":"2019-12-07T22:48:54","guid":{"rendered":"https:\/\/fittingsgo.com\/product\/boulons-de-maintien-style-l\/"},"modified":"2019-12-07T18:20:32","modified_gmt":"2019-12-07T23:20:32","slug":"boulons-de-maintien-style-l","status":"publish","type":"product","link":"https:\/\/fittingsgo.com\/fr\/produit\/boulons-de-maintien-style-l\/","title":{"rendered":"Boulons de maintien style \u00abL\u00bb"},"content":{"rendered":"<p>872-PR, 872PR<\/p>\n<div id=\"themify_builder_content-9675\" data-postid=\"9675\" class=\"themify_builder_content themify_builder_content-9675 themify_builder\">\n    <\/div>\n<!-- \/themify_builder_content -->\n","protected":false},"excerpt":{"rendered":"<p>10 po x 1\/4 po style \u00abL\u00bb<br \/>\nBoulons en acier tremp\u00e9 \u00e9pais avec \u00e9crous \u00e0 oreilles pour un montage rapide et facile. Rondelles incluses.<br \/>\n1 paire.<br \/>\nFabriqu\u00e9 par Pico<\/p>\n","protected":false},"featured_media":9674,"comment_status":"open","ping_status":"closed","template":"","meta":[],"product_brand":[],"product_cat":[513],"product_tag":[180,189,177],"class_list":{"0":"post-9675","1":"product","2":"type-product","3":"status-publish","4":"has-post-thumbnail","6":"product_cat-boulons-de-maintien","7":"product_tag-automotive-fr","8":"product_tag-fournitures-datelier","9":"product_tag-pieces-dautos","10":"has-post-title","11":"has-post-date","12":"has-post-category","13":"has-post-tag","14":"has-post-comment","15":"has-post-author","16":"","17":"fullcover","19":"first","20":"instock","21":"taxable","22":"shipping-taxable","23":"purchasable","24":"product-type-simple"},"jetpack_sharing_enabled":true,"builder_content":"","_links":{"self":[{"href":"https:\/\/fittingsgo.com\/fr\/wp-json\/wp\/v2\/product\/9675","targetHints":{"allow":["GET"]}}],"collection":[{"href":"https:\/\/fittingsgo.com\/fr\/wp-json\/wp\/v2\/product"}],"about":[{"href":"https:\/\/fittingsgo.com\/fr\/wp-json\/wp\/v2\/types\/product"}],"replies":[{"embeddable":true,"href":"https:\/\/fittingsgo.com\/fr\/wp-json\/wp\/v2\/comments?post=9675"}],"wp:featuredmedia":[{"embeddable":true,"href":"https:\/\/fittingsgo.com\/fr\/wp-json\/wp\/v2\/media\/9674"}],"wp:attachment":[{"href":"https:\/\/fittingsgo.com\/fr\/wp-json\/wp\/v2\/media?parent=9675"}],"wp:term":[{"taxonomy":"product_brand","embeddable":true,"href":"https:\/\/fittingsgo.com\/fr\/wp-json\/wp\/v2\/product_brand?post=9675"},{"taxonomy":"product_cat","embeddable":true,"href":"https:\/\/fittingsgo.com\/fr\/wp-json\/wp\/v2\/product_cat?post=9675"},{"taxonomy":"product_tag","embeddable":true,"href":"https:\/\/fittingsgo.com\/fr\/wp-json\/wp\/v2\/product_tag?post=9675"}],"curies":[{"name":"wp","href":"https:\/\/api.w.org\/{rel}","templated":true}]}}