{"id":9665,"date":"2019-12-07T13:02:31","date_gmt":"2019-12-07T18:02:31","guid":{"rendered":"https:\/\/fittingsgo.com\/product\/boitier-de-batterie-scelle\/"},"modified":"2019-12-07T13:09:43","modified_gmt":"2019-12-07T18:09:43","slug":"boitier-de-batterie-scelle","status":"publish","type":"product","link":"https:\/\/fittingsgo.com\/fr\/produit\/boitier-de-batterie-scelle\/","title":{"rendered":"Bo\u00eetier de batterie scell\u00e9"},"content":{"rendered":"<p>&#8211; Id\u00e9al pour d\u00e9placer une batterie \u00e0 l&#8217;arri\u00e8re de tout v\u00e9hicule de course, de rue ou d&#8217;exposition avec ou sans pare-feu arri\u00e8re<br \/>\n&#8211; Enti\u00e8rement approuv\u00e9 pour les courses par NHRA, IHRA et SCCA<br \/>\n&#8211; Comprend des \u0153illets et tout le mat\u00e9riel de montage<br \/>\n74051, 74050 (bleu, discontinu\u00e9)<\/p>\n<div id=\"themify_builder_content-9665\" data-postid=\"9665\" class=\"themify_builder_content themify_builder_content-9665 themify_builder\">\n    <\/div>\n<!-- \/themify_builder_content -->\n","protected":false},"excerpt":{"rendered":"<p>&#8211; Peut contenir une batterie des s\u00e9ries 21, 24, 26, 34, 42, 54, 55, 56, 61, 62, 63, 85, 86, 96R avec des bornes sup\u00e9rieures ou lat\u00e9rales.<br \/>\n&#8211; Dimensions ext\u00e9rieures: 13-1 \/ 8 po L x 11-1 \/ 8 po P x 11-1 \/ 8 po<br \/>\nManuel (en anglais seulement): <a href=\"https:\/\/fittingsgo.com\/wp-content\/uploads\/2019\/12\/74051_inst.pdf\" target=\"_blank\" rel=\"noopener noreferrer\">74051_inst<\/a><br \/>\nFabriqu\u00e9 par Moroso<\/p>\n","protected":false},"featured_media":9662,"comment_status":"open","ping_status":"closed","template":"","meta":[],"product_brand":[],"product_cat":[510],"product_tag":[180,189,177],"class_list":{"0":"post-9665","1":"product","2":"type-product","3":"status-publish","4":"has-post-thumbnail","6":"product_cat-boites-de-batterie","7":"product_tag-automotive-fr","8":"product_tag-fournitures-datelier","9":"product_tag-pieces-dautos","10":"has-post-title","11":"has-post-date","12":"has-post-category","13":"has-post-tag","14":"has-post-comment","15":"has-post-author","16":"","17":"fullcover","19":"first","20":"outofstock","21":"taxable","22":"shipping-taxable","23":"purchasable","24":"product-type-simple"},"jetpack_sharing_enabled":true,"builder_content":"","_links":{"self":[{"href":"https:\/\/fittingsgo.com\/fr\/wp-json\/wp\/v2\/product\/9665","targetHints":{"allow":["GET"]}}],"collection":[{"href":"https:\/\/fittingsgo.com\/fr\/wp-json\/wp\/v2\/product"}],"about":[{"href":"https:\/\/fittingsgo.com\/fr\/wp-json\/wp\/v2\/types\/product"}],"replies":[{"embeddable":true,"href":"https:\/\/fittingsgo.com\/fr\/wp-json\/wp\/v2\/comments?post=9665"}],"wp:featuredmedia":[{"embeddable":true,"href":"https:\/\/fittingsgo.com\/fr\/wp-json\/wp\/v2\/media\/9662"}],"wp:attachment":[{"href":"https:\/\/fittingsgo.com\/fr\/wp-json\/wp\/v2\/media?parent=9665"}],"wp:term":[{"taxonomy":"product_brand","embeddable":true,"href":"https:\/\/fittingsgo.com\/fr\/wp-json\/wp\/v2\/product_brand?post=9665"},{"taxonomy":"product_cat","embeddable":true,"href":"https:\/\/fittingsgo.com\/fr\/wp-json\/wp\/v2\/product_cat?post=9665"},{"taxonomy":"product_tag","embeddable":true,"href":"https:\/\/fittingsgo.com\/fr\/wp-json\/wp\/v2\/product_tag?post=9665"}],"curies":[{"name":"wp","href":"https:\/\/api.w.org\/{rel}","templated":true}]}}