{"id":9652,"date":"2019-12-07T12:34:58","date_gmt":"2019-12-07T17:34:58","guid":{"rendered":"https:\/\/fittingsgo.com\/product\/boite-de-batterie\/"},"modified":"2019-12-07T12:50:03","modified_gmt":"2019-12-07T17:50:03","slug":"boite-de-batterie-ventilee","status":"publish","type":"product","link":"https:\/\/fittingsgo.com\/fr\/produit\/boite-de-batterie-ventilee\/","title":{"rendered":"Bo\u00eete de batterie ventil\u00e9e"},"content":{"rendered":"<p>730-31, 731-31, 732-31, 73031, 73131, 73231<\/p>\n<div id=\"themify_builder_content-9652\" data-postid=\"9652\" class=\"themify_builder_content themify_builder_content-9652 themify_builder\">\n    <\/div>\n<!-- \/themify_builder_content -->\n","protected":false},"excerpt":{"rendered":"<p>Le bo\u00eetier en polypropyl\u00e8ne prot\u00e8ge la batterie dans les applications marines et commerciales. Ventil\u00e9 pour la s\u00e9curit\u00e9. Comprend tout le mat\u00e9riel d&#8217;installation.<br \/>\nFabriqu\u00e9 par Pico<\/p>\n","protected":false},"featured_media":9649,"comment_status":"open","ping_status":"closed","template":"","meta":[],"product_brand":[],"product_cat":[510],"product_tag":[180,189,177],"class_list":{"0":"post-9652","1":"product","2":"type-product","3":"status-publish","4":"has-post-thumbnail","6":"product_cat-boites-de-batterie","7":"product_tag-automotive-fr","8":"product_tag-fournitures-datelier","9":"product_tag-pieces-dautos","10":"has-post-title","11":"has-post-date","12":"has-post-category","13":"has-post-tag","14":"has-post-comment","15":"has-post-author","16":"","17":"fullcover","19":"first","20":"instock","21":"taxable","22":"shipping-taxable","23":"purchasable","24":"product-type-variable"},"jetpack_sharing_enabled":true,"builder_content":"","_links":{"self":[{"href":"https:\/\/fittingsgo.com\/fr\/wp-json\/wp\/v2\/product\/9652","targetHints":{"allow":["GET"]}}],"collection":[{"href":"https:\/\/fittingsgo.com\/fr\/wp-json\/wp\/v2\/product"}],"about":[{"href":"https:\/\/fittingsgo.com\/fr\/wp-json\/wp\/v2\/types\/product"}],"replies":[{"embeddable":true,"href":"https:\/\/fittingsgo.com\/fr\/wp-json\/wp\/v2\/comments?post=9652"}],"wp:featuredmedia":[{"embeddable":true,"href":"https:\/\/fittingsgo.com\/fr\/wp-json\/wp\/v2\/media\/9649"}],"wp:attachment":[{"href":"https:\/\/fittingsgo.com\/fr\/wp-json\/wp\/v2\/media?parent=9652"}],"wp:term":[{"taxonomy":"product_brand","embeddable":true,"href":"https:\/\/fittingsgo.com\/fr\/wp-json\/wp\/v2\/product_brand?post=9652"},{"taxonomy":"product_cat","embeddable":true,"href":"https:\/\/fittingsgo.com\/fr\/wp-json\/wp\/v2\/product_cat?post=9652"},{"taxonomy":"product_tag","embeddable":true,"href":"https:\/\/fittingsgo.com\/fr\/wp-json\/wp\/v2\/product_tag?post=9652"}],"curies":[{"name":"wp","href":"https:\/\/api.w.org\/{rel}","templated":true}]}}