{"id":9553,"date":"2019-12-04T21:35:40","date_gmt":"2019-12-05T02:35:40","guid":{"rendered":"https:\/\/fittingsgo.com\/product\/douille-de-bougie-dallumage-de-13-16-po\/"},"modified":"2019-12-04T21:36:26","modified_gmt":"2019-12-05T02:36:26","slug":"douille-de-bougie-dallumage-de-13-16-po","status":"publish","type":"product","link":"https:\/\/fittingsgo.com\/fr\/produit\/douille-de-bougie-dallumage-de-13-16-po\/","title":{"rendered":"Douille de bougie d\u2019allumage de 13\/16 po"},"content":{"rendered":"<p>W38164<\/p>\n<div id=\"themify_builder_content-9553\" data-postid=\"9553\" class=\"themify_builder_content themify_builder_content-9553 themify_builder\">\n    <\/div>\n<!-- \/themify_builder_content -->\n","protected":false},"excerpt":{"rendered":"<p>3\/8 po drive DOUILLE DE BOUGIE<br \/>\n\u2013 Construction en acier alli\u00e9 au chrome-vanadium pour plus de solidit\u00e9 et de durabilit\u00e9.<br \/>\n\u2013 Les ouvertures de douille sont con\u00e7ues pour r\u00e9duire l\u2019arrondi des fixations.<br \/>\n\u2013 Le fini nickel chrom\u00e9 poli r\u00e9siste \u00e0 la corrosion.<br \/>\n\u2013 L\u2019insert en caoutchouc maintient et prot\u00e8ge les bouchons.<br \/>\n\u2013 bords en retrait<br \/>\nFabriqu\u00e9 par Performance Tool<\/p>\n","protected":false},"featured_media":9552,"comment_status":"open","ping_status":"closed","template":"","meta":[],"product_brand":[],"product_cat":[220],"product_tag":[180,189,177],"class_list":{"0":"post-9553","1":"product","2":"type-product","3":"status-publish","4":"has-post-thumbnail","6":"product_cat-outils-de-bougie-allumage-et-sondes-oxygene","7":"product_tag-automotive-fr","8":"product_tag-fournitures-datelier","9":"product_tag-pieces-dautos","10":"has-post-title","11":"has-post-date","12":"has-post-category","13":"has-post-tag","14":"has-post-comment","15":"has-post-author","16":"","17":"fullcover","19":"first","20":"instock","21":"taxable","22":"shipping-taxable","23":"purchasable","24":"product-type-simple"},"jetpack_sharing_enabled":true,"builder_content":"","_links":{"self":[{"href":"https:\/\/fittingsgo.com\/fr\/wp-json\/wp\/v2\/product\/9553","targetHints":{"allow":["GET"]}}],"collection":[{"href":"https:\/\/fittingsgo.com\/fr\/wp-json\/wp\/v2\/product"}],"about":[{"href":"https:\/\/fittingsgo.com\/fr\/wp-json\/wp\/v2\/types\/product"}],"replies":[{"embeddable":true,"href":"https:\/\/fittingsgo.com\/fr\/wp-json\/wp\/v2\/comments?post=9553"}],"wp:featuredmedia":[{"embeddable":true,"href":"https:\/\/fittingsgo.com\/fr\/wp-json\/wp\/v2\/media\/9552"}],"wp:attachment":[{"href":"https:\/\/fittingsgo.com\/fr\/wp-json\/wp\/v2\/media?parent=9553"}],"wp:term":[{"taxonomy":"product_brand","embeddable":true,"href":"https:\/\/fittingsgo.com\/fr\/wp-json\/wp\/v2\/product_brand?post=9553"},{"taxonomy":"product_cat","embeddable":true,"href":"https:\/\/fittingsgo.com\/fr\/wp-json\/wp\/v2\/product_cat?post=9553"},{"taxonomy":"product_tag","embeddable":true,"href":"https:\/\/fittingsgo.com\/fr\/wp-json\/wp\/v2\/product_tag?post=9553"}],"curies":[{"name":"wp","href":"https:\/\/api.w.org\/{rel}","templated":true}]}}