{"id":9549,"date":"2019-12-04T21:30:36","date_gmt":"2019-12-05T02:30:36","guid":{"rendered":"https:\/\/fittingsgo.com\/product\/douille-de-bougie-dallumage-de-5-8-po\/"},"modified":"2019-12-04T21:32:37","modified_gmt":"2019-12-05T02:32:37","slug":"douille-de-bougie-dallumage-de-5-8-po","status":"publish","type":"product","link":"https:\/\/fittingsgo.com\/fr\/produit\/douille-de-bougie-dallumage-de-5-8-po\/","title":{"rendered":"Douille de bougie d&#8217;allumage de 5\/8 po"},"content":{"rendered":"<p>W38160<\/p>\n<div id=\"themify_builder_content-9549\" data-postid=\"9549\" class=\"themify_builder_content themify_builder_content-9549 themify_builder\">\n    <\/div>\n<!-- \/themify_builder_content -->\n","protected":false},"excerpt":{"rendered":"<p>3\/8 po drive DOUILLE DE BOUGIE<br \/>\n&#8211; Construction en acier alli\u00e9 au chrome-vanadium pour plus de solidit\u00e9 et de durabilit\u00e9.<br \/>\n&#8211; Les ouvertures de douille sont con\u00e7ues pour r\u00e9duire l&#8217;arrondi des fixations.<br \/>\n&#8211; Le fini nickel chrom\u00e9 poli r\u00e9siste \u00e0 la corrosion.<br \/>\n&#8211; L&#8217;insert en caoutchouc maintient et prot\u00e8ge les bouchons.<br \/>\n&#8211; bords en retrait<br \/>\nFabriqu\u00e9 par Performance Tool<\/p>\n","protected":false},"featured_media":9548,"comment_status":"open","ping_status":"closed","template":"","meta":[],"product_brand":[],"product_cat":[220],"product_tag":[180,189,177],"class_list":{"0":"post-9549","1":"product","2":"type-product","3":"status-publish","4":"has-post-thumbnail","6":"product_cat-outils-de-bougie-allumage-et-sondes-oxygene","7":"product_tag-automotive-fr","8":"product_tag-fournitures-datelier","9":"product_tag-pieces-dautos","10":"has-post-title","11":"has-post-date","12":"has-post-category","13":"has-post-tag","14":"has-post-comment","15":"has-post-author","16":"","17":"fullcover","19":"first","20":"instock","21":"taxable","22":"shipping-taxable","23":"purchasable","24":"product-type-simple"},"jetpack_sharing_enabled":true,"builder_content":"","_links":{"self":[{"href":"https:\/\/fittingsgo.com\/fr\/wp-json\/wp\/v2\/product\/9549","targetHints":{"allow":["GET"]}}],"collection":[{"href":"https:\/\/fittingsgo.com\/fr\/wp-json\/wp\/v2\/product"}],"about":[{"href":"https:\/\/fittingsgo.com\/fr\/wp-json\/wp\/v2\/types\/product"}],"replies":[{"embeddable":true,"href":"https:\/\/fittingsgo.com\/fr\/wp-json\/wp\/v2\/comments?post=9549"}],"wp:featuredmedia":[{"embeddable":true,"href":"https:\/\/fittingsgo.com\/fr\/wp-json\/wp\/v2\/media\/9548"}],"wp:attachment":[{"href":"https:\/\/fittingsgo.com\/fr\/wp-json\/wp\/v2\/media?parent=9549"}],"wp:term":[{"taxonomy":"product_brand","embeddable":true,"href":"https:\/\/fittingsgo.com\/fr\/wp-json\/wp\/v2\/product_brand?post=9549"},{"taxonomy":"product_cat","embeddable":true,"href":"https:\/\/fittingsgo.com\/fr\/wp-json\/wp\/v2\/product_cat?post=9549"},{"taxonomy":"product_tag","embeddable":true,"href":"https:\/\/fittingsgo.com\/fr\/wp-json\/wp\/v2\/product_tag?post=9549"}],"curies":[{"name":"wp","href":"https:\/\/api.w.org\/{rel}","templated":true}]}}