{"id":9202,"date":"2019-11-21T23:27:03","date_gmt":"2019-11-22T04:27:03","guid":{"rendered":"https:\/\/fittingsgo.com\/product\/5-pcs-extracteurs-de-vis-a-flute-spirale\/"},"modified":"2021-07-25T19:42:58","modified_gmt":"2021-07-26T00:42:58","slug":"5-pcs-extracteurs-de-vis-a-flute-spirale","status":"publish","type":"product","link":"https:\/\/fittingsgo.com\/fr\/produit\/5-pcs-extracteurs-de-vis-a-flute-spirale\/","title":{"rendered":"5 pcs. extracteurs de vis \u00e0 fl\u00fbte spirale"},"content":{"rendered":"<p>53535<\/p>\n<div id=\"themify_builder_content-9202\" data-postid=\"9202\" class=\"themify_builder_content themify_builder_content-9202 themify_builder\">\n    <\/div>\n<!-- \/themify_builder_content -->\n","protected":false},"excerpt":{"rendered":"<p>&#8211; Con\u00e7u pour enlever les goujons, boulons, vis \u00e0 six pans creux et raccords cass\u00e9s<br \/>\n&#8211; Conception en spirale gauche agressive pour un pouvoir de pr\u00e9hension accru<br \/>\n&#8211; Les fl\u00fbtes \u00e0 spirale sont con\u00e7ues pour s\u2019enfoncer plus profond\u00e9ment dans le m\u00e9tal lorsque vous tournez l\u2019outil. Ainsi, \u00e0 mesure que la r\u00e9sistance des attaches augmente, la prise de l\u2019extracteur augmente.<br \/>\n&#8211; La taille de l&#8217;extracteur et la taille de foret recommand\u00e9e sont grav\u00e9es sur chaque outil.<br \/>\nEX-1 \u00e0 EX-5<br \/>\nFabriqu\u00e9 par Irwin<\/p>\n","protected":false},"featured_media":9201,"comment_status":"open","ping_status":"closed","template":"","meta":[],"product_brand":[],"product_cat":[499],"product_tag":[180,189,177],"class_list":{"0":"post-9202","1":"product","2":"type-product","3":"status-publish","4":"has-post-thumbnail","6":"product_cat-extracteurs","7":"product_tag-automotive-fr","8":"product_tag-fournitures-datelier","9":"product_tag-pieces-dautos","10":"has-post-title","11":"has-post-date","12":"has-post-category","13":"has-post-tag","14":"has-post-comment","15":"has-post-author","16":"","17":"fullcover","19":"first","20":"instock","21":"taxable","22":"shipping-taxable","23":"purchasable","24":"product-type-simple"},"jetpack_sharing_enabled":true,"builder_content":"","_links":{"self":[{"href":"https:\/\/fittingsgo.com\/fr\/wp-json\/wp\/v2\/product\/9202","targetHints":{"allow":["GET"]}}],"collection":[{"href":"https:\/\/fittingsgo.com\/fr\/wp-json\/wp\/v2\/product"}],"about":[{"href":"https:\/\/fittingsgo.com\/fr\/wp-json\/wp\/v2\/types\/product"}],"replies":[{"embeddable":true,"href":"https:\/\/fittingsgo.com\/fr\/wp-json\/wp\/v2\/comments?post=9202"}],"wp:featuredmedia":[{"embeddable":true,"href":"https:\/\/fittingsgo.com\/fr\/wp-json\/wp\/v2\/media\/9201"}],"wp:attachment":[{"href":"https:\/\/fittingsgo.com\/fr\/wp-json\/wp\/v2\/media?parent=9202"}],"wp:term":[{"taxonomy":"product_brand","embeddable":true,"href":"https:\/\/fittingsgo.com\/fr\/wp-json\/wp\/v2\/product_brand?post=9202"},{"taxonomy":"product_cat","embeddable":true,"href":"https:\/\/fittingsgo.com\/fr\/wp-json\/wp\/v2\/product_cat?post=9202"},{"taxonomy":"product_tag","embeddable":true,"href":"https:\/\/fittingsgo.com\/fr\/wp-json\/wp\/v2\/product_tag?post=9202"}],"curies":[{"name":"wp","href":"https:\/\/api.w.org\/{rel}","templated":true}]}}