{"id":8947,"date":"2019-11-14T22:24:52","date_gmt":"2019-11-15T03:24:52","guid":{"rendered":"https:\/\/fittingsgo.com\/product\/gants-mechanix-a-tricot-thermique\/"},"modified":"2019-11-14T22:27:54","modified_gmt":"2019-11-15T03:27:54","slug":"gants-mechanix-a-tricot-thermique","status":"publish","type":"product","link":"https:\/\/fittingsgo.com\/fr\/produit\/gants-mechanix-a-tricot-thermique\/","title":{"rendered":"Gants \u00abMechanix\u00bb \u00e0 tricot thermique"},"content":{"rendered":"<p>MCW-KD-500, MCWKD500<br \/>\n&#8211; Coquille en tricot \u00e9pais avec manchette allong\u00e9e pour plus de chaleur.<br \/>\n&#8211; Le rev\u00eatement de paume MicroFinish offre une adh\u00e9rence et une r\u00e9sistance \u00e0 l&#8217;eau sup\u00e9rieures.<br \/>\n&#8211; Lavable en machine.<\/p>\n<div id=\"themify_builder_content-8947\" data-postid=\"8947\" class=\"themify_builder_content themify_builder_content-8947 themify_builder\">\n    <\/div>\n<!-- \/themify_builder_content -->\n","protected":false},"excerpt":{"rendered":"<p>L&#8217;air froid vif peut alourdir m\u00eame la t\u00e2che la plus simple. Nos gants Thermal Knit sont pratiques par temps froid avec son enduit unique en son genre, MicroFinish, qui procure une adh\u00e9rence sup\u00e9rieure et une r\u00e9sistance \u00e0 l&#8217;eau \u00e0 vos mains. La coquille en tricot \u00e9pais et le poignet allong\u00e9 offrent une chaleur respirante lorsque la temp\u00e9rature baisse. Qu&#8217;il s&#8217;agisse de saisir du bois de chauffage, de changer l&#8217;huile ou de tout autre produit interm\u00e9diaire, notre gant Thermal Knit offre une d\u00e9fense sup\u00e9rieure contre tout ce que vos mains rencontrent.<\/p>\n","protected":false},"featured_media":8946,"comment_status":"open","ping_status":"closed","template":"","meta":[],"product_brand":[],"product_cat":[322],"product_tag":[180,189,177],"class_list":{"0":"post-8947","1":"product","2":"type-product","3":"status-publish","4":"has-post-thumbnail","6":"product_cat-gants","7":"product_tag-automotive-fr","8":"product_tag-fournitures-datelier","9":"product_tag-pieces-dautos","10":"has-post-title","11":"has-post-date","12":"has-post-category","13":"has-post-tag","14":"has-post-comment","15":"has-post-author","16":"","17":"fullcover","19":"first","20":"instock","21":"taxable","22":"shipping-taxable","23":"purchasable","24":"product-type-variable"},"jetpack_sharing_enabled":true,"builder_content":"","_links":{"self":[{"href":"https:\/\/fittingsgo.com\/fr\/wp-json\/wp\/v2\/product\/8947","targetHints":{"allow":["GET"]}}],"collection":[{"href":"https:\/\/fittingsgo.com\/fr\/wp-json\/wp\/v2\/product"}],"about":[{"href":"https:\/\/fittingsgo.com\/fr\/wp-json\/wp\/v2\/types\/product"}],"replies":[{"embeddable":true,"href":"https:\/\/fittingsgo.com\/fr\/wp-json\/wp\/v2\/comments?post=8947"}],"wp:featuredmedia":[{"embeddable":true,"href":"https:\/\/fittingsgo.com\/fr\/wp-json\/wp\/v2\/media\/8946"}],"wp:attachment":[{"href":"https:\/\/fittingsgo.com\/fr\/wp-json\/wp\/v2\/media?parent=8947"}],"wp:term":[{"taxonomy":"product_brand","embeddable":true,"href":"https:\/\/fittingsgo.com\/fr\/wp-json\/wp\/v2\/product_brand?post=8947"},{"taxonomy":"product_cat","embeddable":true,"href":"https:\/\/fittingsgo.com\/fr\/wp-json\/wp\/v2\/product_cat?post=8947"},{"taxonomy":"product_tag","embeddable":true,"href":"https:\/\/fittingsgo.com\/fr\/wp-json\/wp\/v2\/product_tag?post=8947"}],"curies":[{"name":"wp","href":"https:\/\/api.w.org\/{rel}","templated":true}]}}