{"id":8856,"date":"2019-11-13T23:17:30","date_gmt":"2019-11-14T04:17:30","guid":{"rendered":"https:\/\/fittingsgo.com\/product\/gants-mechanix-resistants-au-vent\/"},"modified":"2019-11-13T23:21:17","modified_gmt":"2019-11-14T04:21:17","slug":"gants-mechanix-resistants-au-vent","status":"publish","type":"product","link":"https:\/\/fittingsgo.com\/fr\/produit\/gants-mechanix-resistants-au-vent\/","title":{"rendered":"Gants \u00abMechanix\u00bb resistants au vent"},"content":{"rendered":"<p>MCW-WR-008, MCW-WR-009, MCW-WR-010, MCW-WR-011, MCWWR008, MCWWR009, MCWWR010, MCWWR011<br \/>\n&#8211; Le pare-vent lamin\u00e9 offre une r\u00e9sistance critique au vent.<br \/>\n&#8211; La fermeture par crochet et boucle cr\u00e9e un ajustement s\u00fbr avec les v\u00eatements d&#8217;ext\u00e9rieur.<br \/>\n&#8211; C40 3M Thinsulate emprisonne l&#8217;air chaud pour aider \u00e0 r\u00e9guler la temp\u00e9rature de votre corps.<br \/>\n&#8211; Le renfort en nylon Ripstop emp\u00eache les d\u00e9chirures et repousse l&#8217;eau.<br \/>\n&#8211; Index et doigt compatibles avec le logiciel Double Connect AX.<br \/>\n&#8211; Renfort renforc\u00e9 de la paume et du pouce Armortex.<br \/>\n&#8211; La construction de la paume en couches r\u00e9duit le regroupement des mat\u00e9riaux.<br \/>\n&#8211; La pince \u00e0 ressort amovible maintient vos gants organis\u00e9s pour un rangement facile.<br \/>\n&#8211; Lavable en machine.<\/p>\n<div id=\"themify_builder_content-8856\" data-postid=\"8856\" class=\"themify_builder_content themify_builder_content-8856 themify_builder\">\n    <\/div>\n<!-- \/themify_builder_content -->\n","protected":false},"excerpt":{"rendered":"<p>Lorsque le vent se l\u00e8ve et que la temp\u00e9rature baisse, prenez une paire de nos gants d&#8217;hiver r\u00e9sistant au vent pour vous prot\u00e9ger des \u00e9l\u00e9ments. La micro-polaire confortable recouvre tout le gant et le Thinsulate C40 3M emprisonne l&#8217;air chaud pour aider \u00e0 r\u00e9guler la temp\u00e9rature de votre corps par gros froid. Le Wind Resistant est dot\u00e9 d&#8217;un pare-vent \u00e0 liaison interne qui emp\u00eache l&#8217;air froid de passer \u00e0 travers lorsque les rafales sont fortes. Restez connect\u00e9 \u00e0 vos appareils \u00e0 \u00e9cran tactile, sans retirer vos gants, avec AX Double Connect sur votre index et votre pouce. La paume comporte une construction en couches durable avec un renfort en Armortex robuste pour vous permettre de conqu\u00e9rir le travail qui vous attend.<br \/>\nFabriqu\u00e9 par Mechanix<\/p>\n","protected":false},"featured_media":8855,"comment_status":"open","ping_status":"closed","template":"","meta":[],"product_brand":[],"product_cat":[322],"product_tag":[180,189,177],"class_list":{"0":"post-8856","1":"product","2":"type-product","3":"status-publish","4":"has-post-thumbnail","6":"product_cat-gants","7":"product_tag-automotive-fr","8":"product_tag-fournitures-datelier","9":"product_tag-pieces-dautos","10":"has-post-title","11":"has-post-date","12":"has-post-category","13":"has-post-tag","14":"has-post-comment","15":"has-post-author","16":"","17":"fullcover","19":"first","20":"instock","21":"taxable","22":"shipping-taxable","23":"purchasable","24":"product-type-variable"},"jetpack_sharing_enabled":true,"builder_content":"","_links":{"self":[{"href":"https:\/\/fittingsgo.com\/fr\/wp-json\/wp\/v2\/product\/8856","targetHints":{"allow":["GET"]}}],"collection":[{"href":"https:\/\/fittingsgo.com\/fr\/wp-json\/wp\/v2\/product"}],"about":[{"href":"https:\/\/fittingsgo.com\/fr\/wp-json\/wp\/v2\/types\/product"}],"replies":[{"embeddable":true,"href":"https:\/\/fittingsgo.com\/fr\/wp-json\/wp\/v2\/comments?post=8856"}],"wp:featuredmedia":[{"embeddable":true,"href":"https:\/\/fittingsgo.com\/fr\/wp-json\/wp\/v2\/media\/8855"}],"wp:attachment":[{"href":"https:\/\/fittingsgo.com\/fr\/wp-json\/wp\/v2\/media?parent=8856"}],"wp:term":[{"taxonomy":"product_brand","embeddable":true,"href":"https:\/\/fittingsgo.com\/fr\/wp-json\/wp\/v2\/product_brand?post=8856"},{"taxonomy":"product_cat","embeddable":true,"href":"https:\/\/fittingsgo.com\/fr\/wp-json\/wp\/v2\/product_cat?post=8856"},{"taxonomy":"product_tag","embeddable":true,"href":"https:\/\/fittingsgo.com\/fr\/wp-json\/wp\/v2\/product_tag?post=8856"}],"curies":[{"name":"wp","href":"https:\/\/api.w.org\/{rel}","templated":true}]}}