{"id":8834,"date":"2019-11-13T22:36:46","date_gmt":"2019-11-14T03:36:46","guid":{"rendered":"https:\/\/fittingsgo.com\/product\/klaxon-de-remplacement-universel-domestique-125-db\/"},"modified":"2019-11-14T21:57:51","modified_gmt":"2019-11-15T02:57:51","slug":"klaxon-de-remplacement-universel-domestique-125-db","status":"publish","type":"product","link":"https:\/\/fittingsgo.com\/fr\/produit\/klaxon-de-remplacement-universel-domestique-125-db\/","title":{"rendered":"Klaxon de remplacement universel domestique, 125 dB"},"content":{"rendered":"<p>7200223, 7201223<br \/>\nNote aigu\u00eb manuel: <a href=\"https:\/\/fittingsgo.com\/wp-content\/uploads\/2019\/11\/7200223.pdf\" target=\"_blank\" rel=\"noopener noreferrer\">7200223<\/a><br \/>\nNote basse manuel:<a href=\"https:\/\/fittingsgo.com\/wp-content\/uploads\/2019\/11\/7201223.pdf\" target=\"_blank\" rel=\"noopener noreferrer\">7201223<\/a><\/p>\n<div id=\"themify_builder_content-8834\" data-postid=\"8834\" class=\"themify_builder_content themify_builder_content-8834 themify_builder\">\n    <\/div>\n<!-- \/themify_builder_content -->\n","protected":false},"excerpt":{"rendered":"<p>Il d\u00e9passe les sp\u00e9cifications S.A.E. et O.E.M. pour une large gamme d&#8217;applications de v\u00e9hicules. Chaque klaxon est test\u00e9 pour assurer une performance maximale.<br \/>\nDot\u00e9 d&#8217;un bo\u00eetier en acier r\u00e9sistant \u00e0 la corrosion et d&#8217;un support de montage universel, les guignols peuvent \u00eatre mont\u00e9s \u00e0 l&#8217;unit\u00e9 ou \u00e0 deux. 12V, 125 dB @ 4 &#8220;.<br \/>\nChaque kit contient 2 bornes, un fil et un support.<br \/>\nFabriqu\u00e9 par Fiamm<\/p>\n","protected":false},"featured_media":8826,"comment_status":"open","ping_status":"closed","template":"","meta":[],"product_brand":[],"product_cat":[501],"product_tag":[180,177],"class_list":{"0":"post-8834","1":"product","2":"type-product","3":"status-publish","4":"has-post-thumbnail","6":"product_cat-klaxons-et-alarmes","7":"product_tag-automotive-fr","8":"product_tag-pieces-dautos","9":"has-post-title","10":"has-post-date","11":"has-post-category","12":"has-post-tag","13":"has-post-comment","14":"has-post-author","15":"","16":"fullcover","18":"first","19":"instock","20":"taxable","21":"shipping-taxable","22":"purchasable","23":"product-type-variable"},"jetpack_sharing_enabled":true,"builder_content":"","_links":{"self":[{"href":"https:\/\/fittingsgo.com\/fr\/wp-json\/wp\/v2\/product\/8834","targetHints":{"allow":["GET"]}}],"collection":[{"href":"https:\/\/fittingsgo.com\/fr\/wp-json\/wp\/v2\/product"}],"about":[{"href":"https:\/\/fittingsgo.com\/fr\/wp-json\/wp\/v2\/types\/product"}],"replies":[{"embeddable":true,"href":"https:\/\/fittingsgo.com\/fr\/wp-json\/wp\/v2\/comments?post=8834"}],"wp:featuredmedia":[{"embeddable":true,"href":"https:\/\/fittingsgo.com\/fr\/wp-json\/wp\/v2\/media\/8826"}],"wp:attachment":[{"href":"https:\/\/fittingsgo.com\/fr\/wp-json\/wp\/v2\/media?parent=8834"}],"wp:term":[{"taxonomy":"product_brand","embeddable":true,"href":"https:\/\/fittingsgo.com\/fr\/wp-json\/wp\/v2\/product_brand?post=8834"},{"taxonomy":"product_cat","embeddable":true,"href":"https:\/\/fittingsgo.com\/fr\/wp-json\/wp\/v2\/product_cat?post=8834"},{"taxonomy":"product_tag","embeddable":true,"href":"https:\/\/fittingsgo.com\/fr\/wp-json\/wp\/v2\/product_tag?post=8834"}],"curies":[{"name":"wp","href":"https:\/\/api.w.org\/{rel}","templated":true}]}}