{"id":8723,"date":"2019-11-11T22:20:54","date_gmt":"2019-11-12T03:20:54","guid":{"rendered":"https:\/\/fittingsgo.com\/product\/outil-a-evaser-bubble-flare\/"},"modified":"2020-07-16T16:34:08","modified_gmt":"2020-07-16T21:34:08","slug":"outil-a-evaser-bubble-flare","status":"publish","type":"product","link":"https:\/\/fittingsgo.com\/fr\/produit\/outil-a-evaser-bubble-flare\/","title":{"rendered":"Outil \u00e0 \u00e9vaser \u00abbubble flare\u00bb"},"content":{"rendered":"<p>4504<\/p>\n<div id=\"themify_builder_content-8723\" data-postid=\"8723\" class=\"themify_builder_content themify_builder_content-8723 themify_builder\">\n    <\/div>\n<!-- \/themify_builder_content -->\n","protected":false},"excerpt":{"rendered":"<p>Con\u00e7u pour les \u00e9vasions \u00e0 \u00abbubble flares\u00bb sans fissures sur les tubes en acier doux utilis\u00e9s dans les syst\u00e8mes de freinage automobile. Comprend quatre matrices: adaptateurs de 4,75, 6, 8 et 10 mm. Yoke en acier forg\u00e9, barre \u00e9vas\u00e9e et tous les adaptateurs n\u00e9cessaires \u00e0 l\u2019\u00e9vasement de bulles ISO. L&#8217;outil de projection \u00abBubble\u00bb le plus \u00e9conomique \u00e0 ce jour. Install\u00e9 dans un stockage moul\u00e9 par soufflage.<br \/>\nFabriqu\u00e9 par OTC Tools<\/p>\n","protected":false},"featured_media":8722,"comment_status":"open","ping_status":"closed","template":"","meta":[],"product_brand":[],"product_cat":[212],"product_tag":[180,177],"class_list":{"0":"post-8723","1":"product","2":"type-product","3":"status-publish","4":"has-post-thumbnail","6":"product_cat-outils-de-tuyauterie-et-evasement","7":"product_tag-automotive-fr","8":"product_tag-pieces-dautos","9":"has-post-title","10":"has-post-date","11":"has-post-category","12":"has-post-tag","13":"has-post-comment","14":"has-post-author","15":"","16":"fullcover","18":"first","19":"instock","20":"taxable","21":"shipping-taxable","22":"purchasable","23":"product-type-simple"},"jetpack_sharing_enabled":true,"builder_content":"","_links":{"self":[{"href":"https:\/\/fittingsgo.com\/fr\/wp-json\/wp\/v2\/product\/8723","targetHints":{"allow":["GET"]}}],"collection":[{"href":"https:\/\/fittingsgo.com\/fr\/wp-json\/wp\/v2\/product"}],"about":[{"href":"https:\/\/fittingsgo.com\/fr\/wp-json\/wp\/v2\/types\/product"}],"replies":[{"embeddable":true,"href":"https:\/\/fittingsgo.com\/fr\/wp-json\/wp\/v2\/comments?post=8723"}],"wp:featuredmedia":[{"embeddable":true,"href":"https:\/\/fittingsgo.com\/fr\/wp-json\/wp\/v2\/media\/8722"}],"wp:attachment":[{"href":"https:\/\/fittingsgo.com\/fr\/wp-json\/wp\/v2\/media?parent=8723"}],"wp:term":[{"taxonomy":"product_brand","embeddable":true,"href":"https:\/\/fittingsgo.com\/fr\/wp-json\/wp\/v2\/product_brand?post=8723"},{"taxonomy":"product_cat","embeddable":true,"href":"https:\/\/fittingsgo.com\/fr\/wp-json\/wp\/v2\/product_cat?post=8723"},{"taxonomy":"product_tag","embeddable":true,"href":"https:\/\/fittingsgo.com\/fr\/wp-json\/wp\/v2\/product_tag?post=8723"}],"curies":[{"name":"wp","href":"https:\/\/api.w.org\/{rel}","templated":true}]}}