{"id":8710,"date":"2019-11-10T21:32:55","date_gmt":"2019-11-11T02:32:55","guid":{"rendered":"https:\/\/fittingsgo.com\/product\/gants-de-travail-mechanix-fastfit-gloves\/"},"modified":"2019-11-10T21:42:21","modified_gmt":"2019-11-11T02:42:21","slug":"gants-de-travail-mechanix-fastfit-gloves","status":"publish","type":"product","link":"https:\/\/fittingsgo.com\/fr\/produit\/gants-de-travail-mechanix-fastfit-gloves\/","title":{"rendered":"Gants de travail \u00abMechanix Fastfit Gloves\u00bb"},"content":{"rendered":"<p>&#8211; Le TrekDry moulant garde les mains fra\u00eeches en tout confort quand vous travaillez.<br \/>\n&#8211; Les poignets avec \u00e9lastiques extensibles offrent une tenue ferme.<br \/>\n&#8211; Le pouce et l&#8217;index renforc\u00e9s offrent une durabilit\u00e9 am\u00e9lior\u00e9e.<br \/>\n&#8211; La paume deux pi\u00e8ces con\u00e7ue anatomiquement \u00e9limine le tassement de mat\u00e9riau.<br \/>\n&#8211; Les bouts de doigt resserr\u00e9s am\u00e9liorent leur force et leur durabilit\u00e9.<br \/>\n&#8211; Cuir synth\u00e9tique grande dext\u00e9rit\u00e9 int\u00e9grant une technologie adapt\u00e9e aux \u00e9crans tactiles.<br \/>\n&#8211; Lavables en machine.<br \/>\nMFF-05-008, MFF-05-009, MFF-05-010, MFF-05-011, MFF-05-012, MFF05008, MFF05009, MFF05010, MFF05011, MFF05012<\/p>\n<div id=\"themify_builder_content-8710\" data-postid=\"8710\" class=\"themify_builder_content themify_builder_content-8710 themify_builder\">\n    <\/div>\n<!-- \/themify_builder_content -->\n","protected":false},"excerpt":{"rendered":"<p>La prochaine g\u00e9n\u00e9ration de gants de travail FastFit est arriv\u00e9e. Prenez le contr\u00f4le avec du cuir synth\u00e9tique haute dext\u00e9rit\u00e9 de 0,6 mm et restez connect\u00e9 avec une technologie adapt\u00e9e aux \u00e9crans tactiles int\u00e9gr\u00e9e dans la paume de vos mains. Le FastFit offre une coupe incomparable avec un rafra\u00eechissement par \u00e9vaporation TrekDry pour garder les mains fra\u00eeches en tout confort.<br \/>\nDisponible en noir seulement.<br \/>\nFabriqu\u00e9 par Mechanix<\/p>\n","protected":false},"featured_media":8709,"comment_status":"open","ping_status":"closed","template":"","meta":[],"product_brand":[],"product_cat":[322],"product_tag":[180,189,177],"class_list":{"0":"post-8710","1":"product","2":"type-product","3":"status-publish","4":"has-post-thumbnail","6":"product_cat-gants","7":"product_tag-automotive-fr","8":"product_tag-fournitures-datelier","9":"product_tag-pieces-dautos","10":"has-post-title","11":"has-post-date","12":"has-post-category","13":"has-post-tag","14":"has-post-comment","15":"has-post-author","16":"","17":"fullcover","19":"first","20":"instock","21":"taxable","22":"shipping-taxable","23":"purchasable","24":"product-type-variable"},"jetpack_sharing_enabled":true,"builder_content":"","_links":{"self":[{"href":"https:\/\/fittingsgo.com\/fr\/wp-json\/wp\/v2\/product\/8710","targetHints":{"allow":["GET"]}}],"collection":[{"href":"https:\/\/fittingsgo.com\/fr\/wp-json\/wp\/v2\/product"}],"about":[{"href":"https:\/\/fittingsgo.com\/fr\/wp-json\/wp\/v2\/types\/product"}],"replies":[{"embeddable":true,"href":"https:\/\/fittingsgo.com\/fr\/wp-json\/wp\/v2\/comments?post=8710"}],"wp:featuredmedia":[{"embeddable":true,"href":"https:\/\/fittingsgo.com\/fr\/wp-json\/wp\/v2\/media\/8709"}],"wp:attachment":[{"href":"https:\/\/fittingsgo.com\/fr\/wp-json\/wp\/v2\/media?parent=8710"}],"wp:term":[{"taxonomy":"product_brand","embeddable":true,"href":"https:\/\/fittingsgo.com\/fr\/wp-json\/wp\/v2\/product_brand?post=8710"},{"taxonomy":"product_cat","embeddable":true,"href":"https:\/\/fittingsgo.com\/fr\/wp-json\/wp\/v2\/product_cat?post=8710"},{"taxonomy":"product_tag","embeddable":true,"href":"https:\/\/fittingsgo.com\/fr\/wp-json\/wp\/v2\/product_tag?post=8710"}],"curies":[{"name":"wp","href":"https:\/\/api.w.org\/{rel}","templated":true}]}}