{"id":8478,"date":"2019-11-04T22:26:30","date_gmt":"2019-11-05T03:26:30","guid":{"rendered":"https:\/\/fittingsgo.com\/product\/outil-de-ramassage-magnetique-telescopique-de-14-lb\/"},"modified":"2019-11-04T22:41:53","modified_gmt":"2019-11-05T03:41:53","slug":"outil-de-ramassage-magnetique-telescopique-de-14-lb","status":"publish","type":"product","link":"https:\/\/fittingsgo.com\/fr\/produit\/outil-de-ramassage-magnetique-telescopique-de-14-lb\/","title":{"rendered":"Outil de ramassage magn\u00e9tique t\u00e9lescopique de 14 lb"},"content":{"rendered":"<p>Fabriqu\u00e9 aux \u00c9tats-Unis.<br \/>\nLongueur totale: 7.5 po<br \/>\nPoids: 0,15 livre.<br \/>\n17810<\/p>\n<div id=\"themify_builder_content-8478\" data-postid=\"8478\" class=\"themify_builder_content themify_builder_content-8478 themify_builder\">\n    <\/div>\n<!-- \/themify_builder_content -->\n","protected":false},"excerpt":{"rendered":"<p>L&#8217;outil de ramassage magn\u00e9tique t\u00e9lescopique Mayhew 14LB, d&#8217;une capacit\u00e9 de 14 livres, est utilis\u00e9 pour ramasser des objets difficiles \u00e0 atteindre par des moyens magn\u00e9tiques ou m\u00e9caniques. T\u00e9lescopes de 7-1 \/ 2-inch \u00e0 32-inch. Poss\u00e8de une technologie qui \u00e9limine la traction lat\u00e9rale de l&#8217;aimant.<\/p>\n","protected":false},"featured_media":8477,"comment_status":"open","ping_status":"closed","template":"","meta":[],"product_brand":[],"product_cat":[231],"product_tag":[180,177],"class_list":{"0":"post-8478","1":"product","2":"type-product","3":"status-publish","4":"has-post-thumbnail","6":"product_cat-plateaux-magnetiques-recuperateurs","7":"product_tag-automotive-fr","8":"product_tag-pieces-dautos","9":"has-post-title","10":"has-post-date","11":"has-post-category","12":"has-post-tag","13":"has-post-comment","14":"has-post-author","15":"","16":"fullcover","18":"first","19":"instock","20":"taxable","21":"shipping-taxable","22":"purchasable","23":"product-type-simple"},"jetpack_sharing_enabled":true,"builder_content":"","_links":{"self":[{"href":"https:\/\/fittingsgo.com\/fr\/wp-json\/wp\/v2\/product\/8478","targetHints":{"allow":["GET"]}}],"collection":[{"href":"https:\/\/fittingsgo.com\/fr\/wp-json\/wp\/v2\/product"}],"about":[{"href":"https:\/\/fittingsgo.com\/fr\/wp-json\/wp\/v2\/types\/product"}],"replies":[{"embeddable":true,"href":"https:\/\/fittingsgo.com\/fr\/wp-json\/wp\/v2\/comments?post=8478"}],"wp:featuredmedia":[{"embeddable":true,"href":"https:\/\/fittingsgo.com\/fr\/wp-json\/wp\/v2\/media\/8477"}],"wp:attachment":[{"href":"https:\/\/fittingsgo.com\/fr\/wp-json\/wp\/v2\/media?parent=8478"}],"wp:term":[{"taxonomy":"product_brand","embeddable":true,"href":"https:\/\/fittingsgo.com\/fr\/wp-json\/wp\/v2\/product_brand?post=8478"},{"taxonomy":"product_cat","embeddable":true,"href":"https:\/\/fittingsgo.com\/fr\/wp-json\/wp\/v2\/product_cat?post=8478"},{"taxonomy":"product_tag","embeddable":true,"href":"https:\/\/fittingsgo.com\/fr\/wp-json\/wp\/v2\/product_tag?post=8478"}],"curies":[{"name":"wp","href":"https:\/\/api.w.org\/{rel}","templated":true}]}}