{"id":8306,"date":"2019-10-30T23:03:12","date_gmt":"2019-10-31T04:03:12","guid":{"rendered":"https:\/\/fittingsgo.com\/product\/turtle-wax-ice-seal-n-shine-fr\/"},"modified":"2019-10-30T23:05:00","modified_gmt":"2019-10-31T04:05:00","slug":"turtle-wax-ice-seal-n-shine-fr","status":"publish","type":"product","link":"https:\/\/fittingsgo.com\/fr\/produit\/turtle-wax-ice-seal-n-shine-fr\/","title":{"rendered":"Turtle Wax Ice Seal N Shine"},"content":{"rendered":"<p>LA FORMULE SUPER HYRDROPHOBE RETIRE L&#8217;EAU ET PROT\u00c8GE LA PEINTURE DES MOIS. LA TECHNOLOGIE HYBRIDE UTILISE UN SCELLANT SYNTH\u00c9TIQUE INFUS\u00c9 AVEC DE LA CIRE DE CARNAUBA POUR R\u00c9PULSER ET BRILLER.<br \/>\n50984<\/p>\n<div id=\"themify_builder_content-8306\" data-postid=\"8306\" class=\"themify_builder_content themify_builder_content-8306 themify_builder\">\n    <\/div>\n<!-- \/themify_builder_content -->\n","protected":false},"excerpt":{"rendered":"<p>&#8211; Produit une eau perlante et glissante incroyable pour un entretien facile<br \/>\n&#8211; Fournit des mois de durabilit\u00e9 et de protection<br \/>\n&#8211; La cire de carnauba premium ajoute un \u00e9clat brillant et profond<br \/>\nFabriqu\u00e9 par Turtle Wax<\/p>\n","protected":false},"featured_media":8303,"comment_status":"open","ping_status":"closed","template":"","meta":[],"product_brand":[],"product_cat":[483],"product_tag":[180,189,177],"class_list":{"0":"post-8306","1":"product","2":"type-product","3":"status-publish","4":"has-post-thumbnail","6":"product_cat-cires","7":"product_tag-automotive-fr","8":"product_tag-fournitures-datelier","9":"product_tag-pieces-dautos","10":"has-post-title","11":"has-post-date","12":"has-post-category","13":"has-post-tag","14":"has-post-comment","15":"has-post-author","16":"","17":"fullcover","19":"first","20":"instock","21":"taxable","22":"shipping-taxable","23":"purchasable","24":"product-type-simple"},"jetpack_sharing_enabled":true,"builder_content":"","_links":{"self":[{"href":"https:\/\/fittingsgo.com\/fr\/wp-json\/wp\/v2\/product\/8306","targetHints":{"allow":["GET"]}}],"collection":[{"href":"https:\/\/fittingsgo.com\/fr\/wp-json\/wp\/v2\/product"}],"about":[{"href":"https:\/\/fittingsgo.com\/fr\/wp-json\/wp\/v2\/types\/product"}],"replies":[{"embeddable":true,"href":"https:\/\/fittingsgo.com\/fr\/wp-json\/wp\/v2\/comments?post=8306"}],"wp:featuredmedia":[{"embeddable":true,"href":"https:\/\/fittingsgo.com\/fr\/wp-json\/wp\/v2\/media\/8303"}],"wp:attachment":[{"href":"https:\/\/fittingsgo.com\/fr\/wp-json\/wp\/v2\/media?parent=8306"}],"wp:term":[{"taxonomy":"product_brand","embeddable":true,"href":"https:\/\/fittingsgo.com\/fr\/wp-json\/wp\/v2\/product_brand?post=8306"},{"taxonomy":"product_cat","embeddable":true,"href":"https:\/\/fittingsgo.com\/fr\/wp-json\/wp\/v2\/product_cat?post=8306"},{"taxonomy":"product_tag","embeddable":true,"href":"https:\/\/fittingsgo.com\/fr\/wp-json\/wp\/v2\/product_tag?post=8306"}],"curies":[{"name":"wp","href":"https:\/\/api.w.org\/{rel}","templated":true}]}}