{"id":8296,"date":"2019-10-30T22:43:19","date_gmt":"2019-10-31T03:43:19","guid":{"rendered":"https:\/\/fittingsgo.com\/product\/cire-ceramique-hybride-de-meguiars\/"},"modified":"2019-10-30T22:55:50","modified_gmt":"2019-10-31T03:55:50","slug":"cire-ceramique-hybride-de-meguiars","status":"publish","type":"product","link":"https:\/\/fittingsgo.com\/fr\/produit\/cire-ceramique-hybride-de-meguiars\/","title":{"rendered":"Cire c\u00e9ramique hybride de Meguiar&#8217;s"},"content":{"rendered":"<p>Voulez-vous une cire de voiture facile \u00e0 utiliser, dot\u00e9e d&#8217;une technologie de pointe et sophistiqu\u00e9e offrant la protection la plus r\u00e9cente? La cire c\u00e9ramique hybride de Meguiar est la solution. Gr\u00e2ce \u00e0 la toute nouvelle technologie hybride Si02, vous b\u00e9n\u00e9ficiez d\u2019une protection en c\u00e9ramique si facile \u00e0 utiliser que vous pouvez r\u00e9ellement cirer votre peinture lorsque vous rincez votre voiture! Apr\u00e8s avoir lav\u00e9 et rinc\u00e9 le savon, vaporisez simplement la cire de c\u00e9ramique hybride de Meguiar, puis faites-la suivre d\u2019un second rin\u00e7age \u00e0 l\u2019aide d\u2019un puissant jet d\u2019eau. Ce dernier rin\u00e7age aide \u00e0 \u00e9tendre et \u00e0 d\u00e9poser la cire uniform\u00e9ment pour vous. S\u00e9chez votre v\u00e9hicule comme vous le feriez normalement avec une serviette de s\u00e9chage en microfibre de qualit\u00e9. Il n\u2019ya ni frottement ni polissage, ni temps de durcissement. La protection et la durabilit\u00e9 de la c\u00e9ramique qu\u2019il vous reste vont bien au-del\u00e0 de la cire classique et de la protection extr\u00eame contre les perles d\u2019eau. Conventionnel? Non. sensationnel? OUI! C\u2019est facile en c\u00e9ramique!<br \/>\nG190526<\/p>\n<div id=\"themify_builder_content-8296\" data-postid=\"8296\" class=\"themify_builder_content themify_builder_content-8296 themify_builder\">\n    <\/div>\n<!-- \/themify_builder_content -->\n","protected":false},"excerpt":{"rendered":"<p>FACILE \u00c0 UTILISER: Vaporisez, rincez et s\u00e9chez! C&#8217;est si facile!<br \/>\nMOINS D&#8217;EFFORT et DE MESS: Pas de frottement, durcissement, polissage ou g\u00e2chis<br \/>\nPROTECTION HYBRIDE \u00c0 LA CIRE C\u00c9RAMIQUE: La technologie hybride avanc\u00e9e SiO2 prot\u00e8ge la cire c\u00e9ramique<br \/>\nPLUS QU&#8217;UNE CIRE: Protection et durabilit\u00e9 au-del\u00e0 de la cire conventionnelle<br \/>\nPROTECTION CONTRE LE BEADING: Protection contre la cire de c\u00e9ramique<br \/>\nFabriqu\u00e9 par Meguiars<\/p>\n","protected":false},"featured_media":8295,"comment_status":"open","ping_status":"closed","template":"","meta":[],"product_brand":[],"product_cat":[483],"product_tag":[180,177],"class_list":{"0":"post-8296","1":"product","2":"type-product","3":"status-publish","4":"has-post-thumbnail","6":"product_cat-cires","7":"product_tag-automotive-fr","8":"product_tag-pieces-dautos","9":"has-post-title","10":"has-post-date","11":"has-post-category","12":"has-post-tag","13":"has-post-comment","14":"has-post-author","15":"","16":"fullcover","18":"first","19":"instock","20":"taxable","21":"shipping-taxable","22":"purchasable","23":"product-type-simple"},"jetpack_sharing_enabled":true,"builder_content":"","_links":{"self":[{"href":"https:\/\/fittingsgo.com\/fr\/wp-json\/wp\/v2\/product\/8296","targetHints":{"allow":["GET"]}}],"collection":[{"href":"https:\/\/fittingsgo.com\/fr\/wp-json\/wp\/v2\/product"}],"about":[{"href":"https:\/\/fittingsgo.com\/fr\/wp-json\/wp\/v2\/types\/product"}],"replies":[{"embeddable":true,"href":"https:\/\/fittingsgo.com\/fr\/wp-json\/wp\/v2\/comments?post=8296"}],"wp:featuredmedia":[{"embeddable":true,"href":"https:\/\/fittingsgo.com\/fr\/wp-json\/wp\/v2\/media\/8295"}],"wp:attachment":[{"href":"https:\/\/fittingsgo.com\/fr\/wp-json\/wp\/v2\/media?parent=8296"}],"wp:term":[{"taxonomy":"product_brand","embeddable":true,"href":"https:\/\/fittingsgo.com\/fr\/wp-json\/wp\/v2\/product_brand?post=8296"},{"taxonomy":"product_cat","embeddable":true,"href":"https:\/\/fittingsgo.com\/fr\/wp-json\/wp\/v2\/product_cat?post=8296"},{"taxonomy":"product_tag","embeddable":true,"href":"https:\/\/fittingsgo.com\/fr\/wp-json\/wp\/v2\/product_tag?post=8296"}],"curies":[{"name":"wp","href":"https:\/\/api.w.org\/{rel}","templated":true}]}}