{"id":8286,"date":"2019-10-30T22:17:40","date_gmt":"2019-10-31T03:17:40","guid":{"rendered":"https:\/\/fittingsgo.com\/product\/lames-de-scie-18-dents-par-po-5-par-paquet\/"},"modified":"2019-10-30T22:20:08","modified_gmt":"2019-10-31T03:20:08","slug":"lames-de-scie-18-dents-par-po-5-par-paquet","status":"publish","type":"product","link":"https:\/\/fittingsgo.com\/fr\/produit\/lames-de-scie-18-dents-par-po-5-par-paquet\/","title":{"rendered":"Lames de scie 18 dents par po ( 5 par paquet)"},"content":{"rendered":"<p>48-00-5184, 48-00-5188, 48005184, 48005188<\/p>\n<div id=\"themify_builder_content-8286\" data-postid=\"8286\" class=\"themify_builder_content themify_builder_content-8286 themify_builder\">\n    <\/div>\n<!-- \/themify_builder_content -->\n","protected":false},"excerpt":{"rendered":"<p>Les lames tranchantes pour m\u00e9taux fins avec la mise \u00e0 niveau Double Duty comprennent une forme de dent optimis\u00e9e pour une longue dur\u00e9e de vie et une vitesse accrue. Tough Neck est con\u00e7u pour prot\u00e9ger contre la casse de la soie et fournit la soie la plus forte du couteau SAWZALL sur le march\u00e9. En conservant un profil court et un corps mince, ces lames sont id\u00e9ales pour effectuer des coupes rapides et flexibles.<br \/>\n5 lames par unit\u00e9<br \/>\nFabriqu\u00e9 par Milwaukee Tool<\/p>\n","protected":false},"featured_media":8283,"comment_status":"open","ping_status":"closed","template":"","meta":[],"product_brand":[],"product_cat":[480],"product_tag":[180,189,177],"class_list":{"0":"post-8286","1":"product","2":"type-product","3":"status-publish","4":"has-post-thumbnail","6":"product_cat-lames-de-scie","7":"product_tag-automotive-fr","8":"product_tag-fournitures-datelier","9":"product_tag-pieces-dautos","10":"has-post-title","11":"has-post-date","12":"has-post-category","13":"has-post-tag","14":"has-post-comment","15":"has-post-author","16":"","17":"fullcover","19":"first","20":"instock","21":"taxable","22":"shipping-taxable","23":"purchasable","24":"product-type-variable"},"jetpack_sharing_enabled":true,"builder_content":"","_links":{"self":[{"href":"https:\/\/fittingsgo.com\/fr\/wp-json\/wp\/v2\/product\/8286","targetHints":{"allow":["GET"]}}],"collection":[{"href":"https:\/\/fittingsgo.com\/fr\/wp-json\/wp\/v2\/product"}],"about":[{"href":"https:\/\/fittingsgo.com\/fr\/wp-json\/wp\/v2\/types\/product"}],"replies":[{"embeddable":true,"href":"https:\/\/fittingsgo.com\/fr\/wp-json\/wp\/v2\/comments?post=8286"}],"wp:featuredmedia":[{"embeddable":true,"href":"https:\/\/fittingsgo.com\/fr\/wp-json\/wp\/v2\/media\/8283"}],"wp:attachment":[{"href":"https:\/\/fittingsgo.com\/fr\/wp-json\/wp\/v2\/media?parent=8286"}],"wp:term":[{"taxonomy":"product_brand","embeddable":true,"href":"https:\/\/fittingsgo.com\/fr\/wp-json\/wp\/v2\/product_brand?post=8286"},{"taxonomy":"product_cat","embeddable":true,"href":"https:\/\/fittingsgo.com\/fr\/wp-json\/wp\/v2\/product_cat?post=8286"},{"taxonomy":"product_tag","embeddable":true,"href":"https:\/\/fittingsgo.com\/fr\/wp-json\/wp\/v2\/product_tag?post=8286"}],"curies":[{"name":"wp","href":"https:\/\/api.w.org\/{rel}","templated":true}]}}