{"id":8275,"date":"2019-10-30T21:51:08","date_gmt":"2019-10-31T02:51:08","guid":{"rendered":"https:\/\/fittingsgo.com\/product\/bouchons-doreilles-en-mousse\/"},"modified":"2019-10-30T21:54:52","modified_gmt":"2019-10-31T02:54:52","slug":"bouchons-doreilles-en-mousse","status":"publish","type":"product","link":"https:\/\/fittingsgo.com\/fr\/produit\/bouchons-doreilles-en-mousse\/","title":{"rendered":"Bouchons d\u2019oreilles en mousse"},"content":{"rendered":"<p>Les bouchons d\u2019oreilles en mousse sans cordon 1100 3M sont confortables et sont con\u00e7us pour s\u2019adapter \u00e0 la forme unique de chaque conduit auditif afin d\u2019offrir une protection de l\u2019ou\u00efe exceptionnelle.<br \/>\n1100<\/p>\n<div id=\"themify_builder_content-8275\" data-postid=\"8275\" class=\"themify_builder_content themify_builder_content-8275 themify_builder\">\n    <\/div>\n<!-- \/themify_builder_content -->\n","protected":false},"excerpt":{"rendered":"<p>&#8211; Taille unique qui s\u2019adapte \u00e0 la plupart des oreilles<br \/>\n&#8211; Conception di\u00e9lectrique convenant \u00e0 tous les milieux de travail<br \/>\n&#8211; Orange vif pour un rep\u00e9rage pratique<br \/>\n&#8211; S\u2019ins\u00e8rent facilement dans le conduit auditif gr\u00e2ce \u00e0 leur forme conique<br \/>\nFabriqu\u00e9 par 3M<\/p>\n","protected":false},"featured_media":8272,"comment_status":"open","ping_status":"closed","template":"","meta":[],"product_brand":[],"product_cat":[207],"product_tag":[180,189,177],"class_list":{"0":"post-8275","1":"product","2":"type-product","3":"status-publish","4":"has-post-thumbnail","6":"product_cat-masques-lunettes-bouchons-de-securite","7":"product_tag-automotive-fr","8":"product_tag-fournitures-datelier","9":"product_tag-pieces-dautos","10":"has-post-title","11":"has-post-date","12":"has-post-category","13":"has-post-tag","14":"has-post-comment","15":"has-post-author","16":"","17":"fullcover","19":"first","20":"instock","21":"taxable","22":"shipping-taxable","23":"purchasable","24":"product-type-simple"},"jetpack_sharing_enabled":true,"builder_content":"","_links":{"self":[{"href":"https:\/\/fittingsgo.com\/fr\/wp-json\/wp\/v2\/product\/8275","targetHints":{"allow":["GET"]}}],"collection":[{"href":"https:\/\/fittingsgo.com\/fr\/wp-json\/wp\/v2\/product"}],"about":[{"href":"https:\/\/fittingsgo.com\/fr\/wp-json\/wp\/v2\/types\/product"}],"replies":[{"embeddable":true,"href":"https:\/\/fittingsgo.com\/fr\/wp-json\/wp\/v2\/comments?post=8275"}],"wp:featuredmedia":[{"embeddable":true,"href":"https:\/\/fittingsgo.com\/fr\/wp-json\/wp\/v2\/media\/8272"}],"wp:attachment":[{"href":"https:\/\/fittingsgo.com\/fr\/wp-json\/wp\/v2\/media?parent=8275"}],"wp:term":[{"taxonomy":"product_brand","embeddable":true,"href":"https:\/\/fittingsgo.com\/fr\/wp-json\/wp\/v2\/product_brand?post=8275"},{"taxonomy":"product_cat","embeddable":true,"href":"https:\/\/fittingsgo.com\/fr\/wp-json\/wp\/v2\/product_cat?post=8275"},{"taxonomy":"product_tag","embeddable":true,"href":"https:\/\/fittingsgo.com\/fr\/wp-json\/wp\/v2\/product_tag?post=8275"}],"curies":[{"name":"wp","href":"https:\/\/api.w.org\/{rel}","templated":true}]}}