{"id":8269,"date":"2019-10-30T21:40:15","date_gmt":"2019-10-31T02:40:15","guid":{"rendered":"https:\/\/fittingsgo.com\/product\/gants-en-pvc\/"},"modified":"2021-11-09T11:16:37","modified_gmt":"2021-11-09T16:16:37","slug":"gants-en-pvc","status":"publish","type":"product","link":"https:\/\/fittingsgo.com\/fr\/produit\/gants-en-pvc\/","title":{"rendered":"Gants en PVC"},"content":{"rendered":"<p>6554<\/p>\n<div id=\"themify_builder_content-8269\" data-postid=\"8269\" class=\"themify_builder_content themify_builder_content-8269 themify_builder\">\n    <\/div>\n<!-- \/themify_builder_content -->\n","protected":false},"excerpt":{"rendered":"<p>&#8211; 13 po de longueur<br \/>\n&#8211; La finition rugueuse am\u00e9liore l&#8217;adh\u00e9rence dans les applications s\u00e8ches et humides<br \/>\n&#8211; Utilisation lors du traitement de produits chimiques, du raffinage du p\u00e9trole, de la manipulation de produits p\u00e9trochimiques et de mat\u00e9riaux abrasifs recouverts d&#8217;huiles, de graisses et d&#8217;acides<br \/>\n&#8211; Doublure en tricot interlock<br \/>\n&#8211; Taille XL<br \/>\nFabriqu\u00e9 par SAS<\/p>\n","protected":false},"featured_media":8268,"comment_status":"open","ping_status":"closed","template":"","meta":[],"product_brand":[],"product_cat":[322],"product_tag":[],"class_list":{"0":"post-8269","1":"product","2":"type-product","3":"status-publish","4":"has-post-thumbnail","6":"product_cat-gants","7":"has-post-title","8":"has-post-date","9":"has-post-category","10":"has-post-tag","11":"has-post-comment","12":"has-post-author","13":"","14":"fullcover","16":"first","17":"outofstock","18":"taxable","19":"shipping-taxable","20":"purchasable","21":"product-type-simple"},"jetpack_sharing_enabled":true,"builder_content":"","_links":{"self":[{"href":"https:\/\/fittingsgo.com\/fr\/wp-json\/wp\/v2\/product\/8269","targetHints":{"allow":["GET"]}}],"collection":[{"href":"https:\/\/fittingsgo.com\/fr\/wp-json\/wp\/v2\/product"}],"about":[{"href":"https:\/\/fittingsgo.com\/fr\/wp-json\/wp\/v2\/types\/product"}],"replies":[{"embeddable":true,"href":"https:\/\/fittingsgo.com\/fr\/wp-json\/wp\/v2\/comments?post=8269"}],"wp:featuredmedia":[{"embeddable":true,"href":"https:\/\/fittingsgo.com\/fr\/wp-json\/wp\/v2\/media\/8268"}],"wp:attachment":[{"href":"https:\/\/fittingsgo.com\/fr\/wp-json\/wp\/v2\/media?parent=8269"}],"wp:term":[{"taxonomy":"product_brand","embeddable":true,"href":"https:\/\/fittingsgo.com\/fr\/wp-json\/wp\/v2\/product_brand?post=8269"},{"taxonomy":"product_cat","embeddable":true,"href":"https:\/\/fittingsgo.com\/fr\/wp-json\/wp\/v2\/product_cat?post=8269"},{"taxonomy":"product_tag","embeddable":true,"href":"https:\/\/fittingsgo.com\/fr\/wp-json\/wp\/v2\/product_tag?post=8269"}],"curies":[{"name":"wp","href":"https:\/\/api.w.org\/{rel}","templated":true}]}}