{"id":8263,"date":"2019-10-30T21:32:00","date_gmt":"2019-10-31T02:32:00","guid":{"rendered":"https:\/\/fittingsgo.com\/product\/brosse-a-gratter-a-manche-courbe\/"},"modified":"2019-10-30T21:34:52","modified_gmt":"2019-10-31T02:34:52","slug":"brosse-a-gratter-a-manche-courbe","status":"publish","type":"product","link":"https:\/\/fittingsgo.com\/fr\/produit\/brosse-a-gratter-a-manche-courbe\/","title":{"rendered":"Brosse \u00e0 gratter \u00e0 manche courbe"},"content":{"rendered":"<p>Id\u00e9al pour nettoyer les supports d&#8217;\u00e9triers.<br \/>\n1555<\/p>\n<div id=\"themify_builder_content-8263\" data-postid=\"8263\" class=\"themify_builder_content themify_builder_content-8263 themify_builder\">\n    <\/div>\n<!-- \/themify_builder_content -->\n","protected":false},"excerpt":{"rendered":"<p>&#8211; Ces poign\u00e9es durables sont en bois dur et ont une finition lisse pour un confort accru.<br \/>\n&#8211; L&#8217;acier droit tremp\u00e9 \u00e0 l&#8217;huile offre une valeur \u00e9lev\u00e9e pour les travaux moins fr\u00e9quents.<br \/>\n&#8211; Pour un rangement facile, il y a un trou pour suspendre.<br \/>\nFabriqu\u00e9 par Felton<\/p>\n","protected":false},"featured_media":8262,"comment_status":"open","ping_status":"closed","template":"","meta":[],"product_brand":[],"product_cat":[206],"product_tag":[180,177],"class_list":{"0":"post-8263","1":"product","2":"type-product","3":"status-publish","4":"has-post-thumbnail","6":"product_cat-brosses","7":"product_tag-automotive-fr","8":"product_tag-pieces-dautos","9":"has-post-title","10":"has-post-date","11":"has-post-category","12":"has-post-tag","13":"has-post-comment","14":"has-post-author","15":"","16":"fullcover","18":"first","19":"instock","20":"taxable","21":"shipping-taxable","22":"purchasable","23":"product-type-simple"},"jetpack_sharing_enabled":true,"builder_content":"","_links":{"self":[{"href":"https:\/\/fittingsgo.com\/fr\/wp-json\/wp\/v2\/product\/8263","targetHints":{"allow":["GET"]}}],"collection":[{"href":"https:\/\/fittingsgo.com\/fr\/wp-json\/wp\/v2\/product"}],"about":[{"href":"https:\/\/fittingsgo.com\/fr\/wp-json\/wp\/v2\/types\/product"}],"replies":[{"embeddable":true,"href":"https:\/\/fittingsgo.com\/fr\/wp-json\/wp\/v2\/comments?post=8263"}],"wp:featuredmedia":[{"embeddable":true,"href":"https:\/\/fittingsgo.com\/fr\/wp-json\/wp\/v2\/media\/8262"}],"wp:attachment":[{"href":"https:\/\/fittingsgo.com\/fr\/wp-json\/wp\/v2\/media?parent=8263"}],"wp:term":[{"taxonomy":"product_brand","embeddable":true,"href":"https:\/\/fittingsgo.com\/fr\/wp-json\/wp\/v2\/product_brand?post=8263"},{"taxonomy":"product_cat","embeddable":true,"href":"https:\/\/fittingsgo.com\/fr\/wp-json\/wp\/v2\/product_cat?post=8263"},{"taxonomy":"product_tag","embeddable":true,"href":"https:\/\/fittingsgo.com\/fr\/wp-json\/wp\/v2\/product_tag?post=8263"}],"curies":[{"name":"wp","href":"https:\/\/api.w.org\/{rel}","templated":true}]}}