{"id":8244,"date":"2019-10-29T19:37:13","date_gmt":"2019-10-30T00:37:13","guid":{"rendered":"https:\/\/fittingsgo.com\/product\/peinture-de-roues\/"},"modified":"2024-04-20T16:57:27","modified_gmt":"2024-04-20T21:57:27","slug":"peinture-de-roues","status":"publish","type":"product","link":"https:\/\/fittingsgo.com\/fr\/produit\/peinture-de-roues\/","title":{"rendered":"Peinture de roues"},"content":{"rendered":"<p>Personnalisez ou habillez les roues us\u00e9es avec le rev\u00eatement de roues Dupli-Color. Cette formule d\u2019\u00e9mail acrylique perfectionn\u00e9e et test\u00e9e sur piste restaure l\u2019aspect original de la roue et la prot\u00e8ge contre la poussi\u00e8re de freins, les produits chimiques, les solvants de nettoyage, la chaleur et les copeaux. Le rev\u00eatement de roues Dupli-Color se caract\u00e9rise par une finition tr\u00e8s durable avec une adh\u00e9sion sup\u00e9rieure aux roues et aux rev\u00eatements en acier, en aluminium et en plastique.<br \/>\nCHWP10000, CHWP10100, CHWP10200, CHWP104, CHWP108, CHWP10500, CHWP10700<\/p>\n<div id=\"themify_builder_content-8244\" data-postid=\"8244\" class=\"themify_builder_content themify_builder_content-8244 themify_builder\">\n    <\/div>\n<!-- \/themify_builder_content -->\n","protected":false},"excerpt":{"rendered":"<p>&#8211; La finition durable r\u00e9siste \u00e0 la poussi\u00e8re de freins et aux produits chimiques<br \/>\n&#8211; Restaurer l&#8217;apparence de la roue d&#8217;origine ou personnaliser<br \/>\n&#8211; R\u00e9siste aux craquelures, aux pellicules et au pelage<br \/>\n&#8211; Sec au toucher en 30 minutes \/ poign\u00e9e en une heure<br \/>\n&#8211; Utilisation sur roues et accessoires<br \/>\nFabriqu\u00e9 par Dupli-Color<\/p>\n","protected":false},"featured_media":8243,"comment_status":"open","ping_status":"closed","template":"","meta":[],"product_brand":[],"product_cat":[326],"product_tag":[180,177],"class_list":{"0":"post-8244","1":"product","2":"type-product","3":"status-publish","4":"has-post-thumbnail","6":"product_cat-peintures-apprets-etc","7":"product_tag-automotive-fr","8":"product_tag-pieces-dautos","9":"has-post-title","10":"has-post-date","11":"has-post-category","12":"has-post-tag","13":"has-post-comment","14":"has-post-author","15":"","16":"fullcover","18":"first","19":"instock","20":"taxable","21":"shipping-taxable","22":"purchasable","23":"product-type-variable"},"jetpack_sharing_enabled":true,"builder_content":"","_links":{"self":[{"href":"https:\/\/fittingsgo.com\/fr\/wp-json\/wp\/v2\/product\/8244","targetHints":{"allow":["GET"]}}],"collection":[{"href":"https:\/\/fittingsgo.com\/fr\/wp-json\/wp\/v2\/product"}],"about":[{"href":"https:\/\/fittingsgo.com\/fr\/wp-json\/wp\/v2\/types\/product"}],"replies":[{"embeddable":true,"href":"https:\/\/fittingsgo.com\/fr\/wp-json\/wp\/v2\/comments?post=8244"}],"wp:featuredmedia":[{"embeddable":true,"href":"https:\/\/fittingsgo.com\/fr\/wp-json\/wp\/v2\/media\/8243"}],"wp:attachment":[{"href":"https:\/\/fittingsgo.com\/fr\/wp-json\/wp\/v2\/media?parent=8244"}],"wp:term":[{"taxonomy":"product_brand","embeddable":true,"href":"https:\/\/fittingsgo.com\/fr\/wp-json\/wp\/v2\/product_brand?post=8244"},{"taxonomy":"product_cat","embeddable":true,"href":"https:\/\/fittingsgo.com\/fr\/wp-json\/wp\/v2\/product_cat?post=8244"},{"taxonomy":"product_tag","embeddable":true,"href":"https:\/\/fittingsgo.com\/fr\/wp-json\/wp\/v2\/product_tag?post=8244"}],"curies":[{"name":"wp","href":"https:\/\/api.w.org\/{rel}","templated":true}]}}