{"id":8237,"date":"2019-10-28T22:26:53","date_gmt":"2019-10-29T03:26:53","guid":{"rendered":"https:\/\/fittingsgo.com\/product\/appret-2k-epoxy\/"},"modified":"2025-06-19T13:13:45","modified_gmt":"2025-06-19T18:13:45","slug":"appret-2k-epoxy","status":"publish","type":"product","link":"https:\/\/fittingsgo.com\/fr\/produit\/appret-2k-epoxy\/","title":{"rendered":"Appr\u00eat 2K epoxy catalys\u00e9"},"content":{"rendered":"<p>Appr\u00eat \u00e9poxy universel 2K pour toutes les surfaces probl\u00e9matiques; par exemple, un m\u00e9tal, un m\u00e9tal non ferreux, une t\u00f4le d&#8217;acier galvanis\u00e9e ou de l&#8217;aluminium anodis\u00e9.<br \/>\n3680032, 3680033, 3680034<\/p>\n<div id=\"themify_builder_content-8237\" data-postid=\"8237\" class=\"themify_builder_content themify_builder_content-8237 themify_builder\">\n    <\/div>\n<!-- \/themify_builder_content -->\n","protected":false},"excerpt":{"rendered":"<p>&#8211; Excellentes propri\u00e9t\u00e9s d&#8217;adh\u00e9rence et de protection contre la corrosion, m\u00eame sur des surfaces critiques telles que l&#8217;aluminium<br \/>\n&#8211; D\u00e9bit tr\u00e8s doux<br \/>\n&#8211; Excellentes propri\u00e9t\u00e9s isolantes et d&#8217;\u00e9tanch\u00e9it\u00e9<br \/>\n&#8211; Recouvrable avec toutes les couches de base \u00e0 base solvant \/ eau ou les couches de finition en une \u00e9tape<br \/>\n&#8211; Pour surfaces nettoy\u00e9es et ponc\u00e9es<br \/>\nFiche technique (en anglais seulement): <a href=\"https:\/\/fittingsgo.com\/wp-content\/uploads\/2019\/10\/TMB-3680033_USEN.pdf\" target=\"_blank\" rel=\"noopener noreferrer\">TMB-3680033_(US)EN<\/a><br \/>\nFabriqu\u00e9 par SprayMax<\/p>\n","protected":false},"featured_media":8236,"comment_status":"open","ping_status":"closed","template":"","meta":[],"product_brand":[],"product_cat":[326],"product_tag":[180,177],"class_list":{"0":"post-8237","1":"product","2":"type-product","3":"status-publish","4":"has-post-thumbnail","6":"product_cat-peintures-apprets-etc","7":"product_tag-automotive-fr","8":"product_tag-pieces-dautos","9":"has-post-title","10":"has-post-date","11":"has-post-category","12":"has-post-tag","13":"has-post-comment","14":"has-post-author","15":"","16":"fullcover","18":"first","19":"instock","20":"taxable","21":"shipping-taxable","22":"purchasable","23":"product-type-variable"},"jetpack_sharing_enabled":true,"builder_content":"","_links":{"self":[{"href":"https:\/\/fittingsgo.com\/fr\/wp-json\/wp\/v2\/product\/8237","targetHints":{"allow":["GET"]}}],"collection":[{"href":"https:\/\/fittingsgo.com\/fr\/wp-json\/wp\/v2\/product"}],"about":[{"href":"https:\/\/fittingsgo.com\/fr\/wp-json\/wp\/v2\/types\/product"}],"replies":[{"embeddable":true,"href":"https:\/\/fittingsgo.com\/fr\/wp-json\/wp\/v2\/comments?post=8237"}],"wp:featuredmedia":[{"embeddable":true,"href":"https:\/\/fittingsgo.com\/fr\/wp-json\/wp\/v2\/media\/8236"}],"wp:attachment":[{"href":"https:\/\/fittingsgo.com\/fr\/wp-json\/wp\/v2\/media?parent=8237"}],"wp:term":[{"taxonomy":"product_brand","embeddable":true,"href":"https:\/\/fittingsgo.com\/fr\/wp-json\/wp\/v2\/product_brand?post=8237"},{"taxonomy":"product_cat","embeddable":true,"href":"https:\/\/fittingsgo.com\/fr\/wp-json\/wp\/v2\/product_cat?post=8237"},{"taxonomy":"product_tag","embeddable":true,"href":"https:\/\/fittingsgo.com\/fr\/wp-json\/wp\/v2\/product_tag?post=8237"}],"curies":[{"name":"wp","href":"https:\/\/api.w.org\/{rel}","templated":true}]}}