{"id":8228,"date":"2019-10-28T22:11:02","date_gmt":"2019-10-29T03:11:02","guid":{"rendered":"https:\/\/fittingsgo.com\/product\/vernis-u-pol-clear-1\/"},"modified":"2022-02-14T16:06:37","modified_gmt":"2022-02-14T21:06:37","slug":"vernis-u-pol-clear-1","status":"publish","type":"product","link":"https:\/\/fittingsgo.com\/fr\/produit\/vernis-u-pol-clear-1\/","title":{"rendered":"Vernis u-pol Clear #1"},"content":{"rendered":"<p>Une couche transparente avanc\u00e9e qui donne une excellente finition tr\u00e8s brillante dans un a\u00e9rosol pratique. Id\u00e9al pour les r\u00e9parations ponctuelles, comme les ailes, les housses de pare-chocs, les housses de r\u00e9troviseurs et les moulures.<br \/>\nUP0796<\/p>\n<div id=\"themify_builder_content-8228\" data-postid=\"8228\" class=\"themify_builder_content themify_builder_content-8228 themify_builder\">\n    <\/div>\n<!-- \/themify_builder_content -->\n","protected":false},"excerpt":{"rendered":"<p>&#8211; Fini lustr\u00e9 et excellente profondeur pour une r\u00e9paration homog\u00e8ne et homog\u00e8ne<br \/>\n&#8211; S\u00e9chage rapide pour une productivit\u00e9 accrue et r\u00e9sistance aux UV pour une durabilit\u00e9 exceptionnelle<br \/>\n&#8211; Compatible avec la plupart des syst\u00e8mes de peinture \u00e0 base d&#8217;eau ou \u00e0 base de solvant<br \/>\nFiche technique (en anglais seulement): <a href=\"https:\/\/fittingsgo.com\/wp-content\/uploads\/2019\/10\/CLEAR1-TDS-US.pdf\" target=\"_blank\" rel=\"noopener noreferrer\">CLEAR#1-TDS-US<\/a><br \/>\nFabriqu\u00e9 par u-pol<\/p>\n","protected":false},"featured_media":8227,"comment_status":"open","ping_status":"closed","template":"","meta":[],"product_brand":[],"product_cat":[326],"product_tag":[],"class_list":{"0":"post-8228","1":"product","2":"type-product","3":"status-publish","4":"has-post-thumbnail","6":"product_cat-peintures-apprets-etc","7":"has-post-title","8":"has-post-date","9":"has-post-category","10":"has-post-tag","11":"has-post-comment","12":"has-post-author","13":"","14":"fullcover","16":"first","17":"outofstock","18":"taxable","19":"shipping-taxable","20":"purchasable","21":"product-type-simple"},"jetpack_sharing_enabled":true,"builder_content":"","_links":{"self":[{"href":"https:\/\/fittingsgo.com\/fr\/wp-json\/wp\/v2\/product\/8228","targetHints":{"allow":["GET"]}}],"collection":[{"href":"https:\/\/fittingsgo.com\/fr\/wp-json\/wp\/v2\/product"}],"about":[{"href":"https:\/\/fittingsgo.com\/fr\/wp-json\/wp\/v2\/types\/product"}],"replies":[{"embeddable":true,"href":"https:\/\/fittingsgo.com\/fr\/wp-json\/wp\/v2\/comments?post=8228"}],"wp:featuredmedia":[{"embeddable":true,"href":"https:\/\/fittingsgo.com\/fr\/wp-json\/wp\/v2\/media\/8227"}],"wp:attachment":[{"href":"https:\/\/fittingsgo.com\/fr\/wp-json\/wp\/v2\/media?parent=8228"}],"wp:term":[{"taxonomy":"product_brand","embeddable":true,"href":"https:\/\/fittingsgo.com\/fr\/wp-json\/wp\/v2\/product_brand?post=8228"},{"taxonomy":"product_cat","embeddable":true,"href":"https:\/\/fittingsgo.com\/fr\/wp-json\/wp\/v2\/product_cat?post=8228"},{"taxonomy":"product_tag","embeddable":true,"href":"https:\/\/fittingsgo.com\/fr\/wp-json\/wp\/v2\/product_tag?post=8228"}],"curies":[{"name":"wp","href":"https:\/\/api.w.org\/{rel}","templated":true}]}}