{"id":8222,"date":"2019-10-28T21:59:20","date_gmt":"2019-10-29T02:59:20","guid":{"rendered":"https:\/\/fittingsgo.com\/product\/vernis-2k-glamour\/"},"modified":"2020-03-21T21:02:49","modified_gmt":"2020-03-22T02:02:49","slug":"vernis-2k-glamour","status":"publish","type":"product","link":"https:\/\/fittingsgo.com\/fr\/produit\/vernis-2k-glamour\/","title":{"rendered":"Vernis catalys\u00e9 2K \u00abGlamour\u00bb"},"content":{"rendered":"<p>Couche transparente 2K \u00e0 tr\u00e8s haute r\u00e9sistance aux produits chimiques, \u00e0 l&#8217;essence et aux intemp\u00e9ries pour une \u00e9tanch\u00e9it\u00e9 de haute qualit\u00e9 et \u00e0 long terme des travaux de peinture de r\u00e9paration et des nouveaux travaux de peinture sur les voitures et les motos.<br \/>\n3680061<\/p>\n<div id=\"themify_builder_content-8222\" data-postid=\"8222\" class=\"themify_builder_content themify_builder_content-8222 themify_builder\">\n    <\/div>\n<!-- \/themify_builder_content -->\n","protected":false},"excerpt":{"rendered":"<p>&#8211; R\u00e9sistance maximale \u00e0 l&#8217;abrasion et aux rayures<br \/>\n&#8211; D\u00e9bit tr\u00e8s doux<br \/>\n&#8211; Haute brillance durable<br \/>\n&#8211; Tr\u00e8s bonne capacit\u00e9 de polissage<br \/>\n&#8211; Pas de d\u00e9viation de couleur<br \/>\n&#8211; Surface de peinture exceptionnelle<br \/>\n&#8211; Convient m\u00eame \u00e0 des temp\u00e9ratures ambiantes \u00e9lev\u00e9es<br \/>\nFiche technique (en anglais seulement): <a href=\"https:\/\/fittingsgo.com\/wp-content\/uploads\/2019\/10\/TMB-3680061_USEN.pdf\" target=\"_blank\" rel=\"noopener noreferrer\">TMB-3680061_(US)EN<\/a><br \/>\nFabriqu\u00e9 par SprayMax<\/p>\n","protected":false},"featured_media":8221,"comment_status":"open","ping_status":"closed","template":"","meta":[],"product_brand":[],"product_cat":[326],"product_tag":[180,177],"class_list":{"0":"post-8222","1":"product","2":"type-product","3":"status-publish","4":"has-post-thumbnail","6":"product_cat-peintures-apprets-etc","7":"product_tag-automotive-fr","8":"product_tag-pieces-dautos","9":"has-post-title","10":"has-post-date","11":"has-post-category","12":"has-post-tag","13":"has-post-comment","14":"has-post-author","15":"","16":"fullcover","18":"first","19":"outofstock","20":"taxable","21":"shipping-taxable","22":"purchasable","23":"product-type-simple"},"jetpack_sharing_enabled":true,"builder_content":"","_links":{"self":[{"href":"https:\/\/fittingsgo.com\/fr\/wp-json\/wp\/v2\/product\/8222","targetHints":{"allow":["GET"]}}],"collection":[{"href":"https:\/\/fittingsgo.com\/fr\/wp-json\/wp\/v2\/product"}],"about":[{"href":"https:\/\/fittingsgo.com\/fr\/wp-json\/wp\/v2\/types\/product"}],"replies":[{"embeddable":true,"href":"https:\/\/fittingsgo.com\/fr\/wp-json\/wp\/v2\/comments?post=8222"}],"wp:featuredmedia":[{"embeddable":true,"href":"https:\/\/fittingsgo.com\/fr\/wp-json\/wp\/v2\/media\/8221"}],"wp:attachment":[{"href":"https:\/\/fittingsgo.com\/fr\/wp-json\/wp\/v2\/media?parent=8222"}],"wp:term":[{"taxonomy":"product_brand","embeddable":true,"href":"https:\/\/fittingsgo.com\/fr\/wp-json\/wp\/v2\/product_brand?post=8222"},{"taxonomy":"product_cat","embeddable":true,"href":"https:\/\/fittingsgo.com\/fr\/wp-json\/wp\/v2\/product_cat?post=8222"},{"taxonomy":"product_tag","embeddable":true,"href":"https:\/\/fittingsgo.com\/fr\/wp-json\/wp\/v2\/product_tag?post=8222"}],"curies":[{"name":"wp","href":"https:\/\/api.w.org\/{rel}","templated":true}]}}