{"id":8216,"date":"2019-10-28T21:46:20","date_gmt":"2019-10-29T02:46:20","guid":{"rendered":"https:\/\/fittingsgo.com\/product\/spot-blender\/"},"modified":"2020-02-05T22:09:32","modified_gmt":"2020-02-06T03:09:32","slug":"spot-blender","status":"publish","type":"product","link":"https:\/\/fittingsgo.com\/fr\/produit\/spot-blender\/","title":{"rendered":"\u00abSpot Blender\u00bb"},"content":{"rendered":"<p>\u00ab1K Spot Blender\u00bb est un produit sp\u00e9cial pour les transitions de peinture homog\u00e8nes dans la zone de m\u00e9lange des couches transparentes 2K ainsi que des couches de finition \u00e0 une \u00e9tape avec des r\u00e9sultats de m\u00e9lange exceptionnels. Le \u00abSpot Blender\u00bb est utilis\u00e9 imm\u00e9diatement apr\u00e8s l&#8217;application de la couche transparente \/ de finition.<br \/>\n3680093<\/p>\n<div id=\"themify_builder_content-8216\" data-postid=\"8216\" class=\"themify_builder_content themify_builder_content-8216 themify_builder\">\n    <\/div>\n<!-- \/themify_builder_content -->\n","protected":false},"excerpt":{"rendered":"<p>&#8211; Transitions de bord homog\u00e8nes dans la zone de m\u00e9lange<br \/>\n&#8211; Capacit\u00e9 de m\u00e9lange sup\u00e9rieure<br \/>\n&#8211; Aucun \u00e9cart de couleur<br \/>\n&#8211; Id\u00e9al pour les r\u00e9parations ponctuelles<br \/>\nFiche technique (en anglais seulement): <a href=\"https:\/\/fittingsgo.com\/wp-content\/uploads\/2019\/10\/TMB-3680093_USEN.pdf\" target=\"_blank\" rel=\"noopener noreferrer\">TMB-3680093_(US)EN<\/a><br \/>\nFabriqu\u00e9 par SprayMax<\/p>\n","protected":false},"featured_media":8212,"comment_status":"open","ping_status":"closed","template":"","meta":[],"product_brand":[],"product_cat":[326],"product_tag":[],"class_list":{"0":"post-8216","1":"product","2":"type-product","3":"status-publish","4":"has-post-thumbnail","6":"product_cat-peintures-apprets-etc","7":"has-post-title","8":"has-post-date","9":"has-post-category","10":"has-post-tag","11":"has-post-comment","12":"has-post-author","13":"","14":"fullcover","16":"first","17":"instock","18":"taxable","19":"shipping-taxable","20":"purchasable","21":"product-type-simple"},"jetpack_sharing_enabled":true,"builder_content":"","_links":{"self":[{"href":"https:\/\/fittingsgo.com\/fr\/wp-json\/wp\/v2\/product\/8216","targetHints":{"allow":["GET"]}}],"collection":[{"href":"https:\/\/fittingsgo.com\/fr\/wp-json\/wp\/v2\/product"}],"about":[{"href":"https:\/\/fittingsgo.com\/fr\/wp-json\/wp\/v2\/types\/product"}],"replies":[{"embeddable":true,"href":"https:\/\/fittingsgo.com\/fr\/wp-json\/wp\/v2\/comments?post=8216"}],"wp:featuredmedia":[{"embeddable":true,"href":"https:\/\/fittingsgo.com\/fr\/wp-json\/wp\/v2\/media\/8212"}],"wp:attachment":[{"href":"https:\/\/fittingsgo.com\/fr\/wp-json\/wp\/v2\/media?parent=8216"}],"wp:term":[{"taxonomy":"product_brand","embeddable":true,"href":"https:\/\/fittingsgo.com\/fr\/wp-json\/wp\/v2\/product_brand?post=8216"},{"taxonomy":"product_cat","embeddable":true,"href":"https:\/\/fittingsgo.com\/fr\/wp-json\/wp\/v2\/product_cat?post=8216"},{"taxonomy":"product_tag","embeddable":true,"href":"https:\/\/fittingsgo.com\/fr\/wp-json\/wp\/v2\/product_tag?post=8216"}],"curies":[{"name":"wp","href":"https:\/\/api.w.org\/{rel}","templated":true}]}}