{"id":8204,"date":"2019-10-28T21:18:33","date_gmt":"2019-10-29T02:18:33","guid":{"rendered":"https:\/\/fittingsgo.com\/product\/guenilles-tack-rags\/"},"modified":"2019-10-28T21:20:03","modified_gmt":"2019-10-29T02:20:03","slug":"guenilles-tack-rags","status":"publish","type":"product","link":"https:\/\/fittingsgo.com\/fr\/produit\/guenilles-tack-rags\/","title":{"rendered":"Guenilles \u00abTack Rags\u00bb"},"content":{"rendered":"<p>020001G<\/p>\n<div id=\"themify_builder_content-8204\" data-postid=\"8204\" class=\"themify_builder_content themify_builder_content-8204 themify_builder\">\n    <\/div>\n<!-- \/themify_builder_content -->\n","protected":false},"excerpt":{"rendered":"<p>Substrat de gaze de coton blanchi \u00e0 100%<br \/>\n&#8211; La mati\u00e8re en coton doux \u00e9pouse les formes de la surface.<br \/>\n&#8211; \u00c9limine compl\u00e8tement les particules de surface sans laisser de r\u00e9sidus nocifs.<br \/>\n&#8211; Sans cire et sans silicone.<br \/>\n&#8211; Taille: 18 po x 36 po<br \/>\nVendus s\u00e9par\u00e9ment<br \/>\nFabriqu\u00e9 par Gerson<\/p>\n","protected":false},"featured_media":11709,"comment_status":"open","ping_status":"closed","template":"","meta":[],"product_brand":[],"product_cat":[229],"product_tag":[180,177],"class_list":{"0":"post-8204","1":"product","2":"type-product","3":"status-publish","4":"has-post-thumbnail","6":"product_cat-outils-de-carrosserie","7":"product_tag-automotive-fr","8":"product_tag-pieces-dautos","9":"has-post-title","10":"has-post-date","11":"has-post-category","12":"has-post-tag","13":"has-post-comment","14":"has-post-author","15":"","16":"fullcover","18":"first","19":"instock","20":"taxable","21":"shipping-taxable","22":"purchasable","23":"product-type-simple"},"jetpack_sharing_enabled":true,"builder_content":"","_links":{"self":[{"href":"https:\/\/fittingsgo.com\/fr\/wp-json\/wp\/v2\/product\/8204","targetHints":{"allow":["GET"]}}],"collection":[{"href":"https:\/\/fittingsgo.com\/fr\/wp-json\/wp\/v2\/product"}],"about":[{"href":"https:\/\/fittingsgo.com\/fr\/wp-json\/wp\/v2\/types\/product"}],"replies":[{"embeddable":true,"href":"https:\/\/fittingsgo.com\/fr\/wp-json\/wp\/v2\/comments?post=8204"}],"wp:featuredmedia":[{"embeddable":true,"href":"https:\/\/fittingsgo.com\/fr\/wp-json\/wp\/v2\/media\/11709"}],"wp:attachment":[{"href":"https:\/\/fittingsgo.com\/fr\/wp-json\/wp\/v2\/media?parent=8204"}],"wp:term":[{"taxonomy":"product_brand","embeddable":true,"href":"https:\/\/fittingsgo.com\/fr\/wp-json\/wp\/v2\/product_brand?post=8204"},{"taxonomy":"product_cat","embeddable":true,"href":"https:\/\/fittingsgo.com\/fr\/wp-json\/wp\/v2\/product_cat?post=8204"},{"taxonomy":"product_tag","embeddable":true,"href":"https:\/\/fittingsgo.com\/fr\/wp-json\/wp\/v2\/product_tag?post=8204"}],"curies":[{"name":"wp","href":"https:\/\/api.w.org\/{rel}","templated":true}]}}