{"id":8184,"date":"2019-10-28T20:21:33","date_gmt":"2019-10-29T01:21:33","guid":{"rendered":"https:\/\/fittingsgo.com\/product\/compose-daluminium-pour-la-reparation\/"},"modified":"2025-10-17T17:01:37","modified_gmt":"2025-10-17T22:01:37","slug":"compose-daluminium-pour-la-reparation","status":"publish","type":"product","link":"https:\/\/fittingsgo.com\/fr\/produit\/compose-daluminium-pour-la-reparation\/","title":{"rendered":"Compos\u00e9 d&#8217;aluminium pour la r\u00e9paration"},"content":{"rendered":"<p>PF160<\/p>\n<div id=\"themify_builder_content-8184\" data-postid=\"8184\" class=\"themify_builder_content themify_builder_content-8184 themify_builder\">\n    <\/div>\n<!-- \/themify_builder_content -->\n","protected":false},"excerpt":{"rendered":"<p>Compos\u00e9 renforc\u00e9 d\u2019aluminium con\u00e7u pour les r\u00e9parations m\u00e9talliques. Utilis\u00e9 pour remplir et niveler les r\u00e9parations de corrosion, les soudures et les rivets. Formulation consistante ayant d\u2019excellentes propri\u00e9t\u00e9s anti corrosives et de r\u00e9sistance \u00e0 l\u2019essence. Adh\u00e9rence au m\u00e9tal, \u00e0 l\u2019acier galvanis\u00e9 et \u00e0 l\u2019aluminium. Durcisseur inclus.<br \/>\nFabriqu\u00e9 par Pro Form<\/p>\n","protected":false},"featured_media":8183,"comment_status":"open","ping_status":"closed","template":"","meta":[],"product_brand":[],"product_cat":[472],"product_tag":[180,177],"class_list":{"0":"post-8184","1":"product","2":"type-product","3":"status-publish","4":"has-post-thumbnail","6":"product_cat-mastic-et-fibre-de-verre","7":"product_tag-automotive-fr","8":"product_tag-pieces-dautos","9":"has-post-title","10":"has-post-date","11":"has-post-category","12":"has-post-tag","13":"has-post-comment","14":"has-post-author","15":"","16":"fullcover","18":"first","19":"instock","20":"taxable","21":"shipping-taxable","22":"purchasable","23":"product-type-simple"},"jetpack_sharing_enabled":true,"builder_content":"","_links":{"self":[{"href":"https:\/\/fittingsgo.com\/fr\/wp-json\/wp\/v2\/product\/8184","targetHints":{"allow":["GET"]}}],"collection":[{"href":"https:\/\/fittingsgo.com\/fr\/wp-json\/wp\/v2\/product"}],"about":[{"href":"https:\/\/fittingsgo.com\/fr\/wp-json\/wp\/v2\/types\/product"}],"replies":[{"embeddable":true,"href":"https:\/\/fittingsgo.com\/fr\/wp-json\/wp\/v2\/comments?post=8184"}],"wp:featuredmedia":[{"embeddable":true,"href":"https:\/\/fittingsgo.com\/fr\/wp-json\/wp\/v2\/media\/8183"}],"wp:attachment":[{"href":"https:\/\/fittingsgo.com\/fr\/wp-json\/wp\/v2\/media?parent=8184"}],"wp:term":[{"taxonomy":"product_brand","embeddable":true,"href":"https:\/\/fittingsgo.com\/fr\/wp-json\/wp\/v2\/product_brand?post=8184"},{"taxonomy":"product_cat","embeddable":true,"href":"https:\/\/fittingsgo.com\/fr\/wp-json\/wp\/v2\/product_cat?post=8184"},{"taxonomy":"product_tag","embeddable":true,"href":"https:\/\/fittingsgo.com\/fr\/wp-json\/wp\/v2\/product_tag?post=8184"}],"curies":[{"name":"wp","href":"https:\/\/api.w.org\/{rel}","templated":true}]}}