{"id":8180,"date":"2019-10-28T20:11:56","date_gmt":"2019-10-29T01:11:56","guid":{"rendered":"https:\/\/fittingsgo.com\/product\/preparation-de-resine-et-fibre-de-verre-a-poils-longs\/"},"modified":"2020-10-10T21:37:33","modified_gmt":"2020-10-11T02:37:33","slug":"preparation-de-resine-et-fibre-de-verre-a-poils-longs","status":"publish","type":"product","link":"https:\/\/fittingsgo.com\/fr\/produit\/preparation-de-resine-et-fibre-de-verre-a-poils-longs\/","title":{"rendered":"Pr\u00e9paration de r\u00e9sine et fibre de verre \u00e0 poils longs"},"content":{"rendered":"<p>R400C<\/p>\n<div id=\"themify_builder_content-8180\" data-postid=\"8180\" class=\"themify_builder_content themify_builder_content-8180 themify_builder\">\n    <\/div>\n<!-- \/themify_builder_content -->\n","protected":false},"excerpt":{"rendered":"<p>Polyester avec r\u00e9sine et fibres longues.<br \/>\nBidon de 800 g, comprend 1 petit tube de durcisseur en cr\u00e8me.<\/p>\n","protected":false},"featured_media":8179,"comment_status":"open","ping_status":"closed","template":"","meta":[],"product_brand":[],"product_cat":[472],"product_tag":[180,177],"class_list":{"0":"post-8180","1":"product","2":"type-product","3":"status-publish","4":"has-post-thumbnail","6":"product_cat-mastic-et-fibre-de-verre","7":"product_tag-automotive-fr","8":"product_tag-pieces-dautos","9":"has-post-title","10":"has-post-date","11":"has-post-category","12":"has-post-tag","13":"has-post-comment","14":"has-post-author","15":"","16":"fullcover","18":"first","19":"instock","20":"taxable","21":"shipping-taxable","22":"purchasable","23":"product-type-simple"},"jetpack_sharing_enabled":true,"builder_content":"","_links":{"self":[{"href":"https:\/\/fittingsgo.com\/fr\/wp-json\/wp\/v2\/product\/8180","targetHints":{"allow":["GET"]}}],"collection":[{"href":"https:\/\/fittingsgo.com\/fr\/wp-json\/wp\/v2\/product"}],"about":[{"href":"https:\/\/fittingsgo.com\/fr\/wp-json\/wp\/v2\/types\/product"}],"replies":[{"embeddable":true,"href":"https:\/\/fittingsgo.com\/fr\/wp-json\/wp\/v2\/comments?post=8180"}],"wp:featuredmedia":[{"embeddable":true,"href":"https:\/\/fittingsgo.com\/fr\/wp-json\/wp\/v2\/media\/8179"}],"wp:attachment":[{"href":"https:\/\/fittingsgo.com\/fr\/wp-json\/wp\/v2\/media?parent=8180"}],"wp:term":[{"taxonomy":"product_brand","embeddable":true,"href":"https:\/\/fittingsgo.com\/fr\/wp-json\/wp\/v2\/product_brand?post=8180"},{"taxonomy":"product_cat","embeddable":true,"href":"https:\/\/fittingsgo.com\/fr\/wp-json\/wp\/v2\/product_cat?post=8180"},{"taxonomy":"product_tag","embeddable":true,"href":"https:\/\/fittingsgo.com\/fr\/wp-json\/wp\/v2\/product_tag?post=8180"}],"curies":[{"name":"wp","href":"https:\/\/api.w.org\/{rel}","templated":true}]}}