{"id":8176,"date":"2019-10-28T19:59:15","date_gmt":"2019-10-29T00:59:15","guid":{"rendered":"https:\/\/fittingsgo.com\/product\/mastic-a-poils-courts\/"},"modified":"2020-10-10T21:37:33","modified_gmt":"2020-10-11T02:37:33","slug":"mastic-a-poils-courts","status":"publish","type":"product","link":"https:\/\/fittingsgo.com\/fr\/produit\/mastic-a-poils-courts\/","title":{"rendered":"Mastic \u00e0 poils courts"},"content":{"rendered":"<p>R230C<\/p>\n<div id=\"themify_builder_content-8176\" data-postid=\"8176\" class=\"themify_builder_content themify_builder_content-8176 themify_builder\">\n    <\/div>\n<!-- \/themify_builder_content -->\n","protected":false},"excerpt":{"rendered":"<p>\u00abRoyal Glass\u00bb est une p\u00e2te super r\u00e9sistante contenant une infinit\u00e9 de petites particules de fibres de verre.<br \/>\n&#8211; Imperm\u00e9able<br \/>\n&#8211; Facile \u00e0 r\u00e9pandre<br \/>\n&#8211; r\u00e9sistant \u00e0 la corrosion<br \/>\n&#8211; adh\u00e9rence sup\u00e9rieure<br \/>\nBidon de 1,05 kg, comprend 1 petit tube de durcisseur en cr\u00e8me.<\/p>\n","protected":false},"featured_media":8173,"comment_status":"open","ping_status":"closed","template":"","meta":[],"product_brand":[],"product_cat":[472],"product_tag":[180,177],"class_list":{"0":"post-8176","1":"product","2":"type-product","3":"status-publish","4":"has-post-thumbnail","6":"product_cat-mastic-et-fibre-de-verre","7":"product_tag-automotive-fr","8":"product_tag-pieces-dautos","9":"has-post-title","10":"has-post-date","11":"has-post-category","12":"has-post-tag","13":"has-post-comment","14":"has-post-author","15":"","16":"fullcover","18":"first","19":"instock","20":"taxable","21":"shipping-taxable","22":"purchasable","23":"product-type-simple"},"jetpack_sharing_enabled":true,"builder_content":"","_links":{"self":[{"href":"https:\/\/fittingsgo.com\/fr\/wp-json\/wp\/v2\/product\/8176","targetHints":{"allow":["GET"]}}],"collection":[{"href":"https:\/\/fittingsgo.com\/fr\/wp-json\/wp\/v2\/product"}],"about":[{"href":"https:\/\/fittingsgo.com\/fr\/wp-json\/wp\/v2\/types\/product"}],"replies":[{"embeddable":true,"href":"https:\/\/fittingsgo.com\/fr\/wp-json\/wp\/v2\/comments?post=8176"}],"wp:featuredmedia":[{"embeddable":true,"href":"https:\/\/fittingsgo.com\/fr\/wp-json\/wp\/v2\/media\/8173"}],"wp:attachment":[{"href":"https:\/\/fittingsgo.com\/fr\/wp-json\/wp\/v2\/media?parent=8176"}],"wp:term":[{"taxonomy":"product_brand","embeddable":true,"href":"https:\/\/fittingsgo.com\/fr\/wp-json\/wp\/v2\/product_brand?post=8176"},{"taxonomy":"product_cat","embeddable":true,"href":"https:\/\/fittingsgo.com\/fr\/wp-json\/wp\/v2\/product_cat?post=8176"},{"taxonomy":"product_tag","embeddable":true,"href":"https:\/\/fittingsgo.com\/fr\/wp-json\/wp\/v2\/product_tag?post=8176"}],"curies":[{"name":"wp","href":"https:\/\/api.w.org\/{rel}","templated":true}]}}