{"id":8170,"date":"2019-10-28T19:48:04","date_gmt":"2019-10-29T00:48:04","guid":{"rendered":"https:\/\/fittingsgo.com\/product\/trousse-de-reparation-a-la-resine-renforcee-de-fibre-de-verre-bondo\/"},"modified":"2020-01-15T22:07:41","modified_gmt":"2020-01-16T03:07:41","slug":"trousse-de-reparation-a-la-resine-renforcee-de-fibre-de-verre-bondo","status":"publish","type":"product","link":"https:\/\/fittingsgo.com\/fr\/produit\/trousse-de-reparation-a-la-resine-renforcee-de-fibre-de-verre-bondo\/","title":{"rendered":"Trousse de r\u00e9paration \u00e0 la r\u00e9sine renforc\u00e9e de fibre de verre Bondo"},"content":{"rendered":"<p>La trousse de r\u00e9paration \u00e0 la r\u00e9sine renforc\u00e9e de fibre de verre Bondo\u00ae est une solution pour que vous puissiez effectuer facilement et efficacement des travaux de r\u00e9paration de carrosserie. Les utilisateurs peuvent r\u00e9parer les composants de carrosserie fissur\u00e9s, bris\u00e9s ou rouill\u00e9s rapidement, facilement et \u00e0 une fraction du co\u00fbt engendr\u00e9 par le remplacement des pi\u00e8ces ou des panneaux. La trousse comprend de la r\u00e9sine et du durcisseur pour obturation permanente et \u00e9tanche qui durcit en aussi peu que deux heures et qui est compatible avec tous les types de peinture.<br \/>\n422, 422C<\/p>\n<div id=\"themify_builder_content-8170\" data-postid=\"8170\" class=\"themify_builder_content themify_builder_content-8170 themify_builder\">\n    <\/div>\n<!-- \/themify_builder_content -->\n","protected":false},"excerpt":{"rendered":"<p>Contenu de la trousse de r\u00e9paration \u00e0 la r\u00e9sine renforc\u00e9e de fibre de verre Bondo: Contenant de r\u00e9sine renforc\u00e9e de fibre de verre de 852 ml (29 oz), contenant de durcisseur liquide de 11 ml ( 0,4 oz), raclette en plastique et mat de fibre de verre<\/p>\n","protected":false},"featured_media":8167,"comment_status":"open","ping_status":"closed","template":"","meta":[],"product_brand":[],"product_cat":[472],"product_tag":[180,177],"class_list":{"0":"post-8170","1":"product","2":"type-product","3":"status-publish","4":"has-post-thumbnail","6":"product_cat-mastic-et-fibre-de-verre","7":"product_tag-automotive-fr","8":"product_tag-pieces-dautos","9":"has-post-title","10":"has-post-date","11":"has-post-category","12":"has-post-tag","13":"has-post-comment","14":"has-post-author","15":"","16":"fullcover","18":"first","19":"instock","20":"taxable","21":"shipping-taxable","22":"purchasable","23":"product-type-simple"},"jetpack_sharing_enabled":true,"builder_content":"","_links":{"self":[{"href":"https:\/\/fittingsgo.com\/fr\/wp-json\/wp\/v2\/product\/8170","targetHints":{"allow":["GET"]}}],"collection":[{"href":"https:\/\/fittingsgo.com\/fr\/wp-json\/wp\/v2\/product"}],"about":[{"href":"https:\/\/fittingsgo.com\/fr\/wp-json\/wp\/v2\/types\/product"}],"replies":[{"embeddable":true,"href":"https:\/\/fittingsgo.com\/fr\/wp-json\/wp\/v2\/comments?post=8170"}],"wp:featuredmedia":[{"embeddable":true,"href":"https:\/\/fittingsgo.com\/fr\/wp-json\/wp\/v2\/media\/8167"}],"wp:attachment":[{"href":"https:\/\/fittingsgo.com\/fr\/wp-json\/wp\/v2\/media?parent=8170"}],"wp:term":[{"taxonomy":"product_brand","embeddable":true,"href":"https:\/\/fittingsgo.com\/fr\/wp-json\/wp\/v2\/product_brand?post=8170"},{"taxonomy":"product_cat","embeddable":true,"href":"https:\/\/fittingsgo.com\/fr\/wp-json\/wp\/v2\/product_cat?post=8170"},{"taxonomy":"product_tag","embeddable":true,"href":"https:\/\/fittingsgo.com\/fr\/wp-json\/wp\/v2\/product_tag?post=8170"}],"curies":[{"name":"wp","href":"https:\/\/api.w.org\/{rel}","templated":true}]}}