{"id":8126,"date":"2019-10-25T21:47:58","date_gmt":"2019-10-26T02:47:58","guid":{"rendered":"https:\/\/fittingsgo.com\/product\/fil-de-batterie-2-ga-bobine-de-25-pi\/"},"modified":"2019-10-25T22:44:18","modified_gmt":"2019-10-26T03:44:18","slug":"fil-de-batterie-2-ga-bobine-de-25-pi","status":"publish","type":"product","link":"https:\/\/fittingsgo.com\/fr\/produit\/fil-de-batterie-2-ga-bobine-de-25-pi\/","title":{"rendered":"Fil de batterie 2 GA &#8211; bobine de 25 pi"},"content":{"rendered":"<p>Isolant en PVC robuste et r\u00e9sistant aux temp\u00e9ratures \u00e9lev\u00e9es, r\u00e9sistant \u00e0 l&#8217;abrasion et aux produits chimiques. Conducteur en cuivre de calibre complet. Recommand\u00e9 pour connecter la batterie au commutateur, au d\u00e9marreur et \u00e0 la terre. Satisfait ou d\u00e9passe les sp\u00e9cifications SAE J1127. Nominale de -50\u00b0 C \u00e0 105\u00b0 C<br \/>\n8102-PK, 8102PK, 8102-5-PK, 81025PK<\/p>\n<div id=\"themify_builder_content-8126\" data-postid=\"8126\" class=\"themify_builder_content themify_builder_content-8126 themify_builder\">\n    <\/div>\n<!-- \/themify_builder_content -->\n","protected":false},"excerpt":{"rendered":"<p>C\u00e2ble de d\u00e9marrage de batterie 60 V<br \/>\nO.D.: .450<br \/>\nStranding: 133\/23<br \/>\nFabriqu\u00e9 par Pico<\/p>\n","protected":false},"featured_media":8125,"comment_status":"open","ping_status":"closed","template":"","meta":[],"product_brand":[],"product_cat":[261],"product_tag":[180,177],"class_list":{"0":"post-8126","1":"product","2":"type-product","3":"status-publish","4":"has-post-thumbnail","6":"product_cat-cables-fr","7":"product_tag-automotive-fr","8":"product_tag-pieces-dautos","9":"has-post-title","10":"has-post-date","11":"has-post-category","12":"has-post-tag","13":"has-post-comment","14":"has-post-author","15":"","16":"fullcover","18":"first","19":"instock","20":"taxable","21":"shipping-taxable","22":"purchasable","23":"product-type-variable"},"jetpack_sharing_enabled":true,"builder_content":"","_links":{"self":[{"href":"https:\/\/fittingsgo.com\/fr\/wp-json\/wp\/v2\/product\/8126","targetHints":{"allow":["GET"]}}],"collection":[{"href":"https:\/\/fittingsgo.com\/fr\/wp-json\/wp\/v2\/product"}],"about":[{"href":"https:\/\/fittingsgo.com\/fr\/wp-json\/wp\/v2\/types\/product"}],"replies":[{"embeddable":true,"href":"https:\/\/fittingsgo.com\/fr\/wp-json\/wp\/v2\/comments?post=8126"}],"wp:featuredmedia":[{"embeddable":true,"href":"https:\/\/fittingsgo.com\/fr\/wp-json\/wp\/v2\/media\/8125"}],"wp:attachment":[{"href":"https:\/\/fittingsgo.com\/fr\/wp-json\/wp\/v2\/media?parent=8126"}],"wp:term":[{"taxonomy":"product_brand","embeddable":true,"href":"https:\/\/fittingsgo.com\/fr\/wp-json\/wp\/v2\/product_brand?post=8126"},{"taxonomy":"product_cat","embeddable":true,"href":"https:\/\/fittingsgo.com\/fr\/wp-json\/wp\/v2\/product_cat?post=8126"},{"taxonomy":"product_tag","embeddable":true,"href":"https:\/\/fittingsgo.com\/fr\/wp-json\/wp\/v2\/product_tag?post=8126"}],"curies":[{"name":"wp","href":"https:\/\/api.w.org\/{rel}","templated":true}]}}