{"id":8110,"date":"2019-10-24T21:33:08","date_gmt":"2019-10-25T02:33:08","guid":{"rendered":"https:\/\/fittingsgo.com\/product\/rivet-daluminium-et-tige-dacier\/"},"modified":"2020-06-28T21:17:35","modified_gmt":"2020-06-29T02:17:35","slug":"rivet-daluminium-et-tige-dacier","status":"publish","type":"product","link":"https:\/\/fittingsgo.com\/fr\/produit\/rivet-daluminium-et-tige-dacier\/","title":{"rendered":"Rivet d\u2019aluminium et tige d\u2019acier"},"content":{"rendered":"<p>* Le \u00abgrip\u00bb repr\u00e9sente l&#8217;\u00e9paisseur du mat\u00e9riau rivet\u00e9. Le \u00abgrip\u00bb est l&#8217;adh\u00e9rence minimale et maximale avec laquelle le rivet est destin\u00e9 \u00e0 \u00eatre utilis\u00e9.<\/p>\n<div id=\"themify_builder_content-8110\" data-postid=\"8110\" class=\"themify_builder_content themify_builder_content-8110 themify_builder\">\n    <\/div>\n<!-- \/themify_builder_content -->\n","protected":false},"excerpt":{"rendered":"<p>Fabriqu\u00e9 par SRC<\/p>\n","protected":false},"featured_media":8109,"comment_status":"open","ping_status":"closed","template":"","meta":[],"product_brand":[],"product_cat":[306],"product_tag":[180,177],"class_list":{"0":"post-8110","1":"product","2":"type-product","3":"status-publish","4":"has-post-thumbnail","6":"product_cat-pistolets-a-rivet","7":"product_tag-automotive-fr","8":"product_tag-pieces-dautos","9":"has-post-title","10":"has-post-date","11":"has-post-category","12":"has-post-tag","13":"has-post-comment","14":"has-post-author","15":"","16":"fullcover","18":"first","19":"instock","20":"taxable","21":"shipping-taxable","22":"purchasable","23":"product-type-variable"},"jetpack_sharing_enabled":true,"builder_content":"","_links":{"self":[{"href":"https:\/\/fittingsgo.com\/fr\/wp-json\/wp\/v2\/product\/8110","targetHints":{"allow":["GET"]}}],"collection":[{"href":"https:\/\/fittingsgo.com\/fr\/wp-json\/wp\/v2\/product"}],"about":[{"href":"https:\/\/fittingsgo.com\/fr\/wp-json\/wp\/v2\/types\/product"}],"replies":[{"embeddable":true,"href":"https:\/\/fittingsgo.com\/fr\/wp-json\/wp\/v2\/comments?post=8110"}],"wp:featuredmedia":[{"embeddable":true,"href":"https:\/\/fittingsgo.com\/fr\/wp-json\/wp\/v2\/media\/8109"}],"wp:attachment":[{"href":"https:\/\/fittingsgo.com\/fr\/wp-json\/wp\/v2\/media?parent=8110"}],"wp:term":[{"taxonomy":"product_brand","embeddable":true,"href":"https:\/\/fittingsgo.com\/fr\/wp-json\/wp\/v2\/product_brand?post=8110"},{"taxonomy":"product_cat","embeddable":true,"href":"https:\/\/fittingsgo.com\/fr\/wp-json\/wp\/v2\/product_cat?post=8110"},{"taxonomy":"product_tag","embeddable":true,"href":"https:\/\/fittingsgo.com\/fr\/wp-json\/wp\/v2\/product_tag?post=8110"}],"curies":[{"name":"wp","href":"https:\/\/api.w.org\/{rel}","templated":true}]}}