{"id":8093,"date":"2019-10-24T20:44:20","date_gmt":"2019-10-25T01:44:20","guid":{"rendered":"https:\/\/fittingsgo.com\/product\/entonnoir-anti-deversement\/"},"modified":"2019-10-24T20:50:55","modified_gmt":"2019-10-25T01:50:55","slug":"entonnoir-anti-deversement","status":"publish","type":"product","link":"https:\/\/fittingsgo.com\/fr\/produit\/entonnoir-anti-deversement\/","title":{"rendered":"Entonnoir anti-d\u00e9versement"},"content":{"rendered":"<p>L&#8217;entonnoir anti-d\u00e9versement \u00e9limine les poches d&#8217;air emprisonn\u00e9es, ce qui entra\u00eene g\u00e9n\u00e9ralement des performances irr\u00e9guli\u00e8res du syst\u00e8me de refroidissement et du chauffage. Il contr\u00f4le la quantit\u00e9 appropri\u00e9e de liquide de refroidissement entrant dans le syst\u00e8me et permet un remplissage sans surveillance du syst\u00e8me de refroidissement. L&#8217;entonnoir \u00e9limine les courroies grin\u00e7antes caus\u00e9es par le d\u00e9bordement du liquide de refroidissement et prot\u00e8ge l&#8217;environnement. Cinq adaptateurs conviennent \u00e0 la plupart des voitures domestiques et import\u00e9es, des camions l\u00e9gers et des v\u00e9hicules Ford. Une extension droite et des coudes \u00e0 45 degr\u00e9s permettent une utilisation sur des bouchons de radiateur plac\u00e9s en biais ou dans d&#8217;autres applications difficiles \u00e0 atteindre.<br \/>\n24680<\/p>\n<div id=\"themify_builder_content-8093\" data-postid=\"8093\" class=\"themify_builder_content themify_builder_content-8093 themify_builder\">\n    <\/div>\n<!-- \/themify_builder_content -->\n","protected":false},"excerpt":{"rendered":"<p>Le nouvel entonnoir transparent permet un contr\u00f4le visuel rapide du liquide de refroidissement dans l\u2019ensemble de la boutique. Livr\u00e9 avec un couvercle pour emp\u00eacher les contaminants d&#8217;entrer ainsi que pour ranger les bouchons et les adaptateurs.<br \/>\nManuel (en anglais seulement): <a href=\"https:\/\/fittingsgo.com\/wp-content\/uploads\/2019\/10\/24680inst_14_01EC15155F4D9.pdf\" target=\"_blank\" rel=\"noopener noreferrer\">24680inst_14_01EC15155F4D9<\/a><br \/>\nFabriqu\u00e9 par Lisle<\/p>\n","protected":false},"featured_media":8088,"comment_status":"open","ping_status":"closed","template":"","meta":[],"product_brand":[],"product_cat":[467],"product_tag":[180,177],"class_list":{"0":"post-8093","1":"product","2":"type-product","3":"status-publish","4":"has-post-thumbnail","6":"product_cat-outils-pour-antigel","7":"product_tag-automotive-fr","8":"product_tag-pieces-dautos","9":"has-post-title","10":"has-post-date","11":"has-post-category","12":"has-post-tag","13":"has-post-comment","14":"has-post-author","15":"","16":"fullcover","18":"first","19":"instock","20":"taxable","21":"shipping-taxable","22":"purchasable","23":"product-type-simple"},"jetpack_sharing_enabled":true,"builder_content":"","_links":{"self":[{"href":"https:\/\/fittingsgo.com\/fr\/wp-json\/wp\/v2\/product\/8093","targetHints":{"allow":["GET"]}}],"collection":[{"href":"https:\/\/fittingsgo.com\/fr\/wp-json\/wp\/v2\/product"}],"about":[{"href":"https:\/\/fittingsgo.com\/fr\/wp-json\/wp\/v2\/types\/product"}],"replies":[{"embeddable":true,"href":"https:\/\/fittingsgo.com\/fr\/wp-json\/wp\/v2\/comments?post=8093"}],"wp:featuredmedia":[{"embeddable":true,"href":"https:\/\/fittingsgo.com\/fr\/wp-json\/wp\/v2\/media\/8088"}],"wp:attachment":[{"href":"https:\/\/fittingsgo.com\/fr\/wp-json\/wp\/v2\/media?parent=8093"}],"wp:term":[{"taxonomy":"product_brand","embeddable":true,"href":"https:\/\/fittingsgo.com\/fr\/wp-json\/wp\/v2\/product_brand?post=8093"},{"taxonomy":"product_cat","embeddable":true,"href":"https:\/\/fittingsgo.com\/fr\/wp-json\/wp\/v2\/product_cat?post=8093"},{"taxonomy":"product_tag","embeddable":true,"href":"https:\/\/fittingsgo.com\/fr\/wp-json\/wp\/v2\/product_tag?post=8093"}],"curies":[{"name":"wp","href":"https:\/\/api.w.org\/{rel}","templated":true}]}}