{"id":8070,"date":"2019-10-23T21:25:45","date_gmt":"2019-10-24T02:25:45","guid":{"rendered":"https:\/\/fittingsgo.com\/product\/rechauffeurs-a-circulation\/"},"modified":"2019-10-23T21:28:20","modified_gmt":"2019-10-24T02:28:20","slug":"rechauffeurs-a-circulation","status":"publish","type":"product","link":"https:\/\/fittingsgo.com\/fr\/produit\/rechauffeurs-a-circulation\/","title":{"rendered":"R\u00e9chauffeurs \u00e0 circulation"},"content":{"rendered":"<p>&#8211; La conception cylindrique de l&#8217;appareil de chauffage et la sangle de montage universelle permettent des applications commodes, nouvelles ou ult\u00e9rieures.<br \/>\n&#8211; Le clapet anti-retour int\u00e9gr\u00e9 prend en charge une vaste gamme de configurations de plomberie.<br \/>\n&#8211; Le nouvel emplacement sur le dessus du c\u00f4t\u00e9 du cordon d&#8217;alimentation prot\u00e8ge des dommages caus\u00e9s par les d\u00e9bris de la route et les produits chimiques.<br \/>\n&#8211; La construction robuste en aluminium moul\u00e9 sous pression r\u00e9siste \u00e0 la corrosion et aux impacts.<br \/>\n&#8211; Le nouveau cordon d&#8217;alimentation d\u00e9tachable am\u00e9liore la facilit\u00e9 d&#8217;installation.<br \/>\n&#8211; L&#8217;\u00e9l\u00e9ment chauffant en cuivre assure un excellent transfert de chaleur.<br \/>\n&#8211; Le thermostat \u00e0 d\u00e9tection de temp\u00e9rature offre une protection contre la surchauffe.<br \/>\n3308001, 3308002, 3308003<\/p>\n<div id=\"themify_builder_content-8070\" data-postid=\"8070\" class=\"themify_builder_content themify_builder_content-8070 themify_builder\">\n    <\/div>\n<!-- \/themify_builder_content -->\n","protected":false},"excerpt":{"rendered":"<p>Tension: 120 V<br \/>\nDiam\u00e8tre de la connexion du tuyau: 5\/8 &#8221;<br \/>\nFabriqu\u00e9 par Zerostart Temro<\/p>\n","protected":false},"featured_media":8069,"comment_status":"open","ping_status":"closed","template":"","meta":[],"product_brand":[],"product_cat":[459],"product_tag":[180,177],"class_list":{"0":"post-8070","1":"product","2":"type-product","3":"status-publish","4":"has-post-thumbnail","6":"product_cat-chauffage","7":"product_tag-automotive-fr","8":"product_tag-pieces-dautos","9":"has-post-title","10":"has-post-date","11":"has-post-category","12":"has-post-tag","13":"has-post-comment","14":"has-post-author","15":"","16":"fullcover","18":"first","19":"instock","20":"taxable","21":"shipping-taxable","22":"purchasable","23":"product-type-variable"},"jetpack_sharing_enabled":true,"builder_content":"","_links":{"self":[{"href":"https:\/\/fittingsgo.com\/fr\/wp-json\/wp\/v2\/product\/8070","targetHints":{"allow":["GET"]}}],"collection":[{"href":"https:\/\/fittingsgo.com\/fr\/wp-json\/wp\/v2\/product"}],"about":[{"href":"https:\/\/fittingsgo.com\/fr\/wp-json\/wp\/v2\/types\/product"}],"replies":[{"embeddable":true,"href":"https:\/\/fittingsgo.com\/fr\/wp-json\/wp\/v2\/comments?post=8070"}],"wp:featuredmedia":[{"embeddable":true,"href":"https:\/\/fittingsgo.com\/fr\/wp-json\/wp\/v2\/media\/8069"}],"wp:attachment":[{"href":"https:\/\/fittingsgo.com\/fr\/wp-json\/wp\/v2\/media?parent=8070"}],"wp:term":[{"taxonomy":"product_brand","embeddable":true,"href":"https:\/\/fittingsgo.com\/fr\/wp-json\/wp\/v2\/product_brand?post=8070"},{"taxonomy":"product_cat","embeddable":true,"href":"https:\/\/fittingsgo.com\/fr\/wp-json\/wp\/v2\/product_cat?post=8070"},{"taxonomy":"product_tag","embeddable":true,"href":"https:\/\/fittingsgo.com\/fr\/wp-json\/wp\/v2\/product_tag?post=8070"}],"curies":[{"name":"wp","href":"https:\/\/api.w.org\/{rel}","templated":true}]}}