{"id":8027,"date":"2019-10-19T21:31:46","date_gmt":"2019-10-20T02:31:46","guid":{"rendered":"https:\/\/fittingsgo.com\/product\/aimant-super-chaleur\/"},"modified":"2019-10-19T21:34:20","modified_gmt":"2019-10-20T02:34:20","slug":"aimant-super-chaleur","status":"publish","type":"product","link":"https:\/\/fittingsgo.com\/fr\/produit\/aimant-super-chaleur\/","title":{"rendered":"Aimant Super Chaleur"},"content":{"rendered":"<p>3400017<\/p>\n<div id=\"themify_builder_content-8027\" data-postid=\"8027\" class=\"themify_builder_content themify_builder_content-8027 themify_builder\">\n    <\/div>\n<!-- \/themify_builder_content -->\n","protected":false},"excerpt":{"rendered":"<p>&#8211; 200 Watt &#8211; 120 Volt AC<br \/>\n&#8211; Le thermostat int\u00e9gr\u00e9 maintient la temp\u00e9rature optimale &#8211; ne d\u00e9passera pas 121 \u00b0 C (121 \u00b0 C). La poign\u00e9e \u00e0 prise rapide prot\u00e8ge les mains de la chaleur<br \/>\n&#8211; Dimensions &#8211; Longueur: 4-3 \/ 8 &#8220;(11cm), Largeur: 2-1 \/ 2&#8221; (6.3cm), Hauteur: 3 &#8220;(7.5cm)<br \/>\n(poign\u00e9e comprise)<br \/>\nFabriqu\u00e9 par Zerostart Temro<\/p>\n","protected":false},"featured_media":8022,"comment_status":"open","ping_status":"closed","template":"","meta":[],"product_brand":[],"product_cat":[459],"product_tag":[180,177],"class_list":{"0":"post-8027","1":"product","2":"type-product","3":"status-publish","4":"has-post-thumbnail","6":"product_cat-chauffage","7":"product_tag-automotive-fr","8":"product_tag-pieces-dautos","9":"has-post-title","10":"has-post-date","11":"has-post-category","12":"has-post-tag","13":"has-post-comment","14":"has-post-author","15":"","16":"fullcover","18":"first","19":"instock","20":"taxable","21":"shipping-taxable","22":"purchasable","23":"product-type-simple"},"jetpack_sharing_enabled":true,"builder_content":"","_links":{"self":[{"href":"https:\/\/fittingsgo.com\/fr\/wp-json\/wp\/v2\/product\/8027","targetHints":{"allow":["GET"]}}],"collection":[{"href":"https:\/\/fittingsgo.com\/fr\/wp-json\/wp\/v2\/product"}],"about":[{"href":"https:\/\/fittingsgo.com\/fr\/wp-json\/wp\/v2\/types\/product"}],"replies":[{"embeddable":true,"href":"https:\/\/fittingsgo.com\/fr\/wp-json\/wp\/v2\/comments?post=8027"}],"wp:featuredmedia":[{"embeddable":true,"href":"https:\/\/fittingsgo.com\/fr\/wp-json\/wp\/v2\/media\/8022"}],"wp:attachment":[{"href":"https:\/\/fittingsgo.com\/fr\/wp-json\/wp\/v2\/media?parent=8027"}],"wp:term":[{"taxonomy":"product_brand","embeddable":true,"href":"https:\/\/fittingsgo.com\/fr\/wp-json\/wp\/v2\/product_brand?post=8027"},{"taxonomy":"product_cat","embeddable":true,"href":"https:\/\/fittingsgo.com\/fr\/wp-json\/wp\/v2\/product_cat?post=8027"},{"taxonomy":"product_tag","embeddable":true,"href":"https:\/\/fittingsgo.com\/fr\/wp-json\/wp\/v2\/product_tag?post=8027"}],"curies":[{"name":"wp","href":"https:\/\/api.w.org\/{rel}","templated":true}]}}