{"id":8014,"date":"2019-10-19T20:51:33","date_gmt":"2019-10-20T01:51:33","guid":{"rendered":"https:\/\/fittingsgo.com\/product\/chauffe-batterie-de-style-couverture\/"},"modified":"2020-01-04T22:31:07","modified_gmt":"2020-01-05T03:31:07","slug":"chauffe-batterie-de-style-couverture","status":"publish","type":"product","link":"https:\/\/fittingsgo.com\/fr\/produit\/chauffe-batterie-de-style-couverture\/","title":{"rendered":"Chauffe batterie de style couverture"},"content":{"rendered":"<p>2800055, 2800063, 2800071<\/p>\n<div id=\"themify_builder_content-8014\" data-postid=\"8014\" class=\"themify_builder_content themify_builder_content-8014 themify_builder\">\n    <\/div>\n<!-- \/themify_builder_content -->\n","protected":false},"excerpt":{"rendered":"<p>&#8211; 120 volts AC<br \/>\n&#8211; Le r\u00e9chauffeur de type couverture r\u00e9chauffe le noyau de la batterie \u00e0 60\u00b0 &#8211; 70\u00b0 au-dessus de la temp\u00e9rature ambiante pour des d\u00e9marrages rapides<br \/>\n&#8211; L&#8217;isolation thermique Thinsulate aide \u00e0 maintenir la temp\u00e9rature de la batterie par temps chaud ou froid<br \/>\n&#8211; Fourni avec un c\u00e2ble mis \u00e0 la terre de 30 pouces (76 cm)<br \/>\n&#8211; Tous les r\u00e9chauffeurs de blanchet \u00e0 piles mesurent 12,7 cm (5 po) et 1,1 cm (1\/2 po) d&#8217;\u00e9paisseur<br \/>\nFabriqu\u00e9 par Zerostart Temro<\/p>\n","protected":false},"featured_media":8006,"comment_status":"open","ping_status":"closed","template":"","meta":[],"product_brand":[],"product_cat":[459],"product_tag":[180,177],"class_list":{"0":"post-8014","1":"product","2":"type-product","3":"status-publish","4":"has-post-thumbnail","6":"product_cat-chauffage","7":"product_tag-automotive-fr","8":"product_tag-pieces-dautos","9":"has-post-title","10":"has-post-date","11":"has-post-category","12":"has-post-tag","13":"has-post-comment","14":"has-post-author","15":"","16":"fullcover","18":"first","19":"instock","20":"taxable","21":"shipping-taxable","22":"purchasable","23":"product-type-variable"},"jetpack_sharing_enabled":true,"builder_content":"","_links":{"self":[{"href":"https:\/\/fittingsgo.com\/fr\/wp-json\/wp\/v2\/product\/8014","targetHints":{"allow":["GET"]}}],"collection":[{"href":"https:\/\/fittingsgo.com\/fr\/wp-json\/wp\/v2\/product"}],"about":[{"href":"https:\/\/fittingsgo.com\/fr\/wp-json\/wp\/v2\/types\/product"}],"replies":[{"embeddable":true,"href":"https:\/\/fittingsgo.com\/fr\/wp-json\/wp\/v2\/comments?post=8014"}],"wp:featuredmedia":[{"embeddable":true,"href":"https:\/\/fittingsgo.com\/fr\/wp-json\/wp\/v2\/media\/8006"}],"wp:attachment":[{"href":"https:\/\/fittingsgo.com\/fr\/wp-json\/wp\/v2\/media?parent=8014"}],"wp:term":[{"taxonomy":"product_brand","embeddable":true,"href":"https:\/\/fittingsgo.com\/fr\/wp-json\/wp\/v2\/product_brand?post=8014"},{"taxonomy":"product_cat","embeddable":true,"href":"https:\/\/fittingsgo.com\/fr\/wp-json\/wp\/v2\/product_cat?post=8014"},{"taxonomy":"product_tag","embeddable":true,"href":"https:\/\/fittingsgo.com\/fr\/wp-json\/wp\/v2\/product_tag?post=8014"}],"curies":[{"name":"wp","href":"https:\/\/api.w.org\/{rel}","templated":true}]}}