{"id":7967,"date":"2019-10-19T11:32:25","date_gmt":"2019-10-19T16:32:25","guid":{"rendered":"https:\/\/fittingsgo.com\/product\/tampon-velcro-vert-en-laine-pour-polissage-presta\/"},"modified":"2019-10-19T11:44:21","modified_gmt":"2019-10-19T16:44:21","slug":"tampon-velcro-vert-en-laine-pour-polissage-presta","status":"publish","type":"product","link":"https:\/\/fittingsgo.com\/fr\/produit\/tampon-velcro-vert-en-laine-pour-polissage-presta\/","title":{"rendered":"Tampon velcro vert en laine pour polissage Presta"},"content":{"rendered":"<p>Le tampon mesure 9 \u201cde diam\u00e8tre et comportent un poil de laine de 1-1 \/ 2\u201d d\u2019\u00e9paisseur.<br \/>\n890143<\/p>\n<div id=\"themify_builder_content-7967\" data-postid=\"7967\" class=\"themify_builder_content themify_builder_content-7967 themify_builder\">\n    <\/div>\n<!-- \/themify_builder_content -->\n","protected":false},"excerpt":{"rendered":"<p>La laine m\u00e9lang\u00e9e, la coupe l\u00e9g\u00e8re et le tampon de polissage \u00e9pais sont parfaits pour \u00e9liminer les rayures dues \u00e0 l&#8217;oxydation et au pon\u00e7age. Choisissez la taille et le type de connexion correspondant \u00e0 vos besoins.<br \/>\nFabriqu\u00e9 par Presta<\/p>\n","protected":false},"featured_media":7964,"comment_status":"open","ping_status":"closed","template":"","meta":[],"product_brand":[],"product_cat":[447],"product_tag":[180,177],"class_list":{"0":"post-7967","1":"product","2":"type-product","3":"status-publish","4":"has-post-thumbnail","6":"product_cat-polissage","7":"product_tag-automotive-fr","8":"product_tag-pieces-dautos","9":"has-post-title","10":"has-post-date","11":"has-post-category","12":"has-post-tag","13":"has-post-comment","14":"has-post-author","15":"","16":"fullcover","18":"first","19":"instock","20":"taxable","21":"shipping-taxable","22":"purchasable","23":"product-type-simple"},"jetpack_sharing_enabled":true,"builder_content":"","_links":{"self":[{"href":"https:\/\/fittingsgo.com\/fr\/wp-json\/wp\/v2\/product\/7967","targetHints":{"allow":["GET"]}}],"collection":[{"href":"https:\/\/fittingsgo.com\/fr\/wp-json\/wp\/v2\/product"}],"about":[{"href":"https:\/\/fittingsgo.com\/fr\/wp-json\/wp\/v2\/types\/product"}],"replies":[{"embeddable":true,"href":"https:\/\/fittingsgo.com\/fr\/wp-json\/wp\/v2\/comments?post=7967"}],"wp:featuredmedia":[{"embeddable":true,"href":"https:\/\/fittingsgo.com\/fr\/wp-json\/wp\/v2\/media\/7964"}],"wp:attachment":[{"href":"https:\/\/fittingsgo.com\/fr\/wp-json\/wp\/v2\/media?parent=7967"}],"wp:term":[{"taxonomy":"product_brand","embeddable":true,"href":"https:\/\/fittingsgo.com\/fr\/wp-json\/wp\/v2\/product_brand?post=7967"},{"taxonomy":"product_cat","embeddable":true,"href":"https:\/\/fittingsgo.com\/fr\/wp-json\/wp\/v2\/product_cat?post=7967"},{"taxonomy":"product_tag","embeddable":true,"href":"https:\/\/fittingsgo.com\/fr\/wp-json\/wp\/v2\/product_tag?post=7967"}],"curies":[{"name":"wp","href":"https:\/\/api.w.org\/{rel}","templated":true}]}}