{"id":7961,"date":"2019-10-19T11:04:12","date_gmt":"2019-10-19T16:04:12","guid":{"rendered":"https:\/\/fittingsgo.com\/product\/tampon-noir-en-laine-pour-poncage-presta\/"},"modified":"2019-10-19T11:56:32","modified_gmt":"2019-10-19T16:56:32","slug":"tampon-velcro-noir-en-laine-pour-poncage-presta","status":"publish","type":"product","link":"https:\/\/fittingsgo.com\/fr\/produit\/tampon-velcro-noir-en-laine-pour-poncage-presta\/","title":{"rendered":"Tampon velcro noir en laine pour pon\u00e7age Presta"},"content":{"rendered":"<p>Le tampon mesure 9 &#8220;de diam\u00e8tre et comportent un poil de laine de 1-1 \/ 2&#8221; d&#8217;\u00e9paisseur.<br \/>\n890140<\/p>\n<div id=\"themify_builder_content-7961\" data-postid=\"7961\" class=\"themify_builder_content themify_builder_content-7961 themify_builder\">\n    <\/div>\n<!-- \/themify_builder_content -->\n","protected":false},"excerpt":{"rendered":"<p>Le tampon de m\u00e9lange \u00e0 coupe lourde \u00e9limine efficacement les rayures de pon\u00e7age sur les surfaces peintes fra\u00eeches et m\u00fbries, choisissez la taille et le type de connexion qui r\u00e9pondent \u00e0 vos besoins.<br \/>\nFabriqu\u00e9 par Presta<\/p>\n","protected":false},"featured_media":7958,"comment_status":"open","ping_status":"closed","template":"","meta":[],"product_brand":[],"product_cat":[445],"product_tag":[180,177],"class_list":{"0":"post-7961","1":"product","2":"type-product","3":"status-publish","4":"has-post-thumbnail","6":"product_cat-poncage","7":"product_tag-automotive-fr","8":"product_tag-pieces-dautos","9":"has-post-title","10":"has-post-date","11":"has-post-category","12":"has-post-tag","13":"has-post-comment","14":"has-post-author","15":"","16":"fullcover","18":"first","19":"instock","20":"taxable","21":"shipping-taxable","22":"purchasable","23":"product-type-simple"},"jetpack_sharing_enabled":true,"builder_content":"","_links":{"self":[{"href":"https:\/\/fittingsgo.com\/fr\/wp-json\/wp\/v2\/product\/7961","targetHints":{"allow":["GET"]}}],"collection":[{"href":"https:\/\/fittingsgo.com\/fr\/wp-json\/wp\/v2\/product"}],"about":[{"href":"https:\/\/fittingsgo.com\/fr\/wp-json\/wp\/v2\/types\/product"}],"replies":[{"embeddable":true,"href":"https:\/\/fittingsgo.com\/fr\/wp-json\/wp\/v2\/comments?post=7961"}],"wp:featuredmedia":[{"embeddable":true,"href":"https:\/\/fittingsgo.com\/fr\/wp-json\/wp\/v2\/media\/7958"}],"wp:attachment":[{"href":"https:\/\/fittingsgo.com\/fr\/wp-json\/wp\/v2\/media?parent=7961"}],"wp:term":[{"taxonomy":"product_brand","embeddable":true,"href":"https:\/\/fittingsgo.com\/fr\/wp-json\/wp\/v2\/product_brand?post=7961"},{"taxonomy":"product_cat","embeddable":true,"href":"https:\/\/fittingsgo.com\/fr\/wp-json\/wp\/v2\/product_cat?post=7961"},{"taxonomy":"product_tag","embeddable":true,"href":"https:\/\/fittingsgo.com\/fr\/wp-json\/wp\/v2\/product_tag?post=7961"}],"curies":[{"name":"wp","href":"https:\/\/api.w.org\/{rel}","templated":true}]}}