{"id":7935,"date":"2019-10-17T21:56:52","date_gmt":"2019-10-18T02:56:52","guid":{"rendered":"https:\/\/fittingsgo.com\/product\/tampons-pour-application-de-lustre-pour-ponceuse-a-double-action-perfect-it-3m-velcro-6-3-4-po\/"},"modified":"2019-10-19T17:29:25","modified_gmt":"2019-10-19T22:29:25","slug":"tampons-pour-application-de-lustre-pour-ponceuse-a-double-action-perfect-it-3m-velcro-6-3-4-po","status":"publish","type":"product","link":"https:\/\/fittingsgo.com\/fr\/produit\/tampons-pour-application-de-lustre-pour-ponceuse-a-double-action-perfect-it-3m-velcro-6-3-4-po\/","title":{"rendered":"Tampons pour application de lustre pour ponceuse \u00e0 double action Perfect-It 3M, velcro, 6 3\/4 po"},"content":{"rendered":"<p>Le tampon pour application de lustre pour ponceuse \u00e0 double action 05729 Perfect-It 3M est con\u00e7u pour les ponceuses \u00e0 double action de 152,4 mm (6 po) afin d\u2019appliquer uniform\u00e9ment les polis et les cires. Ce tampon en mousse alv\u00e9ol\u00e9e se fixe au tampon pour disques 05776 Hookit 3M et constitue \u00e9galement un excellent moyen pour appliquer les mat\u00e9riaux de finition localis\u00e9e Trizact Perfect-It 3000 3M 06070.<\/p>\n<p>Tampon con\u00e7u pour s&#8217;utiliser avec une ponceuse \u00e0 double action. Voil\u00e0 un excellent moyen d&#8217;appliquer le lustre de finition localis\u00e9e 06070 Trizact 3000 Perfect-It 3M. L&#8217;effet de double action combin\u00e9 aux longs doigts de mousse souple distribue le lustre uniform\u00e9ment tout en enlevant les rayures fines, les marques tourbillonnantes et autres petites imperfections.<\/p>\n<div id=\"themify_builder_content-7935\" data-postid=\"7935\" class=\"themify_builder_content themify_builder_content-7935 themify_builder\">\n    <\/div>\n<!-- \/themify_builder_content -->\n","protected":false},"excerpt":{"rendered":"<p>&#8211; Le syst\u00e8me de fixation Hookit 3M retient le tampon fermement et permet de changer rapidement de tampon<br \/>\nPermet d\u2019appliquer uniform\u00e9ment les polis et les cires<br \/>\n&#8211; \u00c9limine les rayures et les marques tourbillonnantes l\u00e9g\u00e8res, ainsi que les autres petites imperfections<br \/>\n2 tampons par unit\u00e9<br \/>\nFabriqu\u00e9 par 3M<\/p>\n","protected":false},"featured_media":7934,"comment_status":"open","ping_status":"closed","template":"","meta":[],"product_brand":[],"product_cat":[446],"product_tag":[180,177],"class_list":{"0":"post-7935","1":"product","2":"type-product","3":"status-publish","4":"has-post-thumbnail","6":"product_cat-lustrage","7":"product_tag-automotive-fr","8":"product_tag-pieces-dautos","9":"has-post-title","10":"has-post-date","11":"has-post-category","12":"has-post-tag","13":"has-post-comment","14":"has-post-author","15":"","16":"fullcover","18":"first","19":"instock","20":"taxable","21":"shipping-taxable","22":"purchasable","23":"product-type-simple"},"jetpack_sharing_enabled":true,"builder_content":"","_links":{"self":[{"href":"https:\/\/fittingsgo.com\/fr\/wp-json\/wp\/v2\/product\/7935","targetHints":{"allow":["GET"]}}],"collection":[{"href":"https:\/\/fittingsgo.com\/fr\/wp-json\/wp\/v2\/product"}],"about":[{"href":"https:\/\/fittingsgo.com\/fr\/wp-json\/wp\/v2\/types\/product"}],"replies":[{"embeddable":true,"href":"https:\/\/fittingsgo.com\/fr\/wp-json\/wp\/v2\/comments?post=7935"}],"wp:featuredmedia":[{"embeddable":true,"href":"https:\/\/fittingsgo.com\/fr\/wp-json\/wp\/v2\/media\/7934"}],"wp:attachment":[{"href":"https:\/\/fittingsgo.com\/fr\/wp-json\/wp\/v2\/media?parent=7935"}],"wp:term":[{"taxonomy":"product_brand","embeddable":true,"href":"https:\/\/fittingsgo.com\/fr\/wp-json\/wp\/v2\/product_brand?post=7935"},{"taxonomy":"product_cat","embeddable":true,"href":"https:\/\/fittingsgo.com\/fr\/wp-json\/wp\/v2\/product_cat?post=7935"},{"taxonomy":"product_tag","embeddable":true,"href":"https:\/\/fittingsgo.com\/fr\/wp-json\/wp\/v2\/product_tag?post=7935"}],"curies":[{"name":"wp","href":"https:\/\/api.w.org\/{rel}","templated":true}]}}