{"id":7929,"date":"2019-10-17T21:47:48","date_gmt":"2019-10-18T02:47:48","guid":{"rendered":"https:\/\/fittingsgo.com\/product\/swirl-remover-de-presta\/"},"modified":"2019-10-19T11:57:32","modified_gmt":"2019-10-19T16:57:32","slug":"swirl-remover-de-presta","status":"publish","type":"product","link":"https:\/\/fittingsgo.com\/fr\/produit\/swirl-remover-de-presta\/","title":{"rendered":"\u00abSwirl Remover\u00bb de Presta"},"content":{"rendered":"<p>133608, 133632<\/p>\n<div id=\"themify_builder_content-7929\" data-postid=\"7929\" class=\"themify_builder_content themify_builder_content-7929 themify_builder\">\n    <\/div>\n<!-- \/themify_builder_content -->\n","protected":false},"excerpt":{"rendered":"<p>Con\u00e7u pour \u00e9liminer les tourbillons des surfaces de peinture fra\u00eeches et r\u00e9ticul\u00e9es tout en laissant une finition brillante.<br \/>\nPour obtenir des tourbillons lourds et durcis, les meilleurs r\u00e9sultats sont obtenus en m\u00e9langeant d&#8217;abord, puis en utilisant le dissolvant de tourbillonnement.<br \/>\nFabriqu\u00e9 par Presta<\/p>\n","protected":false},"featured_media":7928,"comment_status":"open","ping_status":"closed","template":"","meta":[],"product_brand":[],"product_cat":[448],"product_tag":[180,177],"class_list":{"0":"post-7929","1":"product","2":"type-product","3":"status-publish","4":"has-post-thumbnail","6":"product_cat-elimination-de-swirl","7":"product_tag-automotive-fr","8":"product_tag-pieces-dautos","9":"has-post-title","10":"has-post-date","11":"has-post-category","12":"has-post-tag","13":"has-post-comment","14":"has-post-author","15":"","16":"fullcover","18":"first","19":"instock","20":"taxable","21":"shipping-taxable","22":"purchasable","23":"product-type-variable"},"jetpack_sharing_enabled":true,"builder_content":"","_links":{"self":[{"href":"https:\/\/fittingsgo.com\/fr\/wp-json\/wp\/v2\/product\/7929","targetHints":{"allow":["GET"]}}],"collection":[{"href":"https:\/\/fittingsgo.com\/fr\/wp-json\/wp\/v2\/product"}],"about":[{"href":"https:\/\/fittingsgo.com\/fr\/wp-json\/wp\/v2\/types\/product"}],"replies":[{"embeddable":true,"href":"https:\/\/fittingsgo.com\/fr\/wp-json\/wp\/v2\/comments?post=7929"}],"wp:featuredmedia":[{"embeddable":true,"href":"https:\/\/fittingsgo.com\/fr\/wp-json\/wp\/v2\/media\/7928"}],"wp:attachment":[{"href":"https:\/\/fittingsgo.com\/fr\/wp-json\/wp\/v2\/media?parent=7929"}],"wp:term":[{"taxonomy":"product_brand","embeddable":true,"href":"https:\/\/fittingsgo.com\/fr\/wp-json\/wp\/v2\/product_brand?post=7929"},{"taxonomy":"product_cat","embeddable":true,"href":"https:\/\/fittingsgo.com\/fr\/wp-json\/wp\/v2\/product_cat?post=7929"},{"taxonomy":"product_tag","embeddable":true,"href":"https:\/\/fittingsgo.com\/fr\/wp-json\/wp\/v2\/product_tag?post=7929"}],"curies":[{"name":"wp","href":"https:\/\/api.w.org\/{rel}","templated":true}]}}