{"id":7921,"date":"2019-10-17T21:35:53","date_gmt":"2019-10-18T02:35:53","guid":{"rendered":"https:\/\/fittingsgo.com\/product\/tampon-a-polir-en-mousse-ultra-fin-perfect-it-3m-connexion-rapide-8-po\/"},"modified":"2019-10-19T18:38:33","modified_gmt":"2019-10-19T23:38:33","slug":"tampon-a-polir-en-mousse-ultra-fin-perfect-it-3m-connexion-rapide-8-po","status":"publish","type":"product","link":"https:\/\/fittingsgo.com\/fr\/produit\/tampon-a-polir-en-mousse-ultra-fin-perfect-it-3m-connexion-rapide-8-po\/","title":{"rendered":"Tampon \u00e0 polir en mousse ultra fin Perfect-It 3M, connexion rapide, 8 po"},"content":{"rendered":"<p>Le tampon \u00e0 polir en mousse ultra fin 05708 Perfect-It 3M est un tampon \u00e0 polir en mousse de grand rendement \u00e0 simple face qui \u00e9limine les marques tourbillonnantes sur les surfaces peintes, y compris les v\u00e9hicules de couleur fonc\u00e9e. Le tampon est con\u00e7u pour \u00eatre utilis\u00e9 avec le poli ultra fin pour application m\u00e9canique Perfect-It 3M et l\u2019adaptateur \u00e0 connexion rapide 05752 3M.<\/p>\n<div id=\"themify_builder_content-7921\" data-postid=\"7921\" class=\"themify_builder_content themify_builder_content-7921 themify_builder\">\n    <\/div>\n<!-- \/themify_builder_content -->\n","protected":false},"excerpt":{"rendered":"<p>&#8211; Conception \u00e0 connexion rapide<br \/>\n&#8211; Laisse un fini tr\u00e8s lustr\u00e9<br \/>\n&#8211; Id\u00e9al sur la peinture d\u2019automobile de couleur fonc\u00e9e<br \/>\n1 par unit\u00e9, c\u00f4t\u00e9 doubl\u00e9<br \/>\nFabriqu\u00e9 par 3M<\/p>\n","protected":false},"featured_media":7920,"comment_status":"open","ping_status":"closed","template":"","meta":[],"product_brand":[],"product_cat":[448],"product_tag":[180,177],"class_list":{"0":"post-7921","1":"product","2":"type-product","3":"status-publish","4":"has-post-thumbnail","6":"product_cat-elimination-de-swirl","7":"product_tag-automotive-fr","8":"product_tag-pieces-dautos","9":"has-post-title","10":"has-post-date","11":"has-post-category","12":"has-post-tag","13":"has-post-comment","14":"has-post-author","15":"","16":"fullcover","18":"first","19":"instock","20":"taxable","21":"shipping-taxable","22":"purchasable","23":"product-type-simple"},"jetpack_sharing_enabled":true,"builder_content":"","_links":{"self":[{"href":"https:\/\/fittingsgo.com\/fr\/wp-json\/wp\/v2\/product\/7921","targetHints":{"allow":["GET"]}}],"collection":[{"href":"https:\/\/fittingsgo.com\/fr\/wp-json\/wp\/v2\/product"}],"about":[{"href":"https:\/\/fittingsgo.com\/fr\/wp-json\/wp\/v2\/types\/product"}],"replies":[{"embeddable":true,"href":"https:\/\/fittingsgo.com\/fr\/wp-json\/wp\/v2\/comments?post=7921"}],"wp:featuredmedia":[{"embeddable":true,"href":"https:\/\/fittingsgo.com\/fr\/wp-json\/wp\/v2\/media\/7920"}],"wp:attachment":[{"href":"https:\/\/fittingsgo.com\/fr\/wp-json\/wp\/v2\/media?parent=7921"}],"wp:term":[{"taxonomy":"product_brand","embeddable":true,"href":"https:\/\/fittingsgo.com\/fr\/wp-json\/wp\/v2\/product_brand?post=7921"},{"taxonomy":"product_cat","embeddable":true,"href":"https:\/\/fittingsgo.com\/fr\/wp-json\/wp\/v2\/product_cat?post=7921"},{"taxonomy":"product_tag","embeddable":true,"href":"https:\/\/fittingsgo.com\/fr\/wp-json\/wp\/v2\/product_tag?post=7921"}],"curies":[{"name":"wp","href":"https:\/\/api.w.org\/{rel}","templated":true}]}}