{"id":7917,"date":"2019-10-17T21:28:47","date_gmt":"2019-10-18T02:28:47","guid":{"rendered":"https:\/\/fittingsgo.com\/product\/tampon-a-polir-en-mousse-ultra-fin-perfect-it-3m-velcro-8-po\/"},"modified":"2019-10-19T17:28:56","modified_gmt":"2019-10-19T22:28:56","slug":"tampon-a-polir-en-mousse-ultra-fin-perfect-it-3m-velcro-8-po","status":"publish","type":"product","link":"https:\/\/fittingsgo.com\/fr\/produit\/tampon-a-polir-en-mousse-ultra-fin-perfect-it-3m-velcro-8-po\/","title":{"rendered":"Tampon \u00e0 polir en mousse ultra fin Perfect-It 3M, velcro, 8 po"},"content":{"rendered":"<p>Le tampon \u00e0 polir en mousse ultra fin 05733 Perfect-It 3M est un tampon \u00e0 polir en mousse de grand rendement \u00e0 simple face qui \u00e9limine les marques tourbillonnantes sur les surfaces peintes, y compris les v\u00e9hicules de couleur fonc\u00e9e. Le tampon est con\u00e7u pour \u00eatre utilis\u00e9 avec le poli ultra fin pour application m\u00e9canique 3M et les tampons Hookit 3M 05717 et 05718.<\/p>\n<div id=\"themify_builder_content-7917\" data-postid=\"7917\" class=\"themify_builder_content themify_builder_content-7917 themify_builder\">\n    <\/div>\n<!-- \/themify_builder_content -->\n","protected":false},"excerpt":{"rendered":"<p>&#8211; Le syst\u00e8me de fixation Hookit 3M retient le tampon fermement et permet de changer rapidement de tampon<br \/>\n&#8211; Laisse un fini tr\u00e8s lustr\u00e9<br \/>\n&#8211; Id\u00e9al sur la peinture d\u2019automobile de couleur fonc\u00e9e<br \/>\n1 par unit\u00e9, c\u00f4t\u00e9 simple<br \/>\nFabriqu\u00e9 par 3M<\/p>\n","protected":false},"featured_media":7916,"comment_status":"open","ping_status":"closed","template":"","meta":[],"product_brand":[],"product_cat":[448],"product_tag":[180,177],"class_list":{"0":"post-7917","1":"product","2":"type-product","3":"status-publish","4":"has-post-thumbnail","6":"product_cat-elimination-de-swirl","7":"product_tag-automotive-fr","8":"product_tag-pieces-dautos","9":"has-post-title","10":"has-post-date","11":"has-post-category","12":"has-post-tag","13":"has-post-comment","14":"has-post-author","15":"","16":"fullcover","18":"first","19":"instock","20":"taxable","21":"shipping-taxable","22":"purchasable","23":"product-type-simple"},"jetpack_sharing_enabled":true,"builder_content":"","_links":{"self":[{"href":"https:\/\/fittingsgo.com\/fr\/wp-json\/wp\/v2\/product\/7917","targetHints":{"allow":["GET"]}}],"collection":[{"href":"https:\/\/fittingsgo.com\/fr\/wp-json\/wp\/v2\/product"}],"about":[{"href":"https:\/\/fittingsgo.com\/fr\/wp-json\/wp\/v2\/types\/product"}],"replies":[{"embeddable":true,"href":"https:\/\/fittingsgo.com\/fr\/wp-json\/wp\/v2\/comments?post=7917"}],"wp:featuredmedia":[{"embeddable":true,"href":"https:\/\/fittingsgo.com\/fr\/wp-json\/wp\/v2\/media\/7916"}],"wp:attachment":[{"href":"https:\/\/fittingsgo.com\/fr\/wp-json\/wp\/v2\/media?parent=7917"}],"wp:term":[{"taxonomy":"product_brand","embeddable":true,"href":"https:\/\/fittingsgo.com\/fr\/wp-json\/wp\/v2\/product_brand?post=7917"},{"taxonomy":"product_cat","embeddable":true,"href":"https:\/\/fittingsgo.com\/fr\/wp-json\/wp\/v2\/product_cat?post=7917"},{"taxonomy":"product_tag","embeddable":true,"href":"https:\/\/fittingsgo.com\/fr\/wp-json\/wp\/v2\/product_tag?post=7917"}],"curies":[{"name":"wp","href":"https:\/\/api.w.org\/{rel}","templated":true}]}}