{"id":7913,"date":"2019-10-17T21:21:24","date_gmt":"2019-10-18T02:21:24","guid":{"rendered":"https:\/\/fittingsgo.com\/product\/poli-ultra-fin-pour-application-mecanique-perfect-it-ex-3m-473-ml\/"},"modified":"2019-10-22T20:34:08","modified_gmt":"2019-10-23T01:34:08","slug":"poli-ultra-fin-pour-application-mecanique-perfect-it-ex-3m-473-ml","status":"publish","type":"product","link":"https:\/\/fittingsgo.com\/fr\/produit\/poli-ultra-fin-pour-application-mecanique-perfect-it-ex-3m-473-ml\/","title":{"rendered":"Poli ultra fin pour application m\u00e9canique Perfect-It EX 3M, 473 ml"},"content":{"rendered":"<p>Le poli ultra fin pour application m\u00e9canique 39062 Perfect-It EX 3M est un poli de grand rendement con\u00e7u pour \u00e9liminer les marques tourbillonnantes et produire un fini grand lustre, m\u00eame sur les surfaces exigeantes des v\u00e9hicules de couleur fonc\u00e9e. Le poli se manie facilement et est facile \u00e0 nettoyer.<\/p>\n<div id=\"themify_builder_content-7913\" data-postid=\"7913\" class=\"themify_builder_content themify_builder_content-7913 themify_builder\">\n    <\/div>\n<!-- \/themify_builder_content -->\n","protected":false},"excerpt":{"rendered":"<p>&#8211; Aide \u00e0 produire un fini tr\u00e8s lustr\u00e9 exempt de marques tourbillonnantes<br \/>\n&#8211; Id\u00e9al sur la peinture d\u2019automobiles de couleur fonc\u00e9e<br \/>\n&#8211; Nettoyage facile<br \/>\n473 ml<br \/>\nFabriqu\u00e9 par 3M<\/p>\n","protected":false},"featured_media":7912,"comment_status":"open","ping_status":"closed","template":"","meta":[],"product_brand":[],"product_cat":[448],"product_tag":[180,177],"class_list":{"0":"post-7913","1":"product","2":"type-product","3":"status-publish","4":"has-post-thumbnail","6":"product_cat-elimination-de-swirl","7":"product_tag-automotive-fr","8":"product_tag-pieces-dautos","9":"has-post-title","10":"has-post-date","11":"has-post-category","12":"has-post-tag","13":"has-post-comment","14":"has-post-author","15":"","16":"fullcover","18":"first","19":"instock","20":"taxable","21":"shipping-taxable","22":"purchasable","23":"product-type-simple"},"jetpack_sharing_enabled":true,"builder_content":"","_links":{"self":[{"href":"https:\/\/fittingsgo.com\/fr\/wp-json\/wp\/v2\/product\/7913","targetHints":{"allow":["GET"]}}],"collection":[{"href":"https:\/\/fittingsgo.com\/fr\/wp-json\/wp\/v2\/product"}],"about":[{"href":"https:\/\/fittingsgo.com\/fr\/wp-json\/wp\/v2\/types\/product"}],"replies":[{"embeddable":true,"href":"https:\/\/fittingsgo.com\/fr\/wp-json\/wp\/v2\/comments?post=7913"}],"wp:featuredmedia":[{"embeddable":true,"href":"https:\/\/fittingsgo.com\/fr\/wp-json\/wp\/v2\/media\/7912"}],"wp:attachment":[{"href":"https:\/\/fittingsgo.com\/fr\/wp-json\/wp\/v2\/media?parent=7913"}],"wp:term":[{"taxonomy":"product_brand","embeddable":true,"href":"https:\/\/fittingsgo.com\/fr\/wp-json\/wp\/v2\/product_brand?post=7913"},{"taxonomy":"product_cat","embeddable":true,"href":"https:\/\/fittingsgo.com\/fr\/wp-json\/wp\/v2\/product_cat?post=7913"},{"taxonomy":"product_tag","embeddable":true,"href":"https:\/\/fittingsgo.com\/fr\/wp-json\/wp\/v2\/product_tag?post=7913"}],"curies":[{"name":"wp","href":"https:\/\/api.w.org\/{rel}","templated":true}]}}