{"id":7895,"date":"2019-10-17T20:55:25","date_gmt":"2019-10-18T01:55:25","guid":{"rendered":"https:\/\/fittingsgo.com\/product\/tampon-a-polir-en-mousse-perfect-it-3m-velcro-8-po\/"},"modified":"2019-10-19T17:28:25","modified_gmt":"2019-10-19T22:28:25","slug":"tampon-a-polir-en-mousse-perfect-it-3m-velcro-8-po","status":"publish","type":"product","link":"https:\/\/fittingsgo.com\/fr\/produit\/tampon-a-polir-en-mousse-perfect-it-3m-velcro-8-po\/","title":{"rendered":"Tampon \u00e0 polir en mousse Perfect-It 3M, velcro, 8 po"},"content":{"rendered":"<p>Le tampon \u00e0 polir en mousse 05738 Perfect-It 3M est un tampon \u00e0 polir en mousse noire de grand rendement \u00e0 simple face. Il aide \u00e0 \u00e9liminer les marques tourbillonnantes laiss\u00e9es par l\u2019application de p\u00e2te \u00e0 poncer et les autres petits d\u00e9fauts de surface de la peinture. Le tampon est con\u00e7u pour \u00eatre employ\u00e9 avec les polis pour application m\u00e9canique 3M et les tampons d\u2019appoint Hookit 3M 05717 ou 05718.<\/p>\n<div id=\"themify_builder_content-7895\" data-postid=\"7895\" class=\"themify_builder_content themify_builder_content-7895 themify_builder\">\n    <\/div>\n<!-- \/themify_builder_content -->\n","protected":false},"excerpt":{"rendered":"<p>&#8211; Le syst\u00e8me de fixation Hookit 3M retient le tampon fermement et permet de changer rapidement de tampon<br \/>\n&#8211; Support de fixation \u00e0 boucles de diam\u00e8tre r\u00e9duit offrant une protection des bords accrue<br \/>\n&#8211; Face en mousse alv\u00e9ol\u00e9e<br \/>\n&#8211; Support en retrait pour le centrage automatique et la protection des bords<br \/>\n1 par unit\u00e9, c\u00f4t\u00e9 simple<br \/>\nFabriqu\u00e9 par 3M<\/p>\n","protected":false},"featured_media":7894,"comment_status":"open","ping_status":"closed","template":"","meta":[],"product_brand":[],"product_cat":[447],"product_tag":[180,177],"class_list":{"0":"post-7895","1":"product","2":"type-product","3":"status-publish","4":"has-post-thumbnail","6":"product_cat-polissage","7":"product_tag-automotive-fr","8":"product_tag-pieces-dautos","9":"has-post-title","10":"has-post-date","11":"has-post-category","12":"has-post-tag","13":"has-post-comment","14":"has-post-author","15":"","16":"fullcover","18":"first","19":"instock","20":"taxable","21":"shipping-taxable","22":"purchasable","23":"product-type-simple"},"jetpack_sharing_enabled":true,"builder_content":"","_links":{"self":[{"href":"https:\/\/fittingsgo.com\/fr\/wp-json\/wp\/v2\/product\/7895","targetHints":{"allow":["GET"]}}],"collection":[{"href":"https:\/\/fittingsgo.com\/fr\/wp-json\/wp\/v2\/product"}],"about":[{"href":"https:\/\/fittingsgo.com\/fr\/wp-json\/wp\/v2\/types\/product"}],"replies":[{"embeddable":true,"href":"https:\/\/fittingsgo.com\/fr\/wp-json\/wp\/v2\/comments?post=7895"}],"wp:featuredmedia":[{"embeddable":true,"href":"https:\/\/fittingsgo.com\/fr\/wp-json\/wp\/v2\/media\/7894"}],"wp:attachment":[{"href":"https:\/\/fittingsgo.com\/fr\/wp-json\/wp\/v2\/media?parent=7895"}],"wp:term":[{"taxonomy":"product_brand","embeddable":true,"href":"https:\/\/fittingsgo.com\/fr\/wp-json\/wp\/v2\/product_brand?post=7895"},{"taxonomy":"product_cat","embeddable":true,"href":"https:\/\/fittingsgo.com\/fr\/wp-json\/wp\/v2\/product_cat?post=7895"},{"taxonomy":"product_tag","embeddable":true,"href":"https:\/\/fittingsgo.com\/fr\/wp-json\/wp\/v2\/product_tag?post=7895"}],"curies":[{"name":"wp","href":"https:\/\/api.w.org\/{rel}","templated":true}]}}