{"id":7891,"date":"2019-10-17T20:48:46","date_gmt":"2019-10-18T01:48:46","guid":{"rendered":"https:\/\/fittingsgo.com\/product\/poli-pour-application-mecanique-perfect-it-ex-3m-946-ml\/"},"modified":"2019-10-25T21:35:31","modified_gmt":"2019-10-26T02:35:31","slug":"poli-pour-application-mecanique-perfect-it-ex-3m-946-ml","status":"publish","type":"product","link":"https:\/\/fittingsgo.com\/fr\/produit\/poli-pour-application-mecanique-perfect-it-ex-3m-946-ml\/","title":{"rendered":"Poli pour application m\u00e9canique Perfect-It EX 3M, 946 ml"},"content":{"rendered":"<p>Le poli pour application m\u00e9canique 06094 Perfect-It EX 3M aide \u00e0 \u00e9liminer rapidement et efficacement les marques tourbillonnantes produites par la p\u00e2te \u00e0 polir et produit un fini exceptionnel. Ce poli est une formule plus humide que le poli pour application m\u00e9canique Perfect-It 3M ordinaire, ce qui permet un temps d\u2019action plus long sans que le produit ne s\u2019ass\u00e8che. On peut utiliser ce poli avec le tampon en mousse pour application de p\u00e2te 05726 Perfect-It 3M.<br \/>\nInterchange: 06094, 06064, 39061<\/p>\n<div id=\"themify_builder_content-7891\" data-postid=\"7891\" class=\"themify_builder_content themify_builder_content-7891 themify_builder\">\n    <\/div>\n<!-- \/themify_builder_content -->\n","protected":false},"excerpt":{"rendered":"<p>&#8211; Formule permettant une finition rapide<br \/>\n&#8211; Poli pour application m\u00e9canique de grand rendement<br \/>\n&#8211; Nettoyage facile<br \/>\n&#8211; Produit un fini exceptionnel<br \/>\n946 ml<br \/>\nFabriqu\u00e9 par 3M<\/p>\n","protected":false},"featured_media":7890,"comment_status":"open","ping_status":"closed","template":"","meta":[],"product_brand":[],"product_cat":[447],"product_tag":[180,177],"class_list":{"0":"post-7891","1":"product","2":"type-product","3":"status-publish","4":"has-post-thumbnail","6":"product_cat-polissage","7":"product_tag-automotive-fr","8":"product_tag-pieces-dautos","9":"has-post-title","10":"has-post-date","11":"has-post-category","12":"has-post-tag","13":"has-post-comment","14":"has-post-author","15":"","16":"fullcover","18":"first","19":"instock","20":"taxable","21":"shipping-taxable","22":"purchasable","23":"product-type-simple"},"jetpack_sharing_enabled":true,"builder_content":"","_links":{"self":[{"href":"https:\/\/fittingsgo.com\/fr\/wp-json\/wp\/v2\/product\/7891","targetHints":{"allow":["GET"]}}],"collection":[{"href":"https:\/\/fittingsgo.com\/fr\/wp-json\/wp\/v2\/product"}],"about":[{"href":"https:\/\/fittingsgo.com\/fr\/wp-json\/wp\/v2\/types\/product"}],"replies":[{"embeddable":true,"href":"https:\/\/fittingsgo.com\/fr\/wp-json\/wp\/v2\/comments?post=7891"}],"wp:featuredmedia":[{"embeddable":true,"href":"https:\/\/fittingsgo.com\/fr\/wp-json\/wp\/v2\/media\/7890"}],"wp:attachment":[{"href":"https:\/\/fittingsgo.com\/fr\/wp-json\/wp\/v2\/media?parent=7891"}],"wp:term":[{"taxonomy":"product_brand","embeddable":true,"href":"https:\/\/fittingsgo.com\/fr\/wp-json\/wp\/v2\/product_brand?post=7891"},{"taxonomy":"product_cat","embeddable":true,"href":"https:\/\/fittingsgo.com\/fr\/wp-json\/wp\/v2\/product_cat?post=7891"},{"taxonomy":"product_tag","embeddable":true,"href":"https:\/\/fittingsgo.com\/fr\/wp-json\/wp\/v2\/product_tag?post=7891"}],"curies":[{"name":"wp","href":"https:\/\/api.w.org\/{rel}","templated":true}]}}