{"id":7884,"date":"2019-10-17T20:21:30","date_gmt":"2019-10-18T01:21:30","guid":{"rendered":"https:\/\/fittingsgo.com\/product\/presta-ultra-cutting-creme-fr\/"},"modified":"2020-07-11T23:30:03","modified_gmt":"2020-07-12T04:30:03","slug":"creme-presta-ultra-cutting","status":"publish","type":"product","link":"https:\/\/fittingsgo.com\/fr\/produit\/creme-presta-ultra-cutting\/","title":{"rendered":"Cr\u00e8me Presta \u00abUltra Cutting\u00bb"},"content":{"rendered":"<p>Facile \u00e0 utiliser et extr\u00eamement polyvalent. Enl\u00e8ve les rayures, l&#8217;oxydation et les intemp\u00e9ries moyennes \u00e0 fortes. Diminuer les abrasifs pour aider \u00e0 \u00e9liminer les rayures et les tourbillons.<br \/>\nContrairement \u00e0 la plupart des produits de consommation qui ne font que combler les rayures, la cr\u00e8me de coupe ultra de Presta \u00e9limine m\u00e9caniquement les d\u00e9fauts de la finition de votre voiture, de votre moto ou de votre bateau. Ce processus cr\u00e9e une finition lisse, plate et uniforme avec une brillance et une brillance incroyables.<br \/>\nLa formule avanc\u00e9e d&#8217;Ultra Cutting Creme permet de m\u00e9langer rapidement et beaucoup plus facilement les solides \u00e0 tr\u00e8s haute concentration. Il est suffisamment agressif pour \u00e9liminer les \u00e9raflures de sable aux grains 1200 (ou 1500P) de la peinture douce et durcie, mais les abrasifs d\u00e9croissants s\u2019ajoutent au polissage pour vous aider \u00e0 \u00e9liminer certaines \u00e9gratignures et tourbillons complexes laiss\u00e9s par d\u2019autres compos\u00e9s.<br \/>\n131932, 1319086<\/p>\n<div id=\"themify_builder_content-7884\" data-postid=\"7884\" class=\"themify_builder_content themify_builder_content-7884 themify_builder\">\n    <\/div>\n<!-- \/themify_builder_content -->\n","protected":false},"excerpt":{"rendered":"<p>-Id\u00e9al pour tous les manteaux automobiles, marins et gel<br \/>\n-Ne contient PAS de charges, cires ou silicones<br \/>\n&#8211; Con\u00e7u pour \u00eatre utilis\u00e9 avec un tampon rotatif haute vitesse.<br \/>\n&#8211; Pour de meilleurs r\u00e9sultats, utilisez avec le tapis de coupe en laine noire Presta.<br \/>\n&#8211; Suivez avec Presta Ultra Polish pour maximiser la brillance et la brillance.<br \/>\n&#8211; Nettoie facilement &#8211; formule \u00e0 base d&#8217;eau.<br \/>\nFabriqu\u00e9 par Presta<\/p>\n","protected":false},"featured_media":7883,"comment_status":"open","ping_status":"closed","template":"","meta":[],"product_brand":[],"product_cat":[445],"product_tag":[180,177],"class_list":{"0":"post-7884","1":"product","2":"type-product","3":"status-publish","4":"has-post-thumbnail","6":"product_cat-poncage","7":"product_tag-automotive-fr","8":"product_tag-pieces-dautos","9":"has-post-title","10":"has-post-date","11":"has-post-category","12":"has-post-tag","13":"has-post-comment","14":"has-post-author","15":"","16":"fullcover","18":"first","19":"instock","20":"taxable","21":"shipping-taxable","22":"purchasable","23":"product-type-variable"},"jetpack_sharing_enabled":true,"builder_content":"","_links":{"self":[{"href":"https:\/\/fittingsgo.com\/fr\/wp-json\/wp\/v2\/product\/7884","targetHints":{"allow":["GET"]}}],"collection":[{"href":"https:\/\/fittingsgo.com\/fr\/wp-json\/wp\/v2\/product"}],"about":[{"href":"https:\/\/fittingsgo.com\/fr\/wp-json\/wp\/v2\/types\/product"}],"replies":[{"embeddable":true,"href":"https:\/\/fittingsgo.com\/fr\/wp-json\/wp\/v2\/comments?post=7884"}],"wp:featuredmedia":[{"embeddable":true,"href":"https:\/\/fittingsgo.com\/fr\/wp-json\/wp\/v2\/media\/7883"}],"wp:attachment":[{"href":"https:\/\/fittingsgo.com\/fr\/wp-json\/wp\/v2\/media?parent=7884"}],"wp:term":[{"taxonomy":"product_brand","embeddable":true,"href":"https:\/\/fittingsgo.com\/fr\/wp-json\/wp\/v2\/product_brand?post=7884"},{"taxonomy":"product_cat","embeddable":true,"href":"https:\/\/fittingsgo.com\/fr\/wp-json\/wp\/v2\/product_cat?post=7884"},{"taxonomy":"product_tag","embeddable":true,"href":"https:\/\/fittingsgo.com\/fr\/wp-json\/wp\/v2\/product_tag?post=7884"}],"curies":[{"name":"wp","href":"https:\/\/api.w.org\/{rel}","templated":true}]}}