{"id":7876,"date":"2019-10-17T20:03:55","date_gmt":"2019-10-18T01:03:55","guid":{"rendered":"https:\/\/fittingsgo.com\/product\/tampon-en-mousse-pour-application-de-pate-perfect-it-3m-8-po\/"},"modified":"2019-10-19T18:37:33","modified_gmt":"2019-10-19T23:37:33","slug":"tampon-en-mousse-pour-application-de-pate-perfect-it-3m-connexion-rapide-8-po","status":"publish","type":"product","link":"https:\/\/fittingsgo.com\/fr\/produit\/tampon-en-mousse-pour-application-de-pate-perfect-it-3m-connexion-rapide-8-po\/","title":{"rendered":"Tampon en mousse pour application de p\u00e2te Perfect-It 3M, connexion rapide8 po"},"content":{"rendered":"<p>Le tampon en mousse pour application de p\u00e2te 05706 Perfect-It 3M est un tampon de grand rendement \u00e0 double face dot\u00e9 d\u2019une fixation \u00e0 connexion rapide. Le tampon est con\u00e7u pour \u00eatre employ\u00e9 avec l\u2019adaptateur \u00e0 connexion rapide 05752 3M, et est utilis\u00e9 pour att\u00e9nuer les marques de pon\u00e7age de grain P1200 ou plus fin. Ce tampon peut aussi \u00eatre utilis\u00e9 avec les p\u00e2tes \u00e0 poncer Perfect-it 3M 39060, 06085 ou 06086.<\/p>\n<div id=\"themify_builder_content-7876\" data-postid=\"7876\" class=\"themify_builder_content themify_builder_content-7876 themify_builder\">\n    <\/div>\n<!-- \/themify_builder_content -->\n","protected":false},"excerpt":{"rendered":"<p>&#8211; Conception \u00e0 connexion rapide<br \/>\n&#8211; Double face<br \/>\n&#8211; Pour obtenir un rendement optimal, utiliser avec les p\u00e2tes \u00e0 poncer 3M<br \/>\n&#8211; Se fixe rapidement et facilement aux polisseuses<br \/>\n1 par unit\u00e9<br \/>\nFabriqu\u00e9 par 3M<\/p>\n","protected":false},"featured_media":7875,"comment_status":"open","ping_status":"closed","template":"","meta":[],"product_brand":[],"product_cat":[445],"product_tag":[180,177],"class_list":{"0":"post-7876","1":"product","2":"type-product","3":"status-publish","4":"has-post-thumbnail","6":"product_cat-poncage","7":"product_tag-automotive-fr","8":"product_tag-pieces-dautos","9":"has-post-title","10":"has-post-date","11":"has-post-category","12":"has-post-tag","13":"has-post-comment","14":"has-post-author","15":"","16":"fullcover","18":"first","19":"instock","20":"taxable","21":"shipping-taxable","22":"purchasable","23":"product-type-simple"},"jetpack_sharing_enabled":true,"builder_content":"","_links":{"self":[{"href":"https:\/\/fittingsgo.com\/fr\/wp-json\/wp\/v2\/product\/7876","targetHints":{"allow":["GET"]}}],"collection":[{"href":"https:\/\/fittingsgo.com\/fr\/wp-json\/wp\/v2\/product"}],"about":[{"href":"https:\/\/fittingsgo.com\/fr\/wp-json\/wp\/v2\/types\/product"}],"replies":[{"embeddable":true,"href":"https:\/\/fittingsgo.com\/fr\/wp-json\/wp\/v2\/comments?post=7876"}],"wp:featuredmedia":[{"embeddable":true,"href":"https:\/\/fittingsgo.com\/fr\/wp-json\/wp\/v2\/media\/7875"}],"wp:attachment":[{"href":"https:\/\/fittingsgo.com\/fr\/wp-json\/wp\/v2\/media?parent=7876"}],"wp:term":[{"taxonomy":"product_brand","embeddable":true,"href":"https:\/\/fittingsgo.com\/fr\/wp-json\/wp\/v2\/product_brand?post=7876"},{"taxonomy":"product_cat","embeddable":true,"href":"https:\/\/fittingsgo.com\/fr\/wp-json\/wp\/v2\/product_cat?post=7876"},{"taxonomy":"product_tag","embeddable":true,"href":"https:\/\/fittingsgo.com\/fr\/wp-json\/wp\/v2\/product_tag?post=7876"}],"curies":[{"name":"wp","href":"https:\/\/api.w.org\/{rel}","templated":true}]}}