{"id":7872,"date":"2019-10-17T19:55:30","date_gmt":"2019-10-18T00:55:30","guid":{"rendered":"https:\/\/fittingsgo.com\/product\/tampon-en-mousse-pour-application-de-pate-perfect-it-3m-velcro-8-po\/"},"modified":"2019-10-19T17:23:31","modified_gmt":"2019-10-19T22:23:31","slug":"tampon-en-mousse-pour-application-de-pate-perfect-it-3m-velcro-8-po","status":"publish","type":"product","link":"https:\/\/fittingsgo.com\/fr\/produit\/tampon-en-mousse-pour-application-de-pate-perfect-it-3m-velcro-8-po\/","title":{"rendered":"Tampon en mousse pour application de p\u00e2te Perfect-It 3M, velcro, 8 po"},"content":{"rendered":"<p>Le tampon en mousse pour application de p\u00e2te 05737 Perfect-It 3M att\u00e9nue et polit les marques de pon\u00e7age de grain P1200 et est dot\u00e9 d\u2019une conception en retrait unique. \u00c0 utiliser avec les p\u00e2tes \u00e0 poncer 3M et les tampons d\u2019appoint Hookit 3M 05717 ou 05718.<\/p>\n<div id=\"themify_builder_content-7872\" data-postid=\"7872\" class=\"themify_builder_content themify_builder_content-7872 themify_builder\">\n    <\/div>\n<!-- \/themify_builder_content -->\n","protected":false},"excerpt":{"rendered":"<p>&#8211; La conception en mousse alv\u00e9ol\u00e9e glisse en douceur sur les surfaces peintes<br \/>\n&#8211; Support en retrait pour le centrage automatique et la protection des bords<br \/>\n&#8211; Syst\u00e8me de fixation Hookit 3M de diam\u00e8tre r\u00e9duit<br \/>\n&#8211; Convient \u00e0 toutes les polisseuses \u00e0 bas r\u00e9gime ordinaires dot\u00e9es d\u2019un arbre de 15,88 mm (5\/8 po)<br \/>\n1 par unit\u00e9, 1 c\u00f4t\u00e9<br \/>\nFabriqu\u00e9 par 3M<\/p>\n","protected":false},"featured_media":7871,"comment_status":"open","ping_status":"closed","template":"","meta":[],"product_brand":[],"product_cat":[445],"product_tag":[180,177],"class_list":{"0":"post-7872","1":"product","2":"type-product","3":"status-publish","4":"has-post-thumbnail","6":"product_cat-poncage","7":"product_tag-automotive-fr","8":"product_tag-pieces-dautos","9":"has-post-title","10":"has-post-date","11":"has-post-category","12":"has-post-tag","13":"has-post-comment","14":"has-post-author","15":"","16":"fullcover","18":"first","19":"instock","20":"taxable","21":"shipping-taxable","22":"purchasable","23":"product-type-simple"},"jetpack_sharing_enabled":true,"builder_content":"","_links":{"self":[{"href":"https:\/\/fittingsgo.com\/fr\/wp-json\/wp\/v2\/product\/7872","targetHints":{"allow":["GET"]}}],"collection":[{"href":"https:\/\/fittingsgo.com\/fr\/wp-json\/wp\/v2\/product"}],"about":[{"href":"https:\/\/fittingsgo.com\/fr\/wp-json\/wp\/v2\/types\/product"}],"replies":[{"embeddable":true,"href":"https:\/\/fittingsgo.com\/fr\/wp-json\/wp\/v2\/comments?post=7872"}],"wp:featuredmedia":[{"embeddable":true,"href":"https:\/\/fittingsgo.com\/fr\/wp-json\/wp\/v2\/media\/7871"}],"wp:attachment":[{"href":"https:\/\/fittingsgo.com\/fr\/wp-json\/wp\/v2\/media?parent=7872"}],"wp:term":[{"taxonomy":"product_brand","embeddable":true,"href":"https:\/\/fittingsgo.com\/fr\/wp-json\/wp\/v2\/product_brand?post=7872"},{"taxonomy":"product_cat","embeddable":true,"href":"https:\/\/fittingsgo.com\/fr\/wp-json\/wp\/v2\/product_cat?post=7872"},{"taxonomy":"product_tag","embeddable":true,"href":"https:\/\/fittingsgo.com\/fr\/wp-json\/wp\/v2\/product_tag?post=7872"}],"curies":[{"name":"wp","href":"https:\/\/api.w.org\/{rel}","templated":true}]}}