{"id":7868,"date":"2019-10-17T19:44:19","date_gmt":"2019-10-18T00:44:19","guid":{"rendered":"https:\/\/fittingsgo.com\/product\/pate-a-poncer-perfect-it-ex-3m-946-ml\/"},"modified":"2019-10-22T20:31:26","modified_gmt":"2019-10-23T01:31:26","slug":"pate-a-poncer-perfect-it-ex-3m-946-ml","status":"publish","type":"product","link":"https:\/\/fittingsgo.com\/fr\/produit\/pate-a-poncer-perfect-it-ex-3m-946-ml\/","title":{"rendered":"P\u00e2te \u00e0 poncer Perfect-It EX 3M, 946 ml"},"content":{"rendered":"<p>La p\u00e2te \u00e0 poncer 36060 Perfect-It EX 3M est con\u00e7ue pour enlever les marques de pon\u00e7age de grain P1200 et plus fins \u00e0 l\u2019aide d\u2019un tampon en laine 3M ou d\u2019un tampon en mousse pour application de p\u00e2te 3M. Il est con\u00e7u pour s\u2019utiliser dans une vari\u00e9t\u00e9 de climats, m\u00eame dans des conditions extr\u00eames. Sa formule non granuleuse convient \u00e0 tous les types de peintures automobiles, leur procurant un fini tr\u00e8s fin facile \u00e0 nettoyer.<\/p>\n<div id=\"themify_builder_content-7868\" data-postid=\"7868\" class=\"themify_builder_content themify_builder_content-7868 themify_builder\">\n    <\/div>\n<!-- \/themify_builder_content -->\n","protected":false},"excerpt":{"rendered":"<p>&#8211; Facile \u00e0 utiliser<br \/>\n&#8211; N\u2019adh\u00e8re pas aux panneaux et ne laisse pas de pellicule r\u00e9siduelle dans des conditions extr\u00eames<br \/>\n&#8211; Temps d\u2019action prolong\u00e9 et moins d\u2019\u00e9claboussures<br \/>\n&#8211; Manipulation ais\u00e9e<br \/>\n946 ml<br \/>\nFabriqu\u00e9 par 3M<\/p>\n","protected":false},"featured_media":7867,"comment_status":"open","ping_status":"closed","template":"","meta":[],"product_brand":[],"product_cat":[445],"product_tag":[180,177],"class_list":{"0":"post-7868","1":"product","2":"type-product","3":"status-publish","4":"has-post-thumbnail","6":"product_cat-poncage","7":"product_tag-automotive-fr","8":"product_tag-pieces-dautos","9":"has-post-title","10":"has-post-date","11":"has-post-category","12":"has-post-tag","13":"has-post-comment","14":"has-post-author","15":"","16":"fullcover","18":"first","19":"instock","20":"taxable","21":"shipping-taxable","22":"purchasable","23":"product-type-simple"},"jetpack_sharing_enabled":true,"builder_content":"","_links":{"self":[{"href":"https:\/\/fittingsgo.com\/fr\/wp-json\/wp\/v2\/product\/7868","targetHints":{"allow":["GET"]}}],"collection":[{"href":"https:\/\/fittingsgo.com\/fr\/wp-json\/wp\/v2\/product"}],"about":[{"href":"https:\/\/fittingsgo.com\/fr\/wp-json\/wp\/v2\/types\/product"}],"replies":[{"embeddable":true,"href":"https:\/\/fittingsgo.com\/fr\/wp-json\/wp\/v2\/comments?post=7868"}],"wp:featuredmedia":[{"embeddable":true,"href":"https:\/\/fittingsgo.com\/fr\/wp-json\/wp\/v2\/media\/7867"}],"wp:attachment":[{"href":"https:\/\/fittingsgo.com\/fr\/wp-json\/wp\/v2\/media?parent=7868"}],"wp:term":[{"taxonomy":"product_brand","embeddable":true,"href":"https:\/\/fittingsgo.com\/fr\/wp-json\/wp\/v2\/product_brand?post=7868"},{"taxonomy":"product_cat","embeddable":true,"href":"https:\/\/fittingsgo.com\/fr\/wp-json\/wp\/v2\/product_cat?post=7868"},{"taxonomy":"product_tag","embeddable":true,"href":"https:\/\/fittingsgo.com\/fr\/wp-json\/wp\/v2\/product_tag?post=7868"}],"curies":[{"name":"wp","href":"https:\/\/api.w.org\/{rel}","templated":true}]}}