{"id":7836,"date":"2019-10-16T21:00:39","date_gmt":"2019-10-17T02:00:39","guid":{"rendered":"https:\/\/fittingsgo.com\/product\/tuyau-dessence-submersible\/"},"modified":"2022-10-31T08:15:53","modified_gmt":"2022-10-31T13:15:53","slug":"tuyau-dessence-submersible","status":"publish","type":"product","link":"https:\/\/fittingsgo.com\/fr\/produit\/tuyau-dessence-submersible\/","title":{"rendered":"Tuyau d&#8217;essence submersible"},"content":{"rendered":"<p>\u2022 Con\u00e7u pour un contact constant avec l&#8217;essence (et d&#8217;autres distillats de p\u00e9trole liquides) \u00e0 l&#8217;int\u00e9rieur et \u00e0 l&#8217;ext\u00e9rieur.<br \/>\n\u2022 Excellent pour une utilisation sur les pompes \u00e0 carburant dans le r\u00e9servoir d&#8217;essence.<br \/>\n\u2022 Conforme \u00e0 la sp\u00e9cification SAE 30R10 pour les applications de tuyaux de carburant immerg\u00e9s.<br \/>\n\u2022 Le rev\u00eatement tubulaire en fluoro\u00e9lastom\u00e8re (FKM) r\u00e9siste \u00e0 la perm\u00e9ation des gaz et retarde le vieillissement.<br \/>\n\u2022 Renfort en fibres d\u2019aramide &#8211; la m\u00eame fibre que celle utilis\u00e9e dans les gilets pare-balles et qui est livre-contre-livre<br \/>\nplus fort que l&#8217;acier.<br \/>\n\u2022 Temp\u00e9rature nominale maximale: + 150\u00b0C (+ 302\u00b0F).<br \/>\n27086, 27093, 27097, 27087, 27080, 27081<\/p>\n<div id=\"themify_builder_content-7836\" data-postid=\"7836\" class=\"themify_builder_content themify_builder_content-7836 themify_builder\">\n    <\/div>\n<!-- \/themify_builder_content -->\n","protected":false},"excerpt":{"rendered":"<p>Un tuyau de conduite de carburant ordinaire est con\u00e7u pour g\u00e9rer le carburant \u00e0 l&#8217;int\u00e9rieur uniquement. Le flexible d&#8217;alimentation en carburant submersible Gates d\u00e9passe la norme SAE 30R10 et est capable de g\u00e9rer de l&#8217;essence, de l&#8217;essence allong\u00e9e \u00e0 l&#8217;alcool ou du carburant diesel dans des applications immerg\u00e9es, mobiles, fixes et marines.<br \/>\nFabriqu\u00e9 par Gates<\/p>\n","protected":false},"featured_media":7834,"comment_status":"open","ping_status":"closed","template":"","meta":[],"product_brand":[],"product_cat":[209],"product_tag":[180,189,177],"class_list":{"0":"post-7836","1":"product","2":"type-product","3":"status-publish","4":"has-post-thumbnail","6":"product_cat-tuyaux-de-carburant","7":"product_tag-automotive-fr","8":"product_tag-fournitures-datelier","9":"product_tag-pieces-dautos","10":"has-post-title","11":"has-post-date","12":"has-post-category","13":"has-post-tag","14":"has-post-comment","15":"has-post-author","16":"","17":"fullcover","19":"first","20":"instock","21":"taxable","22":"shipping-taxable","23":"purchasable","24":"product-type-variable"},"jetpack_sharing_enabled":true,"builder_content":"","_links":{"self":[{"href":"https:\/\/fittingsgo.com\/fr\/wp-json\/wp\/v2\/product\/7836","targetHints":{"allow":["GET"]}}],"collection":[{"href":"https:\/\/fittingsgo.com\/fr\/wp-json\/wp\/v2\/product"}],"about":[{"href":"https:\/\/fittingsgo.com\/fr\/wp-json\/wp\/v2\/types\/product"}],"replies":[{"embeddable":true,"href":"https:\/\/fittingsgo.com\/fr\/wp-json\/wp\/v2\/comments?post=7836"}],"wp:featuredmedia":[{"embeddable":true,"href":"https:\/\/fittingsgo.com\/fr\/wp-json\/wp\/v2\/media\/7834"}],"wp:attachment":[{"href":"https:\/\/fittingsgo.com\/fr\/wp-json\/wp\/v2\/media?parent=7836"}],"wp:term":[{"taxonomy":"product_brand","embeddable":true,"href":"https:\/\/fittingsgo.com\/fr\/wp-json\/wp\/v2\/product_brand?post=7836"},{"taxonomy":"product_cat","embeddable":true,"href":"https:\/\/fittingsgo.com\/fr\/wp-json\/wp\/v2\/product_cat?post=7836"},{"taxonomy":"product_tag","embeddable":true,"href":"https:\/\/fittingsgo.com\/fr\/wp-json\/wp\/v2\/product_tag?post=7836"}],"curies":[{"name":"wp","href":"https:\/\/api.w.org\/{rel}","templated":true}]}}